{"id":2163,"date":"2021-06-29T19:22:44","date_gmt":"2021-06-29T19:22:44","guid":{"rendered":"https:\/\/atlanticflywayshorebirds.org\/?page_id=2163"},"modified":"2021-06-29T19:30:47","modified_gmt":"2021-06-29T19:30:47","slug":"compartir-la-costa","status":"publish","type":"page","link":"https:\/\/atlanticflywayshorebirds.org\/es\/compartir-la-costa\/","title":{"rendered":"Compartir la costa"},"content":{"rendered":"<h2>Hogar Dulce Hogar: Un lugar para las Aves y las Personas<\/h2>\n<div id=\"attachment_1289\" style=\"width: 310px\" class=\"wp-caption alignright\"><img loading=\"lazy\" decoding=\"async\" aria-describedby=\"caption-attachment-1289\" class=\"size-medium wp-image-1289\" src=\"https:\/\/atlanticflywayshorebirds.org\/wp-content\/uploads\/2016\/01\/atlantic-flyway-300x300.png\" alt=\"\" width=\"300\" height=\"300\" srcset=\"https:\/\/atlanticflywayshorebirds.org\/wp-content\/uploads\/2016\/01\/atlantic-flyway-300x300.png 300w, https:\/\/atlanticflywayshorebirds.org\/wp-content\/uploads\/2016\/01\/atlantic-flyway-150x150.png 150w, https:\/\/atlanticflywayshorebirds.org\/wp-content\/uploads\/2016\/01\/atlantic-flyway-100x100.png 100w, https:\/\/atlanticflywayshorebirds.org\/wp-content\/uploads\/2016\/01\/atlantic-flyway.png 600w\" sizes=\"auto, (max-width: 300px) 100vw, 300px\" \/><p id=\"caption-attachment-1289\" class=\"wp-caption-text\">Estas aves se enfrentan a muchas amenazas durante la migraci\u00f3n, como la p\u00e9rdida de h\u00e1bitat, la caza, la depredaci\u00f3n, el cambio clim\u00e1tico y las perturbaciones humanas que las alejan del alimento que necesitan para sobrevivir<\/p><\/div>\n<p>En toda la costa Atl\u00e1ntica, a la gente le encanta ir a la playa. El sol, las olas y los recuerdos que creamos con nuestros amigos y familias hacen de la playa un lugar especial. Pescamos, jugamos, volamos cometas, paseamos a nuestros perros y nos relajamos mientras algunos de nuestros animales silvestres m\u00e1s amenazados intentan alimentarse, descansar y criar a sus hijos en las cercan\u00edas. Para las aves playeras, como el Chorlito Silbador (<em>Charadrius melodus<\/em>) y el Playero Rojizo (<em>Calidris canutus<\/em>), y las aves marinas, como el Charr\u00e1n Rosado (<em>Sterna dougallii<\/em>), la playa es su &#8220;hogar, dulce hogar&#8221;. Cada a\u00f1o, mientras acudimos a nuestro destino playero favorito para tomar el sol y divertirnos, las aves playeras y marinas regresan de sus zonas de invernada en el Caribe y Sudam\u00e9rica para comer, descansar, aparearse y criar a sus polluelos en la playa.<\/p>\n<p>La Iniciativa de Aves Playeras del Corredor del Atl\u00e1ntico es una colaboraci\u00f3n de gobiernos, organizaciones no gubernamentales, fundaciones, acad\u00e9micos, cient\u00edficos y administradores de tierras que colaboran para ayudar a reducir las amenazas a las aves playeras y, en \u00faltima instancia, para aumentar las poblaciones de aves playeras que han experimentado una fuerte disminuci\u00f3n en las \u00faltimas d\u00e9cadas. <strong>\u00a1Necesitamos su ayuda para reducir las perturbaciones humanas a las aves que usan la playa!<\/strong> Echa un vistazo a la siguiente informaci\u00f3n para entender por qu\u00e9 la playa es vital para las aves y qu\u00e9 puedes hacer para proteger sus \u00e1reas de alimentaci\u00f3n, descanso y anidaci\u00f3n.<\/p>\n<div class=\"x-resp-embed x-is-video x-is-youtube\"><iframe loading=\"lazy\" title=\"Hogar Dulce Hogar: Un lugar para las Aves y las Personas\" width=\"742\" height=\"417\" src=\"https:\/\/www.youtube.com\/embed\/bMxgUrAn6EY?feature=oembed\" frameborder=\"0\" allow=\"accelerometer; autoplay; clipboard-write; encrypted-media; gyroscope; picture-in-picture\" allowfullscreen><\/iframe><\/div>\n<h3>Las Aves Tienen Beb\u00e9s Aqu\u00ed<\/h3>\n<p>Mientras que las personas pueden comer en cualquier momento del d\u00eda, las aves que usan la playa tienen un tiempo limitado para comer a medida que la marea baja y deja al descubierto la comida en la orilla y en las marismas. Cuando molestamos a las aves que se alimentan, las alejamos de lo que necesitan para sobrevivir: comida y un lugar para descansar. Imagina que estuvieras hambriento y cansado, y que fuerzas ajenas a tu voluntad te alejaran de la comida todo el d\u00eda, y que ning\u00fan lugar te pareciera seguro para descansar.<\/p>\n<h3>Viajeros de Larga Distancia<\/h3>\n<p>Las personas y la fauna pueden compartir la playa. Al igual que usted viene aqu\u00ed a relajarse, muchas aves se detienen en esta playa para descansar y recargar energ\u00eda durante la migraci\u00f3n mientras vuelan entre las zonas de anidaci\u00f3n en el \u00c1rtico y las zonas de invernada en Am\u00e9rica del Sur. Est\u00e9 atento a las bandadas de aves que duermen o descansan y mantenga la distancia para que ambos puedan salir de aqu\u00ed relajados y bien descansados. Echa un vistazo a esta genial infograf\u00eda que muestra el largo viaje migratorio del Playero Rojizo (Calidris canutus).<\/p>\n<div class=\"x-resp-embed x-is-video x-is-youtube\"><iframe loading=\"lazy\" title=\"Hogar Dulce Hogar: Un lugar para las Aves y las Personas (Perturbaciones durante la migraci\u00f3n)\" width=\"742\" height=\"417\" src=\"https:\/\/www.youtube.com\/embed\/aLsekL0byDk?feature=oembed\" frameborder=\"0\" allow=\"accelerometer; autoplay; clipboard-write; encrypted-media; gyroscope; picture-in-picture\" allowfullscreen><\/iframe><\/div>\n<h3>Las Aves Tienen Beb\u00e9s Aqu\u00ed<\/h3>\n<p>Algunas aves, como el Chorlito Silbador, s\u00f3lo pueden criar a sus polluelos en la playa. Con la creciente demanda de nuestras playas hay menos lugares para que aniden. Cuando lo hacen, sus nidos y polluelos est\u00e1n camuflados y son dif\u00edciles de ver, por lo que se protegen con se\u00f1ales y vallas de cuerda. La protecci\u00f3n de las zonas de anidaci\u00f3n tambi\u00e9n beneficia a las tortugas marinas, charranes o gaviotines, Ostreros Americanos (<em>Haematopus palliatus<\/em>) y Rayadores Negros (<em>Rynchops niger<\/em>), entre otros animales.<\/p>\n<h3>Los Perros y las Personas Pueden Asustar a las Aves<\/h3>\n<p>Incluso los buenos perros y las personas responsables pueden asustar a las aves que usan la playa. TODOS los perros son vistos como depredadores y estas aves de playa entran en p\u00e1nico cuando un perro o una persona se acerca a su nido o a sus polluelos. Todo perro es percibido como una amenaza, sin importar su tama\u00f1o o edad. Los perros y las personas pueden hacer que las aves de playa abandonen sus huevos, dejen de alimentarse y gasten tiempo y energ\u00eda valiosos haciendo exhibiciones de distracci\u00f3n.<\/p>\n<div class=\"x-resp-embed x-is-video x-is-youtube\"><iframe loading=\"lazy\" title=\"Hogar Dulce Hogar: Un lugar para las Aves y las Personas (Molestias causadas por los perros)\" width=\"742\" height=\"417\" src=\"https:\/\/www.youtube.com\/embed\/sykbvxH4Y0M?feature=oembed\" frameborder=\"0\" allow=\"accelerometer; autoplay; clipboard-write; encrypted-media; gyroscope; picture-in-picture\" allowfullscreen><\/iframe><\/div>\n","protected":false},"excerpt":{"rendered":"<p>Hogar Dulce Hogar: Un lugar para las Aves y las Personas En toda la costa Atl\u00e1ntica, a la gente le encanta ir a la playa. El sol, las olas y los recuerdos que creamos con nuestros amigos y familias hacen de la playa un lugar especial. Pescamos, jugamos, volamos cometas, paseamos a nuestros perros y nos relajamos mientras algunos de &#8230; <\/p>\n<div><a href=\"https:\/\/atlanticflywayshorebirds.org\/es\/compartir-la-costa\/\" class=\"more-link\">Read More<\/a><\/div>\n","protected":false},"author":1,"featured_media":2154,"parent":0,"menu_order":0,"comment_status":"closed","ping_status":"closed","template":"","meta":{"footnotes":""},"class_list":["post-2163","page","type-page","status-publish","has-post-thumbnail","hentry"],"_links":{"self":[{"href":"https:\/\/atlanticflywayshorebirds.org\/es\/wp-json\/wp\/v2\/pages\/2163","targetHints":{"allow":["GET"]}}],"collection":[{"href":"https:\/\/atlanticflywayshorebirds.org\/es\/wp-json\/wp\/v2\/pages"}],"about":[{"href":"https:\/\/atlanticflywayshorebirds.org\/es\/wp-json\/wp\/v2\/types\/page"}],"author":[{"embeddable":true,"href":"https:\/\/atlanticflywayshorebirds.org\/es\/wp-json\/wp\/v2\/users\/1"}],"replies":[{"embeddable":true,"href":"https:\/\/atlanticflywayshorebirds.org\/es\/wp-json\/wp\/v2\/comments?post=2163"}],"version-history":[{"count":10,"href":"https:\/\/atlanticflywayshorebirds.org\/es\/wp-json\/wp\/v2\/pages\/2163\/revisions"}],"predecessor-version":[{"id":2177,"href":"https:\/\/atlanticflywayshorebirds.org\/es\/wp-json\/wp\/v2\/pages\/2163\/revisions\/2177"}],"wp:featuredmedia":[{"embeddable":true,"href":"https:\/\/atlanticflywayshorebirds.org\/es\/wp-json\/wp\/v2\/media\/2154"}],"wp:attachment":[{"href":"https:\/\/atlanticflywayshorebirds.org\/es\/wp-json\/wp\/v2\/media?parent=2163"}],"curies":[{"name":"wp","href":"https:\/\/api.w.org\/{rel}","templated":true}]}}