{"id":531,"date":"2016-01-19T18:21:22","date_gmt":"2016-01-19T18:21:22","guid":{"rendered":"http:\/\/atlanticflywayshorebirds.org\/es\/?page_id=531"},"modified":"2020-03-13T18:52:48","modified_gmt":"2020-03-13T18:52:48","slug":"demo-home","status":"publish","type":"page","link":"https:\/\/atlanticflywayshorebirds.org\/es\/","title":{"rendered":"Home"},"content":{"rendered":"<div id=\"cs-content\" class=\"cs-content\"><\/div>\n","protected":false},"excerpt":{"rendered":"<p>Conservaci\u00f3n Cooperativa de Aves Playerasel corredor del atl\u00e1ntico Las aves playeras cruzan miles de kil\u00f3metros cada a\u00f1o, desde la est\u00e9ril tundra \u00e1rtica hasta las playas barridas por el viento en la isla de Tierra del Fuego, en el hemisferio sur. La mayor\u00eda de las aves playeras que se reproducen en Alaska y Canad\u00e1 pasan su per\u00edodo no reproductivo en los &#8230; <\/p>\n<div><a href=\"https:\/\/atlanticflywayshorebirds.org\/es\/se-llevo-a-cabo-el-primer-taller-para-el-plan-argentino-para-la-conservacion-de-aves-playeras\/\" class=\"more-link\">Read More<\/a><\/div>\n","protected":false},"author":1,"featured_media":0,"parent":0,"menu_order":0,"comment_status":"open","ping_status":"open","template":"template-blank-4.php","meta":{"footnotes":""},"class_list":["post-531","page","type-page","status-publish","hentry","no-post-thumbnail"],"_links":{"self":[{"href":"https:\/\/atlanticflywayshorebirds.org\/es\/wp-json\/wp\/v2\/pages\/531","targetHints":{"allow":["GET"]}}],"collection":[{"href":"https:\/\/atlanticflywayshorebirds.org\/es\/wp-json\/wp\/v2\/pages"}],"about":[{"href":"https:\/\/atlanticflywayshorebirds.org\/es\/wp-json\/wp\/v2\/types\/page"}],"author":[{"embeddable":true,"href":"https:\/\/atlanticflywayshorebirds.org\/es\/wp-json\/wp\/v2\/users\/1"}],"replies":[{"embeddable":true,"href":"https:\/\/atlanticflywayshorebirds.org\/es\/wp-json\/wp\/v2\/comments?post=531"}],"version-history":[{"count":79,"href":"https:\/\/atlanticflywayshorebirds.org\/es\/wp-json\/wp\/v2\/pages\/531\/revisions"}],"predecessor-version":[{"id":1758,"href":"https:\/\/atlanticflywayshorebirds.org\/es\/wp-json\/wp\/v2\/pages\/531\/revisions\/1758"}],"wp:attachment":[{"href":"https:\/\/atlanticflywayshorebirds.org\/es\/wp-json\/wp\/v2\/media?parent=531"}],"curies":[{"name":"wp","href":"https:\/\/api.w.org\/{rel}","templated":true}]}}