{"id":571,"date":"2016-03-27T14:30:25","date_gmt":"2016-03-27T14:30:25","guid":{"rendered":"http:\/\/atlanticflywayshorebirds.org\/es\/?page_id=571"},"modified":"2016-04-22T20:15:35","modified_gmt":"2016-04-22T20:15:35","slug":"acerca-de","status":"publish","type":"page","link":"https:\/\/atlanticflywayshorebirds.org\/es\/acerca-de\/","title":{"rendered":"Acerca de"},"content":{"rendered":"<p>Cada a\u00f1o numerosas aves playeras, luego de criar en la tundra \u00e1rtica de Canad\u00e1, van a pasar el invierno boreal en las costas orientales de Am\u00e9rica del Sur, deteni\u00e9ndose en una serie de sitios cr\u00edticos a lo largo de las playas del este de los Estados Unidos. Estas migraciones cubren miles de kil\u00f3metros de ida y vuelta. Especies como Calidris canutus  recorren m\u00e1s de 30.000 kil\u00f3metros en su migraci\u00f3n anual. A veces deben volar miles de kil\u00f3metros sin parar, incluso sobre el oc\u00e9ano. En sus viajes se enfrentan a numerosas amenazas, la mayor\u00eda causadas por los seres humanos.<\/p>\n<p>Mientras que las amenazas pueden variar, cada sitio tiene un papel cr\u00edtico en la supervivencia de las aves playeras. Por lo tanto, la conservaci\u00f3n eficaz requiere un enfoque de amplio alcance para identificar y reducir las amenazas a lo largo de su ruta. Para ser realmente eficaz, este enfoque debe coordinar la investigaci\u00f3n, la conservaci\u00f3n y gesti\u00f3n de los esfuerzos de muchos grupos a trav\u00e9s de m\u00faltiples fronteras pol\u00edticas y contar con recursos consolidados. S\u00f3lo con el enfoque de colaboraci\u00f3n a gran escala podemos revertir las graves declinaciones  que estamos presenciando en muchas de nuestras poblaciones de aves playeras.<\/p>\n<h2>De la estrategia a la Iniciativa Empresarial<\/h2>\n<p><img loading=\"lazy\" decoding=\"async\" class=\"alignleft size-medium wp-image-419\" src=\"http:\/\/atlanticflywayshorebirds.org\/wp-content\/uploads\/2016\/01\/business-plan-tn-223x300.jpg\" alt=\"business-plan-tn\" width=\"223\" height=\"300\" srcset=\"https:\/\/atlanticflywayshorebirds.org\/wp-content\/uploads\/2016\/01\/business-plan-tn-223x300.jpg 223w, https:\/\/atlanticflywayshorebirds.org\/wp-content\/uploads\/2016\/01\/business-plan-tn-100x135.jpg 100w, https:\/\/atlanticflywayshorebirds.org\/wp-content\/uploads\/2016\/01\/business-plan-tn.jpg 300w\" sizes=\"auto, (max-width: 223px) 100vw, 223px\" \/><\/p>\n<p>El desarrollo de la Iniciativa de Aves Playeras del Corredor del Atl\u00e1ntico culmin\u00f3 un esfuerzo de varios a\u00f1os que involucr\u00f3 a numerosos actores a lo largo de toda la ruta migratoria del Atl\u00e1ntico \u2013 desde Alaska a Argentina \u2013 para hacer frente a la disminuci\u00f3n de las aves playeras. La iniciativa surgi\u00f3 para proteger el ciclo de vida completo  en la Ruta Atl\u00e1ntica. El  Plan de Negocios para Aves Playeras fue publicado en febrero de 2015. Este hito  representa el conjunto completo de las estrategias y acciones necesarias para la conservaci\u00f3n de 15 aves playeras en el Corredor Atl\u00e1ntico. Con la publicaci\u00f3n de su plan de trabajo, AFSI esta ahora lista para pasar de un esfuerzo ad-hoc de un grupo de individuos altamente productivos, dedicados a la conservaci\u00f3n de aves playeras, organizados de manera algo imprecisa, a ser una iniciativa con una estructura m\u00e1s formal. Esta estructura est\u00e1 destinada a poner en pr\u00e1ctica el plan de negocios de una manera m\u00e1s abierta y transparente, para mejorar la comunicaci\u00f3n y la eficacia de las acciones, y para ayudar a favorecer la acci\u00f3n de los individuos para efectuar el cambio en las tendencias de las poblaciones de aves playeras en la ruta migratoria del Atl\u00e1ntico.<\/p>\n<h4>Descargar Plan de Negocios Resumen Ejecutivo<\/h4>\n<ul>\n<li><a href=\"\/wp-content\/themes\/shorebird\/assets\/documents\/AFSI-executive-summary-final.pdf\">Ingl\u00e9s<\/a><\/li>\n<li><a href=\"\/wp-content\/themes\/shorebird\/assets\/documents\/AFSI-executive-summary-french.pdf\">Franc\u00e9s<\/a><\/li>\n<li><a href=\"\/wp-content\/themes\/shorebird\/assets\/documents\/AFSI-executive-summary-portugese.pdf\">Portugu\u00e9s<\/a><\/li>\n<li><a href=\"\/wp-content\/themes\/shorebird\/assets\/documents\/AFSI-executive-summary-spanish.pdf\">Espa\u00f1ol<\/a><\/li>\n<\/ul>\n<hr \/>\n<h2>Comit\u00e9 Ejecutivo<\/h2>\n<p>AFSI est\u00e1 codirigida por el Director de Conservaci\u00f3n de Aves de la National Fish and Wildlife Foundation, y el Jefe de la Subdivisi\u00f3n de Poblaciones, Aves Migratorias, regi\u00f3n Nordeste, del US Fish and Wildlife Service. Ambos han nombrado a un Comit\u00e9 Ejecutivo, dise\u00f1ado para ser un grupo de supervisi\u00f3n y facilitaci\u00f3n en la implementaci\u00f3n de AFSI y su Plan de Negocios. Un componente cr\u00edtico del Comit\u00e9 Ejecutivo es asegurar la coordinaci\u00f3n de todos los grupos y actividades para eliminar la superposici\u00f3n o duplicaci\u00f3n de esfuerzos. Este grupo ayudar\u00e1 a generar nuevas ideas, enfoques, socios, y va a responder a las nuevas cuestiones o controversias relacionadas con AFSI.<\/p>\n<div  class=\"x-column x-sm x-1-2\" style=\"\" >\n<strong>Scott Johnston<\/strong><br \/>\nUSFWS, Division of Migratory Birds, Chief of Populations Branch<br \/>\n<a href=\"mailto:scott_johnston@fws.gov\">scott_johnston@fws.gov<\/a><\/p>\n<p><strong>Brad Andres<\/strong><br \/>\nUSFWS, National Coordinator, U.S. Shorebird Conservation Plan<br \/>\n<a href=\"mailto:brad_andres@fws.gov\">brad_andres@fws.gov<\/a><\/p>\n<p><strong>Stephen Brown<\/strong><br \/>\nManomet, Vice President of Shorebird Conservation<br \/>\n<a href=\"mailto:sbrown@manomet.org\">sbrown@manomet.org<\/a><\/p>\n<p><strong>Pierrick Bocher<\/strong><br \/>\nUniversity of La Rochelle<br \/>\n<a href=\"mailto:pierrick.bocher@univ-lr.fr\">pierrick.bocher@univ-lr.fr<\/a><\/p>\n<p><strong>Mirta Carbajal<\/strong><br \/>\nFundaci\u00f3n Inalafquen, President &amp; Argentine Council of Western Hemisphere Shorebird Reserve Network<br \/>\n<a href=\"mailto:diapontia@gmail.com\">diapontia@gmail.com<\/a><\/p>\n<p><strong>Rob Clay<\/strong><br \/>\nDirector of the Executive Office of WHSRN<br \/>\n<a href=\"mailto:rclay@manomet.org\">rclay@manomet.org<\/a><\/p>\n<p><strong>Ian Davidson<\/strong><br \/>\nNational Fish &amp; Wildlife Foundation, Bird Conservation Director<br \/>\n<a href=\"mailto:Ian.Davidson@nfwf.org\">Ian.Davidson@nfwf.org<\/a><br \/>\n<\/div>\n<div  class=\"x-column x-sm x-1-2 last\" style=\"\" >\n<strong>Garry Donaldson<\/strong><br \/>\nManager, Migratory Birds and Habitat Conservation, Canadian Wildlife Service, Atlantic Region <a href=\"mailto:garry.donaldson@canada.ca\">garry.donaldson@canada.ca<\/a><\/p>\n<p><strong>Walker Golder<\/strong><br \/>\nAudubon North Carolina, Deputy State Director<br \/>\n<a href=\"mailto:wgolder@audubon.org\">wgolder@audubon.org<\/a><\/p>\n<p><strong>Patricia Maria Gonzalez<\/strong><br \/>\nSouth American Shorebird Coordinator<br \/>\nInternational Conservation Fund of Canada &amp; Coord. Programa Humedales Fundaci\u00f3n Inalafquen<br \/>\n<a href=\"mailto:ccanutus@gmail.com\">ccanutus@gmail.com<\/a><\/p>\n<p><strong>David Mizrahi<\/strong><br \/>\nNew Jersey Audubon, Vice-president, Research and Monitoring<br \/>\n<a href=\"mailto:david.mizrahi@njaudubon.org\">david.mizrahi@njaudubon.org<\/a><\/p>\n<p><strong>Danielle Paludo<\/strong><br \/>\nICMBio, Centro Nacional para Pesquisa e Conserva\u00e7\u00e3o de Aves Silvestres &#8211; CEMAVE, Coord. PAN Aves Lim\u00edcolas Migrat\u00f3rias<br \/>\n<a href=\"mailto:danielle.paludo@icmbio.gov.br\">danielle.paludo@icmbio.gov.br<\/a><\/p>\n<p><strong>Lisa Sorenson<\/strong><br \/>\nExecutive Director, BirdsCaribbean<br \/>\n<a href=\"mailto:Lsoren@bu.edu\">Lsoren@bu.edu<\/a><\/p>\n<p><strong>David Wege<\/strong><br \/>\nBirdLife International, Senior Conservation Manager<br \/>\n<a href=\"mailto:David.Wege@birdlife.org\">David.Wege@birdlife.org<\/a><br \/>\n<\/div>\n<hr  class=\"x-clear\" >\n<h3>Equipo Central<\/h3>\n<div  class=\"x-column x-sm x-1-2\" style=\"\" ><strong>Pamela Loring<\/strong><br \/>\nUSFWS, Shorebird Biologist<br \/>\n<a href=\"mailto:pamela_loring@fws.gov\">pamela_loring@fws.gov<\/a><\/div>\n<div  class=\"x-column x-sm x-1-2 last\" style=\"\" ><strong>Debra Reynolds<\/strong><br \/>\nUSFWS, Division of Migratory Birds, Communication Coordinator<br \/>\n<a href=\"mailto:debra_reynolds@fws.gov\">debra_reynolds@fws.gov<\/a><\/div>\n<hr  class=\"x-clear\" >\n<hr \/>\n<h2>Grupos de Trabajo<\/h2>\n<p>Para ayudar a guiar e implementar proyectos que logren alcanzar los ambiciosos objetivos de esta inciativa asociada, se han creado varios grupos de trabajo. Para sumarse, contacte a los l\u00edderes de estos grupos! <\/p>\n<ul>\n<li><strong>H\u00e1bitat<\/strong> &#8211; Walker Golder (<a href=\"mailto:wgolder@audubon.org\">wgolder@audubon.org<\/a>), and Sara Schweitzer (sara.schweitzer@ncwildlife.org)<\/li>\n<li><strong>Alianzas para el Corredor<\/strong> &#8211; Rob Clay (<a href=\"mailto:rclay@manomet.org\">rclay@manomet.org<\/a>)<\/li>\n<li><strong>Recursos\/Financiamiento<\/strong> &#8211; Scott Johnston (<a href=\"mailto:scott_johnston@fws.gov\">scott_johnston@fws.gov<\/a>)<\/li>\n<li><strong>Comunicacione<\/strong> &#8211; Deb Reynolds (<a href=\"mailto:debra_reynolds@fws.gov\">debra_reynolds@fws.gov<\/a>)<\/li>\n<li><strong>Monitoreo<\/strong> &#8211; Stephen Brown (<a href=\"mailto:sbrown@manomet.org\">sbrown@manomet.org<\/a>)<\/li>\n<li><strong>Caza<\/strong> &#8211; Brad Andres (<a href=\"mailto:brad_andres@fws.gov\">brad_andres@fws.gov<\/a>) and David Mizrahi (<a href=\"mailto:david.mizrahi@njaudubon.org\">david.mizrahi@njaudubon.org<\/a>)<\/li>\n<\/ul>\n<hr \/>\n<h2>Nuestros Socios<\/h2>\n<ul>\n<li><a href=\"http:\/\/abcbirds.org\/\" target=\"_blank\">American Bird Conservancy<\/a><\/li>\n<li><a href=\"http:\/\/www.antiochcollege.org\/\" target=\"_blank\">Antioch College<\/a><\/li>\n<li><a href=\"http:\/\/www.fishwildlife.org\/\" target=\"_blank\">Association of Fish &#038; Wildlife Agencies<\/a><\/li>\n<li><a href=\"http:\/\/acjv.org\/\" target=\"_blank\">Atlantic Coast Joint Venture<\/a><\/li>\n<li><a href=\"http:\/\/www.avesargentinas.org.ar\/\" target=\"_blank\">Aves Argentinas<\/a><\/li>\n<li><a href=\"http:\/\/www.avesuruguay.org.uy\" target=\"_blank\">Aves Uraguay<\/a><\/li>\n<li><a href=\"www.aquasis.org\" target=\"_blank\">AQUASIS &#8211; Associa\u00e7\u00e3o de Pesquisa e Preserva\u00e7\u00e3o de Ecossistemas Aqu\u00e1ticos<\/a><\/li>\n<li><a href=\"http:\/\/www.bnt.bs\/\" target=\"_blank\">Bahamas National Trust<\/a><\/li>\n<li><a href=\"http:\/\/www.briloon.org\/\" target=\"_blank\">Biodiversity Research Institute<\/a><\/li>\n<li><a href=\"http:\/\/bsc-eoc.org\/\" target=\"_blank\">Bird Studies Canada<\/a><\/li>\n<li><a href=\"http:\/\/www.birdlife.org\/news\/tag\/caribbean-program\" target=\"_blank\">Birdlife International, Caribbean Programme<\/a><\/li>\n<li><a href=\"http:\/\/www.birdlife.org\/americas\" target=\"_blank\">Birdlife International, Americas<\/a><\/li>\n<li><a href=\"http:\/\/www.birdscaribbean.org\/\" target=\"_blank\">BirdsCaribbean<\/a><\/li>\n<li><a href=\"ww.calidris.org.co\" target=\"_blank\">CALIDRIS<\/a><\/li>\n<li><a href=\"http:\/\/www.ec.gc.ca\/\" target=\"_blank\">Canadian Wildlife Service<\/a><\/li>\n<li><a href=\"ccamngo@gmail.com\" target=\"_blank\">Caribbean Coastal Area Management Foundation<\/a><\/li>\n<li><a href=\"http:\/\/www.ccbbirds.org\/\" target=\"_blank\">Center for Conservation Biology<\/a><\/li>\n<li><a href=\"http:\/\/www.fws.gov\/refuge\/chincoteague\/\" target=\"_blank\">Chincoteague National Wildlife Refuge<\/a><\/li>\n<li><a href=\"http:\/\/www.clemson.edu\/\" target=\"_blank\">Clemson University<\/a><\/li>\n<li><a href=\"https:\/\/www.facebook.com\/CoastalBirdConservation\" target=\"_blank\">Coastal Bird Conservation<\/a><\/li>\n<li><a href=\"http:\/\/www.ct.gov\/deep\/cwp\/view.asp?a=2723&#038;q=325726&#038;deepNav_GID=1655\" target=\"_blank\">Connecticut Department of Energy &#038; Environmental Protection<\/a><\/li>\n<li><a href=\"http:\/\/www.conservewildlifenj.org\/\" target=\"_blank\">Conserve Wildlife<\/a><\/li>\n<li><a href=\"http:\/\/www.birds.cornell.edu\/Page.aspx?pid=1478#\" target=\"_blank\">Cornell Lab of Ornithology<\/a><\/li>\n<li><a href=\"http:\/\/www.dnrec.delaware.gov\/fw\/Pages\/DFW-Portal.aspx\" target=\"_blank\">Delaware Division of Fish &#038; Wildlife<\/a><\/li>\n<li><a href=\"www.gov.tc\/dema\" target=\"_blank\">Department of Environment and Maritime Affairs, Turks and Caicos Islands Government<\/a><\/li>\n<li><a href=\"http:\/\/www.fws.gov\/refuge\/Great_Meadows\/About_the_Complex.html\" target=\"_blank\">Eastern Massachusetts National Wildlife Refuge Complex<\/a><\/li>\n<li><a href=\"http:\/\/www.fws.gov\/refuge\/eastern_shore_of_virginia\/\" target=\"_blank\">Eastern Shore of Virginia National Wildlife Refuge<\/a><\/li>\n<li><a href=\"http:\/\/www.fws.gov\/refuge\/Edwin_B_Forsythe\/\" target=\"_blank\">Edwin B. Forsythe National Wildlife Refuge<\/a><\/li>\n<li><a href=\"https:\/\/www.canada.ca\/en\/environment-climate-change.html\" target=\"_blank\">Environment and Climate Change Canada<\/a><\/li>\n<li><a href=\"www.rookerybay.org\" target=\"_blank\">Florida Department of Environmental Protection, Rookery Bay National Estuarine Research Reserve<\/a><\/li>\n<li><a href=\"http:\/\/myfwc.com\/\" target=\"_blank\">Florida Fish &#038; Wildlife Conservation Commission<\/a><\/li>\n<li><a href=\"http:\/\/www.dep.state.fl.us\/parks\/\" target=\"_blank\">Florida Park Service<\/a><\/li>\n<li><a href=\"www.FLShorebirdAlliance.org\" target=\"_blank\">Florida Shorebird Alliance to your list<\/a><\/li>\n<li><a href=\"www.mamiferosaquaticos.org.br\" target=\"_blank\">Funda\u00e7\u00e3o Mam\u00edferos Aqu\u00e1ticos<\/a><\/li>\n<li><a href=\"https:\/\/www.facebook.com\/Fundacion-Inalafquen-150422954977075\/?fref=ts\" target=\"_blank\">Fundaci\u00f3n Inalafquen<\/a><\/li>\n<li><a href=\"http:\/\/georgiawildlife.com\/\" target=\"_blank\">Georgia Wildlife Resources Division<\/a><\/li>\n<li><a href=\"http:\/\/www.goldenrod.org\/\" target=\"_blank\">Goldenrod Foundation<\/a><\/li>\n<li><a href=\"http:\/\/www.fws.gov\/refuge\/Great_Bay\/\" target=\"_blank\">Great Bay National Wildlife Refuge<\/a><\/li>\n<li><a href=\"http:\/\/www.gepog.org\/\" target=\"_blank\">Groupe d&#8217;\u00e9tude et de protection des oiseaux en Guyane (GEPOG) NGO studying and protecting birds in French Guiana<\/a><\/li>\n<li><a href=\"http:\/\/www.icmbio.gov.br\/cemave\/\" target=\"_blank\">ICMBio &#8211; Centro Nacional de Pesquisa e Conserva\u00e7\u00e3o de Aves Silvestres<\/a><\/li>\n<li><a href=\"http:\/\/www.icfcanada.org\" target=\"_blank\">International Conservation Fund of Canada<\/a><\/li>\n<li><a href=\"http:\/\/www.birding-guadeloupe.com\/\" target=\"_blank\">Levesque Birding Enterprise<\/a><\/li>\n<li><a href=\"http:\/\/www.maine.gov\/ifw\/\" target=\"_blank\">Maine Department of Inland Fish &#038; Wildlife<\/a><\/li>\n<li><a href=\"https:\/\/www.manomet.org\/\" target=\"_blank\">Manomet<\/a><\/li>\n<li><a href=\"http:\/\/dnr2.maryland.gov\/Pages\/default.aspx\" target=\"_blank\">Maryland Department of Natural Resources<\/a><\/li>\n<li><a href=\"http:\/\/www.mass.gov\/eea\/agencies\/dfg\/dfw\/\" target=\"_blank\">Massachusetts Division of Fisheries &#038; Wildlife<\/a><\/li>\n<li><a href=\"http:\/\/www.massaudubon.org\/\" target=\"_blank\">Massachusetts Audubon Society<\/a><\/li>\n<li><a href=\"http:\/\/www.mass.gov\/eea\/agencies\/dfg\/dfw\/\" target=\"_blank\">Massachusetts Division of Fish &#038; Wildlife<\/a><\/li>\n<li><a href=\"http:\/\/www.fws.gov\/refuge\/Monomoy\/\" target=\"_blank\">Monomoy National Wildlife Refuge<\/a><\/li>\n<li><a href=\"http:\/\/www.audubon.org\/\" target=\"_blank\">National Audubon Society<\/a><\/li>\n<li><a href=\"http:\/\/www.nfwf.org\/Pages\/default.aspx\" target=\"_blank\">National Fish and Wildlife Foundation<\/a><\/li>\n<li><a href=\"http:\/\/naturecanada.ca\/\" target=\"_blank\">Nature Canada<\/a><\/li>\n<li><a href=\"http:\/\/www.nhaudubon.org\/\" target=\"_blank\">New Hampshire Audubon Society<\/a><\/li>\n<li><a href=\"http:\/\/www.njaudubon.org\/\" target=\"_blank\">New Jersey Audubon<\/a><\/li>\n<li><a href=\"http:\/\/www.state.nj.us\/dep\/fgw\/\" target=\"_blank\">New Jersey Division of Fish &#038; Wildlife<\/a><\/li>\n<li><a href=\"http:\/\/www.nycaudubon.org\/\" target=\"_blank\">New York City Audubon<\/a><\/li>\n<li><a href=\"http:\/\/www.ncwildlife.org\/\" target=\"_blank\">North Carolina Wildlife Resources Commission<\/a><\/li>\n<li><a href=\"http:\/\/www.oncfs.gouv.fr\/Outre-mer-region36\" target=\"_blank\">Office National de la Chasse et de la Faune Sauvage (Overseas Region)<\/a><\/li>\n<li><a href=\"http:\/\/pnr-martinique.com\/\" target=\"_blank\">Parc Naturel R\u00e9gional de la Martinique<\/a><\/li>\n<li><a href=\"http:\/\/www.fws.gov\/refuge\/parker_river\/\" target=\"_blank\">Parker River National Wildlife Refuge<\/a><\/li>\n<li><a href=\"http:\/\/www.fws.gov\/refuge\/rachel_carson\/\" target=\"_blank\">Rachel Carson National Wildlife Refuge<\/a><\/li>\n<li><a href=\"http:\/\/drna.gobierno.pr\/\" target=\"_blank\">Puerto Rico Department of Natural and Environmental Resources<\/a><\/li>\n<li><a href=\"www.stpeteaudubon.org\" target=\"_blank\">St. Petersburg Audubon Society<\/a><\/li>\n<li><a href=\"www.sccf.org\" target=\"_blank\">Sanibel Captiva Conservation Foundation<\/a><\/li>\n<li><a href=\"http:\/\/www.savebrasil.org.br\" target=\"_blank\">SAVE Brazil<\/a><\/li>\n<li><a href=\"https:\/\/shorebirdconservationtrust.wordpress.com\/\" target=\"_blank\">Shorebird Conservation Trust, Barbados<\/a><\/li>\n<li><a href=\"http:\/\/sc.audubon.org\/\" target=\"_blank\">South Carolina Audubon Society<\/a><\/li>\n<li><a href=\"http:\/\/www.dnr.sc.gov\/\" target=\"_blank\">South Carolina Department of Natural Resources<\/a><\/li>\n<li><a href=\"http:\/\/www.fws.gov\/r5snep\/\" target=\"_blank\">Southern New England-New York Bight Coastal Program<\/a><\/li>\n<li><a href=\"http:\/\/www.ccbbirds.org\/\" target=\"_blank\">The Center for Conservation Biology<\/a><\/li>\n<li><a href=\"http:\/\/www.stinasu.sr\/\" target=\"_blank\">Stichting Naatuurbehoud in Suriname<\/a><\/li>\n<li><a href=\"http:\/\/www.nature.org\/\" target=\"_blank\">The Nature Conservancy<\/a><\/li>\n<li><a href=\"http:\/\/www.tufts.edu\/\" target=\"_blank\">Tufts University<\/a><\/li>\n<li><a href=\"https:\/\/www.uaa.alaska.edu\/ges\/\" target=\"_blank\">University of Alaska Anchorage, Geography and Environmental Studies<\/a><\/li>\n<li><a href=\"http:\/\/www.uark.edu\/\" target=\"_blank\">University of Arkansas<\/a><\/li>\n<li><a href=\"http:\/\/uconn.edu\/\" target=\"_blank\">University of Connecticut<\/a><\/li>\n<li><a href=\"http:\/\/lienss.univ-larochelle.fr\/\" target=\"_blank\">University of La Rochelle, Littoral Environnement et Soci\u00e9t\u00e9s<\/a><\/li>\n<li><a href=\"https:\/\/umaine.edu\/\" target=\"_blank\">University of Maine<\/a><\/li>\n<li><a href=\"http:\/\/www.massachusetts.edu\/\" target=\"_blank\">University of Massachusetts<\/a><\/li>\n<li><a href=\"http:\/\/www.usace.army.mil\/\" target=\"_blank\">US Army Corps of Engineers<\/a><\/li>\n<li><a href=\"https:\/\/www.aphis.usda.gov\/wps\/portal\/aphis\/ourfocus\/wildlifedamage\" target=\"_blank\">USDA Animal and Plant Health Inspection Service<\/a><\/li>\n<li><a href=\"http:\/\/www.fws.gov\/southeast\/birds\/\" target=\"_blank\">USFWS &#8211; Region 4 Division of Migratory Birds<\/a><\/li>\n<li><a href=\"http:\/\/www.fws.gov\/northeast\/migratorybirds\/\" target=\"_blank\">USFWS &#8211; Region 5 Division of Migratory Birds<\/a><\/li>\n<li><a href=\"http:\/\/www.fws.gov\/refuge\/patuxent\/\" target=\"_blank\">USFWS Patuxent<\/a><\/li>\n<li><a href=\"http:\/\/www.fws.gov\/Refuges\/NaturalResourcePC\/wildlifeHealth.html\" target=\"_blank\">USFWS National Avian Health\/Disease Program<\/a><\/li>\n<li><a href=\"http:\/\/www.fws.gov\/r5snep\/\" target=\"_blank\">USFWS Rhode Island Ecological Services Field Office<\/a><\/li>\n<li><a href=\"http:\/\/www.fws.gov\/northeast\/ecologicalservices\/coastal.html\" target=\"_blank\">USFWS Coastal Program<\/a><\/li>\n<li><a href=\"http:\/\/www.fws.gov\/delawarebay\/\" target=\"_blank\">USFWS Delaware Bay Estuary Project<\/a><\/li>\n<li><a href=\"http:\/\/www.fws.gov\/birds\/index.php\" target=\"_blank\">USFWS Migratory Bird Program<\/a><\/li>\n<li><a href=\"http:\/\/www.fws.gov\/birds\/grants\/neotropical-migratory-bird-conservation-act.php\" target=\"_blank\">USFWS Neotropical Migratory Bird Conservation Act<\/a><\/li>\n<li><a href=\"http:\/\/www.fws.gov\/northeast\/njfieldoffice\/\" target=\"_blank\">USFWS New Jersey Ecological Services Field Office<\/a><\/li>\n<li><a href=\"http:\/\/www.fws.gov\/northeast\/pipingplover\/\" target=\"_blank\">USFWS Piping Plover Recovery Program<\/a><\/li>\n<li><a href=\"http:\/\/www.dgif.virginia.gov\/\" target=\"_blank\">Virginia Department of Game &#038; Inland Fisheries<\/a><\/li>\n<li><a href=\"http:\/\/www.vt.edu\/\" target=\"_blank\">Virginia Tech University<\/a><\/li>\n<\/ul>\n","protected":false},"excerpt":{"rendered":"<p>Cada a\u00f1o numerosas aves playeras, luego de criar en la tundra \u00e1rtica de Canad\u00e1, van a pasar el invierno boreal en las costas orientales de Am\u00e9rica del Sur, deteni\u00e9ndose en una serie de sitios cr\u00edticos a lo largo de las playas del este de los Estados Unidos. Estas migraciones cubren miles de kil\u00f3metros de ida y vuelta. Especies como Calidris &#8230; <\/p>\n<div><a href=\"https:\/\/atlanticflywayshorebirds.org\/es\/acerca-de\/\" class=\"more-link\">Read More<\/a><\/div>\n","protected":false},"author":1,"featured_media":404,"parent":0,"menu_order":0,"comment_status":"closed","ping_status":"closed","template":"template-layout-full-width.php","meta":{"footnotes":""},"class_list":["post-571","page","type-page","status-publish","has-post-thumbnail","hentry"],"_links":{"self":[{"href":"https:\/\/atlanticflywayshorebirds.org\/es\/wp-json\/wp\/v2\/pages\/571","targetHints":{"allow":["GET"]}}],"collection":[{"href":"https:\/\/atlanticflywayshorebirds.org\/es\/wp-json\/wp\/v2\/pages"}],"about":[{"href":"https:\/\/atlanticflywayshorebirds.org\/es\/wp-json\/wp\/v2\/types\/page"}],"author":[{"embeddable":true,"href":"https:\/\/atlanticflywayshorebirds.org\/es\/wp-json\/wp\/v2\/users\/1"}],"replies":[{"embeddable":true,"href":"https:\/\/atlanticflywayshorebirds.org\/es\/wp-json\/wp\/v2\/comments?post=571"}],"version-history":[{"count":8,"href":"https:\/\/atlanticflywayshorebirds.org\/es\/wp-json\/wp\/v2\/pages\/571\/revisions"}],"predecessor-version":[{"id":661,"href":"https:\/\/atlanticflywayshorebirds.org\/es\/wp-json\/wp\/v2\/pages\/571\/revisions\/661"}],"wp:featuredmedia":[{"embeddable":true,"href":"https:\/\/atlanticflywayshorebirds.org\/es\/wp-json\/wp\/v2\/media\/404"}],"wp:attachment":[{"href":"https:\/\/atlanticflywayshorebirds.org\/es\/wp-json\/wp\/v2\/media?parent=571"}],"curies":[{"name":"wp","href":"https:\/\/api.w.org\/{rel}","templated":true}]}}