{"id":682,"date":"2016-01-28T17:46:36","date_gmt":"2016-01-28T17:46:36","guid":{"rendered":"http:\/\/atlanticflywayshorebirds.org\/es\/american-oystercatcher\/"},"modified":"2016-08-01T15:05:03","modified_gmt":"2016-08-01T15:05:03","slug":"haematopus-palliatus","status":"publish","type":"page","link":"https:\/\/atlanticflywayshorebirds.org\/es\/haematopus-palliatus\/","title":{"rendered":"Haematopus palliatus"},"content":{"rendered":"<p><strong>Ostrero Americano<\/strong> <em>Haematopus palliatus<\/em><br \/>\nLos Ostreros Americanos son grandes, habitan zonas de barrera de marea en islas,  playas y marismas desde Canad\u00e1 al sur de Argentina. Adem\u00e1s de alimentarse de ostras como su nombre lo indica, tambi\u00e9n se alimentan de almejas, mejillones y otros invertebrados marinos. A diferencia de muchas aves playeras, los Ostreros adultos alimentan a sus cr\u00edas hasta que alcanzan el plumaje completo. <\/p>\n<p>Los Socios de la Iniciativa de Aves Playeras del Corredor del Atl\u00e1ntico en Norteam\u00e9rica est\u00e1n implementando acciones exitosas para reducir la depredaci\u00f3n de nidos y polluelos, lo que resultar\u00e1 en un aumento de la poblaci\u00f3n de Ostreros. <\/p>\n<p><a href=\"http:\/\/www.whsrn.org\/sites\/default\/files\/file\/American_Oystercatcher_Hemispheric_Conservation_Plan_10_02-28_v1.1.pdf\" target=\"_blank\">Plan de Conservaci\u00f3n para el Ostrero Americano.<\/a><\/p>\n","protected":false},"excerpt":{"rendered":"<p>Ostrero Americano Haematopus palliatus Los Ostreros Americanos son grandes, habitan zonas de barrera de marea en islas, playas y marismas desde Canad\u00e1 al sur de Argentina. Adem\u00e1s de alimentarse de ostras como su nombre lo indica, tambi\u00e9n se alimentan de almejas, mejillones y otros invertebrados marinos. A diferencia de muchas aves playeras, los Ostreros adultos alimentan a sus cr\u00edas hasta &#8230; <\/p>\n<div><a href=\"https:\/\/atlanticflywayshorebirds.org\/es\/haematopus-palliatus\/\" class=\"more-link\">Read More<\/a><\/div>\n","protected":false},"author":1,"featured_media":233,"parent":0,"menu_order":100,"comment_status":"closed","ping_status":"closed","template":"","meta":{"footnotes":""},"class_list":["post-682","page","type-page","status-publish","has-post-thumbnail","hentry"],"_links":{"self":[{"href":"https:\/\/atlanticflywayshorebirds.org\/es\/wp-json\/wp\/v2\/pages\/682","targetHints":{"allow":["GET"]}}],"collection":[{"href":"https:\/\/atlanticflywayshorebirds.org\/es\/wp-json\/wp\/v2\/pages"}],"about":[{"href":"https:\/\/atlanticflywayshorebirds.org\/es\/wp-json\/wp\/v2\/types\/page"}],"author":[{"embeddable":true,"href":"https:\/\/atlanticflywayshorebirds.org\/es\/wp-json\/wp\/v2\/users\/1"}],"replies":[{"embeddable":true,"href":"https:\/\/atlanticflywayshorebirds.org\/es\/wp-json\/wp\/v2\/comments?post=682"}],"version-history":[{"count":5,"href":"https:\/\/atlanticflywayshorebirds.org\/es\/wp-json\/wp\/v2\/pages\/682\/revisions"}],"predecessor-version":[{"id":714,"href":"https:\/\/atlanticflywayshorebirds.org\/es\/wp-json\/wp\/v2\/pages\/682\/revisions\/714"}],"wp:featuredmedia":[{"embeddable":true,"href":"https:\/\/atlanticflywayshorebirds.org\/es\/wp-json\/wp\/v2\/media\/233"}],"wp:attachment":[{"href":"https:\/\/atlanticflywayshorebirds.org\/es\/wp-json\/wp\/v2\/media?parent=682"}],"curies":[{"name":"wp","href":"https:\/\/api.w.org\/{rel}","templated":true}]}}