{"id":689,"date":"2016-08-01T14:38:33","date_gmt":"2016-08-01T14:38:33","guid":{"rendered":"http:\/\/atlanticflywayshorebirds.org\/es\/?page_id=689"},"modified":"2016-08-01T15:05:42","modified_gmt":"2016-08-01T15:05:42","slug":"pluvialis-dominica","status":"publish","type":"page","link":"https:\/\/atlanticflywayshorebirds.org\/es\/pluvialis-dominica\/","title":{"rendered":"Pluvialis dominica"},"content":{"rendered":"<p><strong>El Chorlito Dorado Americano<\/strong> <em>Pluvialis dominica<\/em><br \/>\nEl Chorlito Dorado Americano es un chorlo muy distintivo de pastizales abiertos, tundra y zonas alpinas, y hace uno de los viajes migratorios m\u00e1s largos de cualquier ave playera. Se reproduce en la alta tundra \u00c1rtica de Alaska y Canad\u00e1, e inverna en los pastizales de Centro y Suram\u00e9rica. En las zonas reproductivas, los individuos macho del Chorlito Dorado Americano hacen vuelos llamativos y hermosos para atraer a sus parejas. <\/p>\n<p>En Suram\u00e9rica, los Socios de la Iniciativa de Aves Playeras del Corredor del Atl\u00e1ntico est\u00e1n trabajando con propietarios de campos. <\/p>\n<p><a href=\"http:\/\/www.whsrn.org\/sites\/default\/files\/file\/American_Golden-Plover_Conservation_Plan_10_02-28_v1.1.pdf\" target=\"_blank\">Plan de Conservaci\u00f3n para el Chorlito Dorado Americano.<\/a><\/p>\n","protected":false},"excerpt":{"rendered":"<p>El Chorlito Dorado Americano Pluvialis dominica El Chorlito Dorado Americano es un chorlo muy distintivo de pastizales abiertos, tundra y zonas alpinas, y hace uno de los viajes migratorios m\u00e1s largos de cualquier ave playera. Se reproduce en la alta tundra \u00c1rtica de Alaska y Canad\u00e1, e inverna en los pastizales de Centro y Suram\u00e9rica. En las zonas reproductivas, los &#8230; <\/p>\n<div><a href=\"https:\/\/atlanticflywayshorebirds.org\/es\/pluvialis-dominica\/\" class=\"more-link\">Read More<\/a><\/div>\n","protected":false},"author":1,"featured_media":280,"parent":0,"menu_order":100,"comment_status":"closed","ping_status":"closed","template":"","meta":{"footnotes":""},"class_list":["post-689","page","type-page","status-publish","has-post-thumbnail","hentry"],"_links":{"self":[{"href":"https:\/\/atlanticflywayshorebirds.org\/es\/wp-json\/wp\/v2\/pages\/689","targetHints":{"allow":["GET"]}}],"collection":[{"href":"https:\/\/atlanticflywayshorebirds.org\/es\/wp-json\/wp\/v2\/pages"}],"about":[{"href":"https:\/\/atlanticflywayshorebirds.org\/es\/wp-json\/wp\/v2\/types\/page"}],"author":[{"embeddable":true,"href":"https:\/\/atlanticflywayshorebirds.org\/es\/wp-json\/wp\/v2\/users\/1"}],"replies":[{"embeddable":true,"href":"https:\/\/atlanticflywayshorebirds.org\/es\/wp-json\/wp\/v2\/comments?post=689"}],"version-history":[{"count":6,"href":"https:\/\/atlanticflywayshorebirds.org\/es\/wp-json\/wp\/v2\/pages\/689\/revisions"}],"predecessor-version":[{"id":715,"href":"https:\/\/atlanticflywayshorebirds.org\/es\/wp-json\/wp\/v2\/pages\/689\/revisions\/715"}],"wp:featuredmedia":[{"embeddable":true,"href":"https:\/\/atlanticflywayshorebirds.org\/es\/wp-json\/wp\/v2\/media\/280"}],"wp:attachment":[{"href":"https:\/\/atlanticflywayshorebirds.org\/es\/wp-json\/wp\/v2\/media?parent=689"}],"curies":[{"name":"wp","href":"https:\/\/api.w.org\/{rel}","templated":true}]}}