{"id":698,"date":"2016-08-01T14:50:41","date_gmt":"2016-08-01T14:50:41","guid":{"rendered":"http:\/\/atlanticflywayshorebirds.org\/es\/?page_id=698"},"modified":"2016-08-01T15:07:05","modified_gmt":"2016-08-01T15:07:05","slug":"tringa-melanoleuca","status":"publish","type":"page","link":"https:\/\/atlanticflywayshorebirds.org\/es\/tringa-melanoleuca\/","title":{"rendered":"Tringa melanoleuca"},"content":{"rendered":"<p><strong>Chorlo Mayor de Patas Amarillas, Pata Amerilla Mayor<\/strong> <em>Tringa melanoleuca<\/em><br \/>\nEl Chorlo Mayor de Patas Amarillas es un ave playera bastante com\u00fan que se reproduce en humedales en el bosque boreal.  Ellos est\u00e1n muy esparcidos durante la migraci\u00f3n en Norteam\u00e9rica y se encuentran en humedales de agua dulce y humedales intermareales, y durante su per\u00edodo no reproductivo en Am\u00e9rica del Sur. En el camino, se ven sometidos a la presi\u00f3n de caza en el Caribe y Norte de Suram\u00e9rica. <\/p>\n<p>Los Socios de la Iniciativa de Aves Playeras del Corredor del Atl\u00e1ntico est\u00e1n trabajando con agencias locales y asociaciones de cazadores para asegurar que las poblaciones de esta especie se mantengan. <\/p>\n","protected":false},"excerpt":{"rendered":"<p>Chorlo Mayor de Patas Amarillas, Pata Amerilla Mayor Tringa melanoleuca El Chorlo Mayor de Patas Amarillas es un ave playera bastante com\u00fan que se reproduce en humedales en el bosque boreal. Ellos est\u00e1n muy esparcidos durante la migraci\u00f3n en Norteam\u00e9rica y se encuentran en humedales de agua dulce y humedales intermareales, y durante su per\u00edodo no reproductivo en Am\u00e9rica del &#8230; <\/p>\n<div><a href=\"https:\/\/atlanticflywayshorebirds.org\/es\/tringa-melanoleuca\/\" class=\"more-link\">Read More<\/a><\/div>\n","protected":false},"author":1,"featured_media":235,"parent":0,"menu_order":100,"comment_status":"closed","ping_status":"closed","template":"","meta":{"footnotes":""},"class_list":["post-698","page","type-page","status-publish","has-post-thumbnail","hentry"],"_links":{"self":[{"href":"https:\/\/atlanticflywayshorebirds.org\/es\/wp-json\/wp\/v2\/pages\/698","targetHints":{"allow":["GET"]}}],"collection":[{"href":"https:\/\/atlanticflywayshorebirds.org\/es\/wp-json\/wp\/v2\/pages"}],"about":[{"href":"https:\/\/atlanticflywayshorebirds.org\/es\/wp-json\/wp\/v2\/types\/page"}],"author":[{"embeddable":true,"href":"https:\/\/atlanticflywayshorebirds.org\/es\/wp-json\/wp\/v2\/users\/1"}],"replies":[{"embeddable":true,"href":"https:\/\/atlanticflywayshorebirds.org\/es\/wp-json\/wp\/v2\/comments?post=698"}],"version-history":[{"count":3,"href":"https:\/\/atlanticflywayshorebirds.org\/es\/wp-json\/wp\/v2\/pages\/698\/revisions"}],"predecessor-version":[{"id":717,"href":"https:\/\/atlanticflywayshorebirds.org\/es\/wp-json\/wp\/v2\/pages\/698\/revisions\/717"}],"wp:featuredmedia":[{"embeddable":true,"href":"https:\/\/atlanticflywayshorebirds.org\/es\/wp-json\/wp\/v2\/media\/235"}],"wp:attachment":[{"href":"https:\/\/atlanticflywayshorebirds.org\/es\/wp-json\/wp\/v2\/media?parent=698"}],"curies":[{"name":"wp","href":"https:\/\/api.w.org\/{rel}","templated":true}]}}