{"id":700,"date":"2016-08-01T14:54:14","date_gmt":"2016-08-01T14:54:14","guid":{"rendered":"http:\/\/atlanticflywayshorebirds.org\/es\/?page_id=700"},"modified":"2016-08-01T15:03:53","modified_gmt":"2016-08-01T15:03:53","slug":"charadius-alexandrinus","status":"publish","type":"page","link":"https:\/\/atlanticflywayshorebirds.org\/es\/charadius-alexandrinus\/","title":{"rendered":"Charadius alexandrinus"},"content":{"rendered":"<p><strong>El Chorlo Niv\u00e9o, Chorlito Patinegro<\/strong> <em>Charadius alexandrinus<\/em><br \/>\nEn el Corredor Migratorio del Atl\u00e1ntico, el Chorlo Niv\u00e9o solamente se encuentra en playas arenosas de una franja estrecha de Florida a lo largo de la Costa del Golfo de M\u00e9xico. A diferencia de otros playeros, los Chorlos N\u00edveos, usualmente ponen tres huevos, en unos nidos muy simples. <\/p>\n<p>Perturbaci\u00f3n humana, perdida de h\u00e1bitat y predaci\u00f3n aun amenazan a esta especie y a otras espacies que anidan en playas. <\/p>\n<p>Florida Shorebird Alliance, y un Socio de la Iniciativa de Aves Playeras del Corredor del Atl\u00e1ntico, han instalado se\u00f1al\u00e9tica, han provisto educaci\u00f3n comunitaria, y monitorean los resultados para mejorar el \u00e9xito reproductivo de esta especie. <\/p>\n","protected":false},"excerpt":{"rendered":"<p>El Chorlo Niv\u00e9o, Chorlito Patinegro Charadius alexandrinus En el Corredor Migratorio del Atl\u00e1ntico, el Chorlo Niv\u00e9o solamente se encuentra en playas arenosas de una franja estrecha de Florida a lo largo de la Costa del Golfo de M\u00e9xico. A diferencia de otros playeros, los Chorlos N\u00edveos, usualmente ponen tres huevos, en unos nidos muy simples. Perturbaci\u00f3n humana, perdida de h\u00e1bitat &#8230; <\/p>\n<div><a href=\"https:\/\/atlanticflywayshorebirds.org\/es\/charadius-alexandrinus\/\" class=\"more-link\">Read More<\/a><\/div>\n","protected":false},"author":1,"featured_media":299,"parent":0,"menu_order":100,"comment_status":"closed","ping_status":"closed","template":"","meta":{"footnotes":""},"class_list":["post-700","page","type-page","status-publish","has-post-thumbnail","hentry"],"_links":{"self":[{"href":"https:\/\/atlanticflywayshorebirds.org\/es\/wp-json\/wp\/v2\/pages\/700","targetHints":{"allow":["GET"]}}],"collection":[{"href":"https:\/\/atlanticflywayshorebirds.org\/es\/wp-json\/wp\/v2\/pages"}],"about":[{"href":"https:\/\/atlanticflywayshorebirds.org\/es\/wp-json\/wp\/v2\/types\/page"}],"author":[{"embeddable":true,"href":"https:\/\/atlanticflywayshorebirds.org\/es\/wp-json\/wp\/v2\/users\/1"}],"replies":[{"embeddable":true,"href":"https:\/\/atlanticflywayshorebirds.org\/es\/wp-json\/wp\/v2\/comments?post=700"}],"version-history":[{"count":2,"href":"https:\/\/atlanticflywayshorebirds.org\/es\/wp-json\/wp\/v2\/pages\/700\/revisions"}],"predecessor-version":[{"id":712,"href":"https:\/\/atlanticflywayshorebirds.org\/es\/wp-json\/wp\/v2\/pages\/700\/revisions\/712"}],"wp:featuredmedia":[{"embeddable":true,"href":"https:\/\/atlanticflywayshorebirds.org\/es\/wp-json\/wp\/v2\/media\/299"}],"wp:attachment":[{"href":"https:\/\/atlanticflywayshorebirds.org\/es\/wp-json\/wp\/v2\/media?parent=700"}],"curies":[{"name":"wp","href":"https:\/\/api.w.org\/{rel}","templated":true}]}}