{"id":703,"date":"2016-08-01T14:57:57","date_gmt":"2016-08-01T14:57:57","guid":{"rendered":"http:\/\/atlanticflywayshorebirds.org\/es\/?page_id=703"},"modified":"2016-08-01T15:04:32","modified_gmt":"2016-08-01T15:04:32","slug":"charadrius-wilsonia","status":"publish","type":"page","link":"https:\/\/atlanticflywayshorebirds.org\/es\/charadrius-wilsonia\/","title":{"rendered":"Charadrius wilsonia"},"content":{"rendered":"<p><strong>El Chorlito Picogrueso<\/strong> <em>Charadrius wilsonia<\/em><br \/>\nEn cuanto al Chorlo Piquigrueso, quiz\u00e1s nadie sospecha que los cangrejos violinistas son su principal alimento. Con esa informaci\u00f3n, es f\u00e1cil deducir que los Chorlos de Picogrueso est\u00e1n fuertemente ligados a h\u00e1bitats playeros a lo largo de la ruta migratoria.<\/p>\n<p>Desafortunadamente, su h\u00e1bitat de reproducci\u00f3n coincide con zonas muy frecuentadas por las personas, lo que provoca conflictos.<\/p>\n<p>Los Socios de la Iniciativa de Aves Playeras del Corredor del Atl\u00e1ntico est\u00e1n trabajando para reducir los efectos de las perturbaciones humanas, y manejar efectivamente los predadores de Chorlos, e implementar proyectos de ingenier\u00eda que sean amigables con los Chorlos. <\/p>\n<p><a href=\"http:\/\/www.whsrn.org\/sites\/default\/files\/file\/wilsons_plover_conservation_plan_13_10-18.pdf\" target=\"_blank\">Plan de Conservaci\u00f3n para el Chorlo Piquigrueso.<\/a><\/p>\n","protected":false},"excerpt":{"rendered":"<p>El Chorlito Picogrueso Charadrius wilsonia En cuanto al Chorlo Piquigrueso, quiz\u00e1s nadie sospecha que los cangrejos violinistas son su principal alimento. Con esa informaci\u00f3n, es f\u00e1cil deducir que los Chorlos de Picogrueso est\u00e1n fuertemente ligados a h\u00e1bitats playeros a lo largo de la ruta migratoria. Desafortunadamente, su h\u00e1bitat de reproducci\u00f3n coincide con zonas muy frecuentadas por las personas, lo que &#8230; <\/p>\n<div><a href=\"https:\/\/atlanticflywayshorebirds.org\/es\/charadrius-wilsonia\/\" class=\"more-link\">Read More<\/a><\/div>\n","protected":false},"author":1,"featured_media":243,"parent":0,"menu_order":100,"comment_status":"closed","ping_status":"closed","template":"","meta":{"footnotes":""},"class_list":["post-703","page","type-page","status-publish","has-post-thumbnail","hentry"],"_links":{"self":[{"href":"https:\/\/atlanticflywayshorebirds.org\/es\/wp-json\/wp\/v2\/pages\/703","targetHints":{"allow":["GET"]}}],"collection":[{"href":"https:\/\/atlanticflywayshorebirds.org\/es\/wp-json\/wp\/v2\/pages"}],"about":[{"href":"https:\/\/atlanticflywayshorebirds.org\/es\/wp-json\/wp\/v2\/types\/page"}],"author":[{"embeddable":true,"href":"https:\/\/atlanticflywayshorebirds.org\/es\/wp-json\/wp\/v2\/users\/1"}],"replies":[{"embeddable":true,"href":"https:\/\/atlanticflywayshorebirds.org\/es\/wp-json\/wp\/v2\/comments?post=703"}],"version-history":[{"count":2,"href":"https:\/\/atlanticflywayshorebirds.org\/es\/wp-json\/wp\/v2\/pages\/703\/revisions"}],"predecessor-version":[{"id":713,"href":"https:\/\/atlanticflywayshorebirds.org\/es\/wp-json\/wp\/v2\/pages\/703\/revisions\/713"}],"wp:featuredmedia":[{"embeddable":true,"href":"https:\/\/atlanticflywayshorebirds.org\/es\/wp-json\/wp\/v2\/media\/243"}],"wp:attachment":[{"href":"https:\/\/atlanticflywayshorebirds.org\/es\/wp-json\/wp\/v2\/media?parent=703"}],"curies":[{"name":"wp","href":"https:\/\/api.w.org\/{rel}","templated":true}]}}