{"id":706,"date":"2016-08-01T15:02:17","date_gmt":"2016-08-01T15:02:17","guid":{"rendered":"http:\/\/atlanticflywayshorebirds.org\/es\/?page_id=706"},"modified":"2016-08-01T15:23:04","modified_gmt":"2016-08-01T15:23:04","slug":"limosa-fedoa","status":"publish","type":"page","link":"https:\/\/atlanticflywayshorebirds.org\/es\/limosa-fedoa\/","title":{"rendered":"Limosa fedoa"},"content":{"rendered":"<p><strong>La Agachadiza Canela, Aguja Canela<\/strong> <em>Limosa fedoa<\/em><\/p>\n<p>El nombre \u201cAgachadiza\u201d proviene de una vieja palabra inglesa que significa \u201cbuena persona\u201d. Si se observa la  Agachadiza Canela usando su pico largo para atrapar almejas en las zonas intermareales se comprende un poco el nombre. Observando de cerca se pueden apreciar diferencias entre machos y hembras en el largo del pico y tama\u00f1o del cuerpo (las hembras son m\u00e1s grandes).  La Agachadiza Canela se encuentra durante la \u00e9poca invernal en playas a lo largo del Sureste de los Estados Unidos, e inverna en las Grandes Praderas. <\/p>\n<p>Los Socios de la Iniciativa de Aves Playeras del Corredor del Atl\u00e1ntico necesitan entender c\u00f3mo el cambio clim\u00e1tico puede afectar los recursos alimenticios que permiten que la especie sobreviva durante el invierno.<\/p>\n<p><a href=\"http:\/\/www.whsrn.org\/sites\/default\/files\/file\/Marbled_Godwit_Conservation_Plan_10_02-28_v1.2.pdf\" target=\"_blank\">Plan de Conservaci\u00f3n para la Agachadiza Canela<\/a><\/p>\n","protected":false},"excerpt":{"rendered":"<p>La Agachadiza Canela, Aguja Canela Limosa fedoa El nombre \u201cAgachadiza\u201d proviene de una vieja palabra inglesa que significa \u201cbuena persona\u201d. Si se observa la Agachadiza Canela usando su pico largo para atrapar almejas en las zonas intermareales se comprende un poco el nombre. Observando de cerca se pueden apreciar diferencias entre machos y hembras en el largo del pico y &#8230; <\/p>\n<div><a href=\"https:\/\/atlanticflywayshorebirds.org\/es\/limosa-fedoa\/\" class=\"more-link\">Read More<\/a><\/div>\n","protected":false},"author":1,"featured_media":236,"parent":0,"menu_order":100,"comment_status":"closed","ping_status":"closed","template":"","meta":{"footnotes":""},"class_list":["post-706","page","type-page","status-publish","has-post-thumbnail","hentry"],"_links":{"self":[{"href":"https:\/\/atlanticflywayshorebirds.org\/es\/wp-json\/wp\/v2\/pages\/706","targetHints":{"allow":["GET"]}}],"collection":[{"href":"https:\/\/atlanticflywayshorebirds.org\/es\/wp-json\/wp\/v2\/pages"}],"about":[{"href":"https:\/\/atlanticflywayshorebirds.org\/es\/wp-json\/wp\/v2\/types\/page"}],"author":[{"embeddable":true,"href":"https:\/\/atlanticflywayshorebirds.org\/es\/wp-json\/wp\/v2\/users\/1"}],"replies":[{"embeddable":true,"href":"https:\/\/atlanticflywayshorebirds.org\/es\/wp-json\/wp\/v2\/comments?post=706"}],"version-history":[{"count":2,"href":"https:\/\/atlanticflywayshorebirds.org\/es\/wp-json\/wp\/v2\/pages\/706\/revisions"}],"predecessor-version":[{"id":711,"href":"https:\/\/atlanticflywayshorebirds.org\/es\/wp-json\/wp\/v2\/pages\/706\/revisions\/711"}],"wp:featuredmedia":[{"embeddable":true,"href":"https:\/\/atlanticflywayshorebirds.org\/es\/wp-json\/wp\/v2\/media\/236"}],"wp:attachment":[{"href":"https:\/\/atlanticflywayshorebirds.org\/es\/wp-json\/wp\/v2\/media?parent=706"}],"curies":[{"name":"wp","href":"https:\/\/api.w.org\/{rel}","templated":true}]}}