{"id":718,"date":"2016-08-01T15:09:03","date_gmt":"2016-08-01T15:09:03","guid":{"rendered":"http:\/\/atlanticflywayshorebirds.org\/es\/?page_id=718"},"modified":"2016-08-01T15:09:03","modified_gmt":"2016-08-01T15:09:03","slug":"arenaria-interpres","status":"publish","type":"page","link":"https:\/\/atlanticflywayshorebirds.org\/es\/arenaria-interpres\/","title":{"rendered":"Arenaria interpres"},"content":{"rendered":"<p><strong>Vuelvepiedras com\u00fan<\/strong> <em>Arenaria interpres<\/em><br \/>\nLos Vuelvepiedras son una de las aves playeras m\u00e1s ruidosas de las que anidan en el \u00c1rtico. Tal como el nombre lo implica, Vuelvepiedras utilizan su pico que es ligeramente curvado hacia arriba para dar vuelta a piedras, algas, o conchas en busca de invertebrados que se encuentran en la costa.  <\/p>\n<p>Los Vuelvepiedras parecen adaptarse al desarrollo humano, y se pueden encontrar durante el invierno en Estados Unidos y todo el Caribe, en h\u00e1bitats naturales y creados por el hombre. <\/p>\n<p>A pesar de su flexibilidad y adaptabilidad a los cambios ambientales, los Vuelvepiedras dependen de la Bah\u00eda de Delaware como una parada critica durante la primavera, los Socios de la Iniciativa de Aves Playeras del Corredor del Atl\u00e1ntico deben asegurar el suministro adecuado de alimentos. <\/p>\n<p><a href=\"https:\/\/www.allaboutbirds.org\/guide\/Ruddy_Turnstone\/lifehistory\" target=\"_blank\">Aprenda m\u00e1s sobre los Vuelvepiedras<\/a><\/p>\n","protected":false},"excerpt":{"rendered":"<p>Vuelvepiedras com\u00fan Arenaria interpres Los Vuelvepiedras son una de las aves playeras m\u00e1s ruidosas de las que anidan en el \u00c1rtico. Tal como el nombre lo implica, Vuelvepiedras utilizan su pico que es ligeramente curvado hacia arriba para dar vuelta a piedras, algas, o conchas en busca de invertebrados que se encuentran en la costa. Los Vuelvepiedras parecen adaptarse al &#8230; <\/p>\n<div><a href=\"https:\/\/atlanticflywayshorebirds.org\/es\/arenaria-interpres\/\" class=\"more-link\">Read More<\/a><\/div>\n","protected":false},"author":1,"featured_media":239,"parent":0,"menu_order":100,"comment_status":"closed","ping_status":"closed","template":"","meta":{"footnotes":""},"class_list":["post-718","page","type-page","status-publish","has-post-thumbnail","hentry"],"_links":{"self":[{"href":"https:\/\/atlanticflywayshorebirds.org\/es\/wp-json\/wp\/v2\/pages\/718","targetHints":{"allow":["GET"]}}],"collection":[{"href":"https:\/\/atlanticflywayshorebirds.org\/es\/wp-json\/wp\/v2\/pages"}],"about":[{"href":"https:\/\/atlanticflywayshorebirds.org\/es\/wp-json\/wp\/v2\/types\/page"}],"author":[{"embeddable":true,"href":"https:\/\/atlanticflywayshorebirds.org\/es\/wp-json\/wp\/v2\/users\/1"}],"replies":[{"embeddable":true,"href":"https:\/\/atlanticflywayshorebirds.org\/es\/wp-json\/wp\/v2\/comments?post=718"}],"version-history":[{"count":1,"href":"https:\/\/atlanticflywayshorebirds.org\/es\/wp-json\/wp\/v2\/pages\/718\/revisions"}],"predecessor-version":[{"id":719,"href":"https:\/\/atlanticflywayshorebirds.org\/es\/wp-json\/wp\/v2\/pages\/718\/revisions\/719"}],"wp:featuredmedia":[{"embeddable":true,"href":"https:\/\/atlanticflywayshorebirds.org\/es\/wp-json\/wp\/v2\/media\/239"}],"wp:attachment":[{"href":"https:\/\/atlanticflywayshorebirds.org\/es\/wp-json\/wp\/v2\/media?parent=718"}],"curies":[{"name":"wp","href":"https:\/\/api.w.org\/{rel}","templated":true}]}}