{"id":721,"date":"2016-08-01T15:10:57","date_gmt":"2016-08-01T15:10:57","guid":{"rendered":"http:\/\/atlanticflywayshorebirds.org\/es\/?page_id=721"},"modified":"2016-08-01T15:10:57","modified_gmt":"2016-08-01T15:10:57","slug":"calidris-canutus","status":"publish","type":"page","link":"https:\/\/atlanticflywayshorebirds.org\/es\/calidris-canutus\/","title":{"rendered":"Calidris canutus"},"content":{"rendered":"<p><strong>Playero Rojizo<\/strong> C<em>alidris canutus<\/em><br \/>\nEl Playero Rojizo se encuentra a lo largo de la regi\u00f3n \u00c1rtica del Nuevo y Viejo Mundo y se ha diferenciado a lo largo del tiempo en poblaciones. Los Playeros Rojizos anidan en la tundra rocosa de Canad\u00e1 y viajan a lo largo de dos continentes para pasar el invierno en las planicies mareales de Tierra del Fuego. El ahora famoso Playero Rojizo B95 \u2013por su c\u00f3digo de marcaje- ha hecho este viaje por lo menos 21 veces, atravesando una distancia de un viaje y medio entre la tierra a la luna. <\/p>\n<p>Los Socios de la Iniciativa de Aves Playeras del Corredor del Atl\u00e1ntico han estado monitoreando la condici\u00f3n de estos playeros y sus presas, para asegurar que el suministro de recursos es adecuado para mantener la fant\u00e1stica migraci\u00f3n de Playeros Rojizos. <\/p>\n<p><a href=\"http:\/\/www.whsrn.org\/sites\/default\/files\/file\/Red_Knot_Conservation_Plan_10_02-28_v1.1.pdf \" target=\"_blank\">Plan de Conservaci\u00f3n para el Playero Rojizo<\/a><\/p>\n","protected":false},"excerpt":{"rendered":"<p>Playero Rojizo Calidris canutus El Playero Rojizo se encuentra a lo largo de la regi\u00f3n \u00c1rtica del Nuevo y Viejo Mundo y se ha diferenciado a lo largo del tiempo en poblaciones. Los Playeros Rojizos anidan en la tundra rocosa de Canad\u00e1 y viajan a lo largo de dos continentes para pasar el invierno en las planicies mareales de Tierra &#8230; <\/p>\n<div><a href=\"https:\/\/atlanticflywayshorebirds.org\/es\/calidris-canutus\/\" class=\"more-link\">Read More<\/a><\/div>\n","protected":false},"author":1,"featured_media":1391,"parent":0,"menu_order":100,"comment_status":"closed","ping_status":"closed","template":"","meta":{"footnotes":""},"class_list":["post-721","page","type-page","status-publish","has-post-thumbnail","hentry"],"_links":{"self":[{"href":"https:\/\/atlanticflywayshorebirds.org\/es\/wp-json\/wp\/v2\/pages\/721","targetHints":{"allow":["GET"]}}],"collection":[{"href":"https:\/\/atlanticflywayshorebirds.org\/es\/wp-json\/wp\/v2\/pages"}],"about":[{"href":"https:\/\/atlanticflywayshorebirds.org\/es\/wp-json\/wp\/v2\/types\/page"}],"author":[{"embeddable":true,"href":"https:\/\/atlanticflywayshorebirds.org\/es\/wp-json\/wp\/v2\/users\/1"}],"replies":[{"embeddable":true,"href":"https:\/\/atlanticflywayshorebirds.org\/es\/wp-json\/wp\/v2\/comments?post=721"}],"version-history":[{"count":1,"href":"https:\/\/atlanticflywayshorebirds.org\/es\/wp-json\/wp\/v2\/pages\/721\/revisions"}],"predecessor-version":[{"id":722,"href":"https:\/\/atlanticflywayshorebirds.org\/es\/wp-json\/wp\/v2\/pages\/721\/revisions\/722"}],"wp:featuredmedia":[{"embeddable":true,"href":"https:\/\/atlanticflywayshorebirds.org\/es\/wp-json\/wp\/v2\/media\/1391"}],"wp:attachment":[{"href":"https:\/\/atlanticflywayshorebirds.org\/es\/wp-json\/wp\/v2\/media?parent=721"}],"curies":[{"name":"wp","href":"https:\/\/api.w.org\/{rel}","templated":true}]}}