{"id":724,"date":"2016-08-01T15:12:12","date_gmt":"2016-08-01T15:12:12","guid":{"rendered":"http:\/\/atlanticflywayshorebirds.org\/es\/?page_id=724"},"modified":"2016-08-01T15:12:40","modified_gmt":"2016-08-01T15:12:40","slug":"calidris-alba","status":"publish","type":"page","link":"https:\/\/atlanticflywayshorebirds.org\/es\/calidris-alba\/","title":{"rendered":"Calidris alba"},"content":{"rendered":"<p><strong>Playerito Blanco<\/strong> <em>Calidris alba<\/em><br \/>\nAs\u00ed no sea un experto en aves playeras, seguramente todos hemos visto el Playerito Blanco persiguiendo las olas en la playa. A pesar que los Playeritos Blancos forman bandadas compactas cuando son amenazados por halcones, muchas veces se les ve compitiendo entre s\u00ed por sus presas. Los Playeritos Blancos son composmolitas, lo que significa que se reproducen a lo largo del Alto \u00c1rtico, y durante el invierno se encuentran en todos los continentes, excepto Ant\u00e1rtica. <\/p>\n<p>Debido a que son tan ampliamente distribuidos, poco se conoce sobre el origen, tama\u00f1o o tendencias poblacionales del Playerito Blanco, y los Socios de la Iniciativa de Aves Playeras del Corredor del Atl\u00e1ntico trabajaran para llenar estos vac\u00edos. <\/p>\n<p><a href=\"to https:\/\/www.allaboutbirds.org\/guide\/Sanderling\/id\" target=\"_blank\">Aprenda m\u00e1s sobre el Playerito Blanco<\/a><\/p>\n","protected":false},"excerpt":{"rendered":"<p>Playerito Blanco Calidris alba As\u00ed no sea un experto en aves playeras, seguramente todos hemos visto el Playerito Blanco persiguiendo las olas en la playa. A pesar que los Playeritos Blancos forman bandadas compactas cuando son amenazados por halcones, muchas veces se les ve compitiendo entre s\u00ed por sus presas. Los Playeritos Blancos son composmolitas, lo que significa que se &#8230; <\/p>\n<div><a href=\"https:\/\/atlanticflywayshorebirds.org\/es\/calidris-alba\/\" class=\"more-link\">Read More<\/a><\/div>\n","protected":false},"author":1,"featured_media":240,"parent":0,"menu_order":100,"comment_status":"closed","ping_status":"closed","template":"","meta":{"footnotes":""},"class_list":["post-724","page","type-page","status-publish","has-post-thumbnail","hentry"],"_links":{"self":[{"href":"https:\/\/atlanticflywayshorebirds.org\/es\/wp-json\/wp\/v2\/pages\/724","targetHints":{"allow":["GET"]}}],"collection":[{"href":"https:\/\/atlanticflywayshorebirds.org\/es\/wp-json\/wp\/v2\/pages"}],"about":[{"href":"https:\/\/atlanticflywayshorebirds.org\/es\/wp-json\/wp\/v2\/types\/page"}],"author":[{"embeddable":true,"href":"https:\/\/atlanticflywayshorebirds.org\/es\/wp-json\/wp\/v2\/users\/1"}],"replies":[{"embeddable":true,"href":"https:\/\/atlanticflywayshorebirds.org\/es\/wp-json\/wp\/v2\/comments?post=724"}],"version-history":[{"count":4,"href":"https:\/\/atlanticflywayshorebirds.org\/es\/wp-json\/wp\/v2\/pages\/724\/revisions"}],"predecessor-version":[{"id":728,"href":"https:\/\/atlanticflywayshorebirds.org\/es\/wp-json\/wp\/v2\/pages\/724\/revisions\/728"}],"wp:featuredmedia":[{"embeddable":true,"href":"https:\/\/atlanticflywayshorebirds.org\/es\/wp-json\/wp\/v2\/media\/240"}],"wp:attachment":[{"href":"https:\/\/atlanticflywayshorebirds.org\/es\/wp-json\/wp\/v2\/media?parent=724"}],"curies":[{"name":"wp","href":"https:\/\/api.w.org\/{rel}","templated":true}]}}