{"id":729,"date":"2016-08-01T15:14:17","date_gmt":"2016-08-01T15:14:17","guid":{"rendered":"http:\/\/atlanticflywayshorebirds.org\/es\/?page_id=729"},"modified":"2016-08-01T15:14:17","modified_gmt":"2016-08-01T15:14:17","slug":"charadrius-melodus","status":"publish","type":"page","link":"https:\/\/atlanticflywayshorebirds.org\/es\/charadrius-melodus\/","title":{"rendered":"Charadrius melodus"},"content":{"rendered":"<p><strong>Chorlitejo Silbador<\/strong> <em>Charadrius melodus<\/em><br \/>\nEl Chorlitejo Silbador es un habitante obligado de playas y est\u00e1 asociado a planicies intermareales. Debido a la presi\u00f3n humana en las zonas costeras, el Chorlitejo Silbador fue catalogado como en peligro bajo la Ley de Especies en Peligro de EE.UU. en 1986. A pesar de ser a menudo caracterizado como &#8220;dulce&#8221;, los Chorlitejos Silbadores son muy territoriales y defender\u00e1n en\u00e9rgicamente sus nidos durante la temporada de reproducci\u00f3n.<\/p>\n<p>Los Socios de la Iniciativa de Aves Playeras del Corredor del Atl\u00e1ntico, han trabajado duro para entender la importancia de Bahamas para las aves migratorias, y un nuevo parque nacional ha sido recientemente establecido para proteger a las playeras invernantes. <\/p>\n<p><a href=\"http:\/\/www.fws.gov\/northeast\/pipingplover\/\" target=\"_blank\">P\u00e1gina del Chorlitejo Silbador en el Servicio de Pesca y Vida Salvaje de los Estados Unidos<\/a><\/p>\n","protected":false},"excerpt":{"rendered":"<p>Chorlitejo Silbador Charadrius melodus El Chorlitejo Silbador es un habitante obligado de playas y est\u00e1 asociado a planicies intermareales. Debido a la presi\u00f3n humana en las zonas costeras, el Chorlitejo Silbador fue catalogado como en peligro bajo la Ley de Especies en Peligro de EE.UU. en 1986. A pesar de ser a menudo caracterizado como &#8220;dulce&#8221;, los Chorlitejos Silbadores son &#8230; <\/p>\n<div><a href=\"https:\/\/atlanticflywayshorebirds.org\/es\/charadrius-melodus\/\" class=\"more-link\">Read More<\/a><\/div>\n","protected":false},"author":1,"featured_media":281,"parent":0,"menu_order":100,"comment_status":"closed","ping_status":"closed","template":"","meta":{"footnotes":""},"class_list":["post-729","page","type-page","status-publish","has-post-thumbnail","hentry"],"_links":{"self":[{"href":"https:\/\/atlanticflywayshorebirds.org\/es\/wp-json\/wp\/v2\/pages\/729","targetHints":{"allow":["GET"]}}],"collection":[{"href":"https:\/\/atlanticflywayshorebirds.org\/es\/wp-json\/wp\/v2\/pages"}],"about":[{"href":"https:\/\/atlanticflywayshorebirds.org\/es\/wp-json\/wp\/v2\/types\/page"}],"author":[{"embeddable":true,"href":"https:\/\/atlanticflywayshorebirds.org\/es\/wp-json\/wp\/v2\/users\/1"}],"replies":[{"embeddable":true,"href":"https:\/\/atlanticflywayshorebirds.org\/es\/wp-json\/wp\/v2\/comments?post=729"}],"version-history":[{"count":1,"href":"https:\/\/atlanticflywayshorebirds.org\/es\/wp-json\/wp\/v2\/pages\/729\/revisions"}],"predecessor-version":[{"id":731,"href":"https:\/\/atlanticflywayshorebirds.org\/es\/wp-json\/wp\/v2\/pages\/729\/revisions\/731"}],"wp:featuredmedia":[{"embeddable":true,"href":"https:\/\/atlanticflywayshorebirds.org\/es\/wp-json\/wp\/v2\/media\/281"}],"wp:attachment":[{"href":"https:\/\/atlanticflywayshorebirds.org\/es\/wp-json\/wp\/v2\/media?parent=729"}],"curies":[{"name":"wp","href":"https:\/\/api.w.org\/{rel}","templated":true}]}}