{"id":736,"date":"2016-08-01T15:19:13","date_gmt":"2016-08-01T15:19:13","guid":{"rendered":"http:\/\/atlanticflywayshorebirds.org\/es\/?page_id=736"},"modified":"2016-08-01T15:20:21","modified_gmt":"2016-08-01T15:20:21","slug":"numenius-phaeopus","status":"publish","type":"page","link":"https:\/\/atlanticflywayshorebirds.org\/es\/numenius-phaeopus\/","title":{"rendered":"Numenius phaeopus"},"content":{"rendered":"<p><strong>Zarapito Trinador<\/strong> <em>Numenius phaeopus<\/em><br \/>\nEl Zarapito Trinador es una de las aves playeras m\u00e1s grandes de la ruta migratoria del Atl\u00e1ntico, y se destaca por su largo y curvado pico, que utiliza para buscar cangrejos en playas y planos intermareales. <\/p>\n<p>Los Zarapitos Trinadores son \u00fanicos ya que durante migraci\u00f3n pueden encontrarse en pantanos planos salados. Un Zarapito Trinador llamado Hope hizo viajes migratorios entre sus zonas de cr\u00eda en el r\u00edo Delta del Mackenzie en los territorios del Noroeste de Canad\u00e1 y su territorio de invierno en el Great Pond, St. Croix, en las Islas V\u00edrgenes de Estados Unidos.<\/p>\n<p>Los Socios de la Iniciativa de Aves Playeras del Corredor del Atl\u00e1ntico est\u00e1n determinando el uso que los Zarapitos Trinadores hacen de los campos de moras en el Este de Canad\u00e1 para evidenciar las estrategias para minimizar los conflictos con cultivadores de esta fruta. <\/p>\n<p><a href=\"http:\/\/www.whsrn.org\/sites\/default\/files\/file\/Whimbrel_Conservation_Plan_10_02-28_v1.1.pdf\" target=\"_blank\"><br \/>\nPlan de Conservaci\u00f3n del Zarapito Trinador<\/a><\/p>\n","protected":false},"excerpt":{"rendered":"<p>Zarapito Trinador Numenius phaeopus El Zarapito Trinador es una de las aves playeras m\u00e1s grandes de la ruta migratoria del Atl\u00e1ntico, y se destaca por su largo y curvado pico, que utiliza para buscar cangrejos en playas y planos intermareales. Los Zarapitos Trinadores son \u00fanicos ya que durante migraci\u00f3n pueden encontrarse en pantanos planos salados. Un Zarapito Trinador llamado Hope &#8230; <\/p>\n<div><a href=\"https:\/\/atlanticflywayshorebirds.org\/es\/numenius-phaeopus\/\" class=\"more-link\">Read More<\/a><\/div>\n","protected":false},"author":1,"featured_media":282,"parent":0,"menu_order":100,"comment_status":"closed","ping_status":"closed","template":"","meta":{"footnotes":""},"class_list":["post-736","page","type-page","status-publish","has-post-thumbnail","hentry"],"_links":{"self":[{"href":"https:\/\/atlanticflywayshorebirds.org\/es\/wp-json\/wp\/v2\/pages\/736","targetHints":{"allow":["GET"]}}],"collection":[{"href":"https:\/\/atlanticflywayshorebirds.org\/es\/wp-json\/wp\/v2\/pages"}],"about":[{"href":"https:\/\/atlanticflywayshorebirds.org\/es\/wp-json\/wp\/v2\/types\/page"}],"author":[{"embeddable":true,"href":"https:\/\/atlanticflywayshorebirds.org\/es\/wp-json\/wp\/v2\/users\/1"}],"replies":[{"embeddable":true,"href":"https:\/\/atlanticflywayshorebirds.org\/es\/wp-json\/wp\/v2\/comments?post=736"}],"version-history":[{"count":1,"href":"https:\/\/atlanticflywayshorebirds.org\/es\/wp-json\/wp\/v2\/pages\/736\/revisions"}],"predecessor-version":[{"id":737,"href":"https:\/\/atlanticflywayshorebirds.org\/es\/wp-json\/wp\/v2\/pages\/736\/revisions\/737"}],"wp:featuredmedia":[{"embeddable":true,"href":"https:\/\/atlanticflywayshorebirds.org\/es\/wp-json\/wp\/v2\/media\/282"}],"wp:attachment":[{"href":"https:\/\/atlanticflywayshorebirds.org\/es\/wp-json\/wp\/v2\/media?parent=736"}],"curies":[{"name":"wp","href":"https:\/\/api.w.org\/{rel}","templated":true}]}}