{"id":743,"date":"2016-08-01T15:25:05","date_gmt":"2016-08-01T15:25:05","guid":{"rendered":"http:\/\/atlanticflywayshorebirds.org\/es\/?page_id=743"},"modified":"2016-08-01T15:25:25","modified_gmt":"2016-08-01T15:25:25","slug":"calidris-maritima","status":"publish","type":"page","link":"https:\/\/atlanticflywayshorebirds.org\/es\/calidris-maritima\/","title":{"rendered":"Calidris maritima"},"content":{"rendered":"<p><strong>El Correlimos Oscuro<\/strong> <em>Calidris maritima<\/em><br \/>\nA pesar de su nombre, el Correlimos Oscuro es m\u00e1s gris pizarra y marr\u00f3n que p\u00farpura (por el nombre en ingl\u00e9s), pero, con la luz adecuada, puede parecer de color azulado o morado. Su plumaje de \u00e9poca reproductiva les permite mezclarse entre los l\u00edquenes y musgos de los sitios en la tundra. Establecer el tama\u00f1o poblacional de esta especie es muy dif\u00edcil, ya que pasan el invierno en las costas rocosas y escarpadas de las provincias Mar\u00edtimas de Canad\u00e1 y Nueva Inglaterra y hacia m\u00e1s al Sur a lo largo de la costa.<\/p>\n<p>Sabemos poco acerca de la cr\u00eda y ecolog\u00eda de invernada de la especie, por lo que los Socios de la Iniciativa de Aves Playeras del Corredor del Atl\u00e1ntico se centrar\u00e1n en la construcci\u00f3n de una base biol\u00f3gica m\u00e1s s\u00f3lida para el Correlimos Oscuro.<\/p>\n<p><a href=\"https:\/\/www.allaboutbirds.org\/guide\/Purple_Sandpiper\/id\" target=\"_blank\">Aprenda m\u00e1s sobre el Correlimos Oscuro<\/a><\/p>\n","protected":false},"excerpt":{"rendered":"<p>El Correlimos Oscuro Calidris maritima A pesar de su nombre, el Correlimos Oscuro es m\u00e1s gris pizarra y marr\u00f3n que p\u00farpura (por el nombre en ingl\u00e9s), pero, con la luz adecuada, puede parecer de color azulado o morado. Su plumaje de \u00e9poca reproductiva les permite mezclarse entre los l\u00edquenes y musgos de los sitios en la tundra. Establecer el tama\u00f1o &#8230; <\/p>\n<div><a href=\"https:\/\/atlanticflywayshorebirds.org\/es\/calidris-maritima\/\" class=\"more-link\">Read More<\/a><\/div>\n","protected":false},"author":1,"featured_media":283,"parent":0,"menu_order":100,"comment_status":"closed","ping_status":"closed","template":"","meta":{"footnotes":""},"class_list":["post-743","page","type-page","status-publish","has-post-thumbnail","hentry"],"_links":{"self":[{"href":"https:\/\/atlanticflywayshorebirds.org\/es\/wp-json\/wp\/v2\/pages\/743","targetHints":{"allow":["GET"]}}],"collection":[{"href":"https:\/\/atlanticflywayshorebirds.org\/es\/wp-json\/wp\/v2\/pages"}],"about":[{"href":"https:\/\/atlanticflywayshorebirds.org\/es\/wp-json\/wp\/v2\/types\/page"}],"author":[{"embeddable":true,"href":"https:\/\/atlanticflywayshorebirds.org\/es\/wp-json\/wp\/v2\/users\/1"}],"replies":[{"embeddable":true,"href":"https:\/\/atlanticflywayshorebirds.org\/es\/wp-json\/wp\/v2\/comments?post=743"}],"version-history":[{"count":1,"href":"https:\/\/atlanticflywayshorebirds.org\/es\/wp-json\/wp\/v2\/pages\/743\/revisions"}],"predecessor-version":[{"id":744,"href":"https:\/\/atlanticflywayshorebirds.org\/es\/wp-json\/wp\/v2\/pages\/743\/revisions\/744"}],"wp:featuredmedia":[{"embeddable":true,"href":"https:\/\/atlanticflywayshorebirds.org\/es\/wp-json\/wp\/v2\/media\/283"}],"wp:attachment":[{"href":"https:\/\/atlanticflywayshorebirds.org\/es\/wp-json\/wp\/v2\/media?parent=743"}],"curies":[{"name":"wp","href":"https:\/\/api.w.org\/{rel}","templated":true}]}}