{"id":746,"date":"2016-08-01T15:27:33","date_gmt":"2016-08-01T15:27:33","guid":{"rendered":"http:\/\/atlanticflywayshorebirds.org\/es\/?page_id=746"},"modified":"2016-08-01T15:27:33","modified_gmt":"2016-08-01T15:27:33","slug":"calidris-pusilla","status":"publish","type":"page","link":"https:\/\/atlanticflywayshorebirds.org\/es\/calidris-pusilla\/","title":{"rendered":"Calidris pusilla"},"content":{"rendered":"<p><strong>El Correlimos Semipalmeado, Playero Semipalmeado<\/strong> <em>Calidris pusilla<\/em><br \/>\nAunque uno de los m\u00e1s peque\u00f1os en la ruta migratoria, es uno de los m\u00e1s abundantes. Esta especie usa marismas, planos mareales y humedales durante su migraci\u00f3n. Es una especie que durante la migraci\u00f3n y \u00e9poca no reproductiva se encuentra en grandes n\u00fameros en los planos intermareales del Norte de Suram\u00e9rica.  Los Correlimos Semipalmeados, est\u00e1n amenazados por la p\u00e9rdida de h\u00e1bitat a lo largo de la ruta migratoria, los cambios en los recursos alimenticios, y presiones de cacer\u00eda.<\/p>\n<p>Los Socios de la Iniciativa de Aves Playeras del Corredor del Atl\u00e1ntico est\u00e1n trabajando a lo largo de la ruta migratoria para entender las consecuencias directas e indirectas del cambio clim\u00e1tico, c\u00f3mo los recursos alimenticios influyen en la supervivencia, y reforzar el cumplimiento de la legislaci\u00f3n respecto a cacer\u00eda.  <\/p>\n<p><a href=\"https:\/\/www.allaboutbirds.org\/guide\/Semipalmated_Sandpiper\/id\" target=\"_blank\">Aprenda m\u00e1s sobre el Correlimos Semipalmeado<\/a><\/p>\n","protected":false},"excerpt":{"rendered":"<p>El Correlimos Semipalmeado, Playero Semipalmeado Calidris pusilla Aunque uno de los m\u00e1s peque\u00f1os en la ruta migratoria, es uno de los m\u00e1s abundantes. Esta especie usa marismas, planos mareales y humedales durante su migraci\u00f3n. Es una especie que durante la migraci\u00f3n y \u00e9poca no reproductiva se encuentra en grandes n\u00fameros en los planos intermareales del Norte de Suram\u00e9rica. Los Correlimos &#8230; <\/p>\n<div><a href=\"https:\/\/atlanticflywayshorebirds.org\/es\/calidris-pusilla\/\" class=\"more-link\">Read More<\/a><\/div>\n","protected":false},"author":1,"featured_media":241,"parent":0,"menu_order":100,"comment_status":"closed","ping_status":"closed","template":"","meta":{"footnotes":""},"class_list":["post-746","page","type-page","status-publish","has-post-thumbnail","hentry"],"_links":{"self":[{"href":"https:\/\/atlanticflywayshorebirds.org\/es\/wp-json\/wp\/v2\/pages\/746","targetHints":{"allow":["GET"]}}],"collection":[{"href":"https:\/\/atlanticflywayshorebirds.org\/es\/wp-json\/wp\/v2\/pages"}],"about":[{"href":"https:\/\/atlanticflywayshorebirds.org\/es\/wp-json\/wp\/v2\/types\/page"}],"author":[{"embeddable":true,"href":"https:\/\/atlanticflywayshorebirds.org\/es\/wp-json\/wp\/v2\/users\/1"}],"replies":[{"embeddable":true,"href":"https:\/\/atlanticflywayshorebirds.org\/es\/wp-json\/wp\/v2\/comments?post=746"}],"version-history":[{"count":1,"href":"https:\/\/atlanticflywayshorebirds.org\/es\/wp-json\/wp\/v2\/pages\/746\/revisions"}],"predecessor-version":[{"id":747,"href":"https:\/\/atlanticflywayshorebirds.org\/es\/wp-json\/wp\/v2\/pages\/746\/revisions\/747"}],"wp:featuredmedia":[{"embeddable":true,"href":"https:\/\/atlanticflywayshorebirds.org\/es\/wp-json\/wp\/v2\/media\/241"}],"wp:attachment":[{"href":"https:\/\/atlanticflywayshorebirds.org\/es\/wp-json\/wp\/v2\/media?parent=746"}],"curies":[{"name":"wp","href":"https:\/\/api.w.org\/{rel}","templated":true}]}}