{"id":749,"date":"2016-08-01T15:28:45","date_gmt":"2016-08-01T15:28:45","guid":{"rendered":"http:\/\/atlanticflywayshorebirds.org\/es\/?page_id=749"},"modified":"2016-08-01T15:29:09","modified_gmt":"2016-08-01T15:29:09","slug":"phalaropus-lobatus","status":"publish","type":"page","link":"https:\/\/atlanticflywayshorebirds.org\/es\/phalaropus-lobatus\/","title":{"rendered":"Phalaropus lobatus"},"content":{"rendered":"<p><strong>Falaropo Picofino<\/strong> Phalaropus lobatus<br \/>\nLos Falaropos Picofino est\u00e1n relacionados con las aves playeras, pero se parecen m\u00e1s a las aves marinas. Permanecen la mayor parte de su tiempo en el agua y pasan el invierno en el mar alrededor de la l\u00ednea Ecuatorial. Dedos lobulados, al igual que las de los zambullidores, son una adaptaci\u00f3n a este estilo de vida acu\u00e1tica. Los Falaropos buscan alimento al girar en c\u00edrculos sobre la superficie del agua, con lo que confunden e inmovilizan a los invertebrados que son sus presas. <\/p>\n<p>Los Falaropos Picofino han desaparecido de las \u00e1reas donde permanecen durante el  oto\u00f1o en zonas de alta mar de la Bah\u00eda de Fundy, y los Socios de la Iniciativa de Aves Playeras del Corredor del Atl\u00e1ntico deber\u00edan determinar si este declive se refleja en disminuciones poblacionales. <\/p>\n<p><a href=\"http:\/\/www.whsrn.org\/sites\/default\/files\/file\/Red-necked_Phalarope_Plan_for_NE_U.S.__CAN_10_02-28_v1.1.pdf\" target=\"_blank\">Plan de Conservaci\u00f3n del Falaropo Picofino<\/a><\/p>\n","protected":false},"excerpt":{"rendered":"<p>Falaropo Picofino Phalaropus lobatus Los Falaropos Picofino est\u00e1n relacionados con las aves playeras, pero se parecen m\u00e1s a las aves marinas. Permanecen la mayor parte de su tiempo en el agua y pasan el invierno en el mar alrededor de la l\u00ednea Ecuatorial. Dedos lobulados, al igual que las de los zambullidores, son una adaptaci\u00f3n a este estilo de vida &#8230; <\/p>\n<div><a href=\"https:\/\/atlanticflywayshorebirds.org\/es\/phalaropus-lobatus\/\" class=\"more-link\">Read More<\/a><\/div>\n","protected":false},"author":1,"featured_media":2310,"parent":0,"menu_order":100,"comment_status":"closed","ping_status":"closed","template":"","meta":{"footnotes":""},"class_list":["post-749","page","type-page","status-publish","has-post-thumbnail","hentry"],"_links":{"self":[{"href":"https:\/\/atlanticflywayshorebirds.org\/es\/wp-json\/wp\/v2\/pages\/749","targetHints":{"allow":["GET"]}}],"collection":[{"href":"https:\/\/atlanticflywayshorebirds.org\/es\/wp-json\/wp\/v2\/pages"}],"about":[{"href":"https:\/\/atlanticflywayshorebirds.org\/es\/wp-json\/wp\/v2\/types\/page"}],"author":[{"embeddable":true,"href":"https:\/\/atlanticflywayshorebirds.org\/es\/wp-json\/wp\/v2\/users\/1"}],"replies":[{"embeddable":true,"href":"https:\/\/atlanticflywayshorebirds.org\/es\/wp-json\/wp\/v2\/comments?post=749"}],"version-history":[{"count":1,"href":"https:\/\/atlanticflywayshorebirds.org\/es\/wp-json\/wp\/v2\/pages\/749\/revisions"}],"predecessor-version":[{"id":750,"href":"https:\/\/atlanticflywayshorebirds.org\/es\/wp-json\/wp\/v2\/pages\/749\/revisions\/750"}],"wp:featuredmedia":[{"embeddable":true,"href":"https:\/\/atlanticflywayshorebirds.org\/es\/wp-json\/wp\/v2\/media\/2310"}],"wp:attachment":[{"href":"https:\/\/atlanticflywayshorebirds.org\/es\/wp-json\/wp\/v2\/media?parent=749"}],"curies":[{"name":"wp","href":"https:\/\/api.w.org\/{rel}","templated":true}]}}