{"id":752,"date":"2016-08-01T15:31:40","date_gmt":"2016-08-01T15:31:40","guid":{"rendered":"http:\/\/atlanticflywayshorebirds.org\/es\/?page_id=752"},"modified":"2016-08-01T15:31:40","modified_gmt":"2016-08-01T15:31:40","slug":"numenius-borealis","status":"publish","type":"page","link":"https:\/\/atlanticflywayshorebirds.org\/es\/numenius-borealis\/","title":{"rendered":"Numenius borealis"},"content":{"rendered":"<p><strong>Zarapito Boreal, Zarapito Esquimal<\/strong> <em>Numenius borealis<\/em><br \/>\nLas necesidades urgentes de conservaci\u00f3n de especies clave est\u00e1n bien ejemplificadas por la historia del Zarapito Boreal, que fue una vez una especie abundante a lo largo de la Costa Atl\u00e1ntica y ahora esta presumiblemente extinto como resultado de la caza no regulada, la p\u00e9rdida de h\u00e1bitat, y quiz\u00e1s cambios en la disponibilidad de alimentos. Durante el a\u00f1o, el Zarapito Boreal viajaba desde las zonas de reproducci\u00f3n en el \u00c1rtico, a trav\u00e9s del Este de Norte Am\u00e9rica a las \u00e1reas de invernada en el Sur de Suram\u00e9rica, y haciendo el viaje de regreso a trav\u00e9s de las praderas de Norte Am\u00e9rica. Necesitamos implementar acciones de conservaci\u00f3n de amplio espectro, para que ninguna otra ave playera sufra el destino fatal del Zarapito Boreal.<\/p>\n<p><em>&#8220;El macho la llam\u00f3 fren\u00e9ticamente para que ella lo siga, pero la hembra no se movi\u00f3. \u00c9l dio vueltas y vueltas hasta que sus gritos lastimeros la alcanzaron, pero ella no volvi\u00f3 a llamarlo.&#8221;<\/em> -Fred Bosworth, El \u00daltimo de los Zarapitos.<\/p>\n","protected":false},"excerpt":{"rendered":"<p>Zarapito Boreal, Zarapito Esquimal Numenius borealis Las necesidades urgentes de conservaci\u00f3n de especies clave est\u00e1n bien ejemplificadas por la historia del Zarapito Boreal, que fue una vez una especie abundante a lo largo de la Costa Atl\u00e1ntica y ahora esta presumiblemente extinto como resultado de la caza no regulada, la p\u00e9rdida de h\u00e1bitat, y quiz\u00e1s cambios en la disponibilidad de &#8230; <\/p>\n<div><a href=\"https:\/\/atlanticflywayshorebirds.org\/es\/numenius-borealis\/\" class=\"more-link\">Read More<\/a><\/div>\n","protected":false},"author":1,"featured_media":234,"parent":0,"menu_order":0,"comment_status":"closed","ping_status":"closed","template":"","meta":{"footnotes":""},"class_list":["post-752","page","type-page","status-publish","has-post-thumbnail","hentry"],"_links":{"self":[{"href":"https:\/\/atlanticflywayshorebirds.org\/es\/wp-json\/wp\/v2\/pages\/752","targetHints":{"allow":["GET"]}}],"collection":[{"href":"https:\/\/atlanticflywayshorebirds.org\/es\/wp-json\/wp\/v2\/pages"}],"about":[{"href":"https:\/\/atlanticflywayshorebirds.org\/es\/wp-json\/wp\/v2\/types\/page"}],"author":[{"embeddable":true,"href":"https:\/\/atlanticflywayshorebirds.org\/es\/wp-json\/wp\/v2\/users\/1"}],"replies":[{"embeddable":true,"href":"https:\/\/atlanticflywayshorebirds.org\/es\/wp-json\/wp\/v2\/comments?post=752"}],"version-history":[{"count":1,"href":"https:\/\/atlanticflywayshorebirds.org\/es\/wp-json\/wp\/v2\/pages\/752\/revisions"}],"predecessor-version":[{"id":753,"href":"https:\/\/atlanticflywayshorebirds.org\/es\/wp-json\/wp\/v2\/pages\/752\/revisions\/753"}],"wp:featuredmedia":[{"embeddable":true,"href":"https:\/\/atlanticflywayshorebirds.org\/es\/wp-json\/wp\/v2\/media\/234"}],"wp:attachment":[{"href":"https:\/\/atlanticflywayshorebirds.org\/es\/wp-json\/wp\/v2\/media?parent=752"}],"curies":[{"name":"wp","href":"https:\/\/api.w.org\/{rel}","templated":true}]}}