{"id":788,"date":"2016-08-01T15:48:08","date_gmt":"2016-08-01T15:48:08","guid":{"rendered":"http:\/\/atlanticflywayshorebirds.org\/es\/?page_id=788"},"modified":"2016-08-01T15:51:55","modified_gmt":"2016-08-01T15:51:55","slug":"artico-oriental-y-subartico-artico","status":"publish","type":"page","link":"https:\/\/atlanticflywayshorebirds.org\/es\/artico-oriental-y-subartico-artico\/","title":{"rendered":"\u00c1rtico Oriental y Subartico (\u00c1rtico)"},"content":{"rendered":"<p>Esta regi\u00f3n se extiende desde la frontera Noroeste de Alaska, que abarca toda la Llanura Costera de Alaska al Norte de Brooks Range, extendi\u00e9ndose a trav\u00e9s de la totalidad del \u00c1rtico Canadiense hasta el Norte en la isla de Ellesmere, y hacia al Sur y al Este de la punta de la Pen\u00ednsula de Labrador. La frontera Sur incluye el Norte de la bah\u00eda de Hudson, con una l\u00ednea al Norte de las tierras bajas de la Bah\u00eda de Hudson, y hacia el norte y el oeste para abarcar todo el delta del r\u00edo Mackenzie y llegar hasta la vertiente norte de Alaska de nuevo.<\/p>\n<p>La frontera Sur de esta zona incluye la zona de transici\u00f3n entre el complejo de tundra abierta sin \u00e1rboles y el bosque boreal. Esta \u00e1rea focal est\u00e1 restringida estacionalmente para las aves playeras, donde la tundra abierta y humedales arbolados son h\u00e1bitats de anidaci\u00f3n para muchas especies de aves playeras de Norteam\u00e9rica, incluyendo la mayor\u00eda de las especies de la lista de Especies Focales. <\/p>\n<p>Aparte de las zonas de anidaci\u00f3n, hay \u00e1reas importantes de parada para las aves playeras dentro de esta regi\u00f3n durante sus movimientos hacia zonas de anidaci\u00f3n, y hacia sitios de parada para recargar reservas alimenticias antes de emprender el vuelo al Sur a los sitios de invernada. Las especies focales dependientes de esta \u00e1rea incluyen <em>Pluvialis dominica<\/em>, ambas Tringa, <em>Limosa fedoa<\/em>, <em>Calidris maritima<\/em>, <em>Calidris canutus<\/em>, <em>Calidris alba<\/em>, <em>Calidris pusilla<\/em>, <em>Phalaropus lobatus<\/em>, <em>Arenaria interpres<\/em> y <em>Numenius phaeopus<\/em>. <\/p>\n<p>Las principales amenazas para las aves playeras en esta regi\u00f3n incluyen el desarrollo comercial e industrial, y la predaci\u00f3n de huevos y polluelos por especies nativas y ex\u00f3ticas.<\/p>\n","protected":false},"excerpt":{"rendered":"<p>Esta regi\u00f3n se extiende desde la frontera Noroeste de Alaska, que abarca toda la Llanura Costera de Alaska al Norte de Brooks Range, extendi\u00e9ndose a trav\u00e9s de la totalidad del \u00c1rtico Canadiense hasta el Norte en la isla de Ellesmere, y hacia al Sur y al Este de la punta de la Pen\u00ednsula de Labrador. La frontera Sur incluye el &#8230; <\/p>\n<div><a href=\"https:\/\/atlanticflywayshorebirds.org\/es\/artico-oriental-y-subartico-artico\/\" class=\"more-link\">Read More<\/a><\/div>\n","protected":false},"author":1,"featured_media":321,"parent":0,"menu_order":200,"comment_status":"closed","ping_status":"closed","template":"","meta":{"footnotes":""},"class_list":["post-788","page","type-page","status-publish","has-post-thumbnail","hentry"],"_links":{"self":[{"href":"https:\/\/atlanticflywayshorebirds.org\/es\/wp-json\/wp\/v2\/pages\/788","targetHints":{"allow":["GET"]}}],"collection":[{"href":"https:\/\/atlanticflywayshorebirds.org\/es\/wp-json\/wp\/v2\/pages"}],"about":[{"href":"https:\/\/atlanticflywayshorebirds.org\/es\/wp-json\/wp\/v2\/types\/page"}],"author":[{"embeddable":true,"href":"https:\/\/atlanticflywayshorebirds.org\/es\/wp-json\/wp\/v2\/users\/1"}],"replies":[{"embeddable":true,"href":"https:\/\/atlanticflywayshorebirds.org\/es\/wp-json\/wp\/v2\/comments?post=788"}],"version-history":[{"count":2,"href":"https:\/\/atlanticflywayshorebirds.org\/es\/wp-json\/wp\/v2\/pages\/788\/revisions"}],"predecessor-version":[{"id":792,"href":"https:\/\/atlanticflywayshorebirds.org\/es\/wp-json\/wp\/v2\/pages\/788\/revisions\/792"}],"wp:featuredmedia":[{"embeddable":true,"href":"https:\/\/atlanticflywayshorebirds.org\/es\/wp-json\/wp\/v2\/media\/321"}],"wp:attachment":[{"href":"https:\/\/atlanticflywayshorebirds.org\/es\/wp-json\/wp\/v2\/media?parent=788"}],"curies":[{"name":"wp","href":"https:\/\/api.w.org\/{rel}","templated":true}]}}