{"id":790,"date":"2016-08-01T15:50:50","date_gmt":"2016-08-01T15:50:50","guid":{"rendered":"http:\/\/atlanticflywayshorebirds.org\/es\/?page_id=790"},"modified":"2016-08-01T15:50:50","modified_gmt":"2016-08-01T15:50:50","slug":"boreal","status":"publish","type":"page","link":"https:\/\/atlanticflywayshorebirds.org\/es\/boreal\/","title":{"rendered":"Boreal"},"content":{"rendered":"<p>Gran parte de Canad\u00e1 y Alaska est\u00e1 cubierto por el Bosque Boreal. El \u00e1rea de inter\u00e9s se encuentra justo en el Sur del Sub-\u00c1rtico, entre el borde sureste de la bah\u00eda de Hudson en su extremo occidental y contin\u00faa hacia el este hasta la costa de Labrador.<\/p>\n<p>La frontera sur incluye aquellas tierras justo por encima de los Grandes Lagos, y se sienta encima del Atl\u00e1ntico en Canad\u00e1 y el \u00e1rea de inter\u00e9s del Noreste hacia el este. <\/p>\n<p>El bosque boreal est\u00e1 dominado por abetos y otras con\u00edferas que con frecuencia crecen en bosques densos. Las aves playeras que dependen de esta zona hacen uso de una variedad de h\u00e1bitats abiertos, principalmente de humedales dentro del bosque, tales como pantanos, lagunas poco profundas, y las marismas asociadas con llanuras fluviales. A medida que el bosque se hace menos amplio hacia el Norte, las condiciones similares a la tundra aumentan, creando un mosaico fino de bosques y zonas abiertas, proporcionando h\u00e1bitat de anidaci\u00f3n y parada para otras especies. Muchas especies que anidan en el \u00c1rtico utilizan lugares espec\u00edficos dentro de esta zona para su estad\u00eda durante ambas migraciones direcci\u00f3n norte y sur. El m\u00e1s significativo de estos sitios es la Costa Sur de la Bah\u00eda de James, que mantiene a millones de aves playeras anualmente.<\/p>\n<p>Las aves playeras focales que est\u00e1n asociadas con la geograf\u00eda Boreal de inter\u00e9s incluyen: <em>Tringa melanoleuca<\/em>, <em>Tringa flavipes<\/em>, <em>Limosa fedoa<\/em>, <em>Calidris pusilla<\/em>, y en el borde Norte <em>Numenius phaeopus<\/em>. <\/p>\n<p>Las amenazas principales para las aves playeras en el \u00e1rea de inter\u00e9s de la zona Boreal involucran proyectos de producci\u00f3n de energ\u00eda y miner\u00eda a gran escala. Las actividades de mayor influencia negativa potencial incluyen la energ\u00eda hidroel\u00e9ctrica, la miner\u00eda y la extracci\u00f3n de petr\u00f3leo. Mortalidad por efectos directos de cacer\u00eda ocurren en esta zona, particularmente a lo largo del borde de la Costa Este en el \u00e1rea de Quebec, y la extensi\u00f3n y significancia de este problema no es todav\u00eda completamente entendido. <\/p>\n","protected":false},"excerpt":{"rendered":"<p>Gran parte de Canad\u00e1 y Alaska est\u00e1 cubierto por el Bosque Boreal. El \u00e1rea de inter\u00e9s se encuentra justo en el Sur del Sub-\u00c1rtico, entre el borde sureste de la bah\u00eda de Hudson en su extremo occidental y contin\u00faa hacia el este hasta la costa de Labrador. La frontera sur incluye aquellas tierras justo por encima de los Grandes Lagos, &#8230; <\/p>\n<div><a href=\"https:\/\/atlanticflywayshorebirds.org\/es\/boreal\/\" class=\"more-link\">Read More<\/a><\/div>\n","protected":false},"author":1,"featured_media":323,"parent":0,"menu_order":200,"comment_status":"closed","ping_status":"closed","template":"","meta":{"footnotes":""},"class_list":["post-790","page","type-page","status-publish","has-post-thumbnail","hentry"],"_links":{"self":[{"href":"https:\/\/atlanticflywayshorebirds.org\/es\/wp-json\/wp\/v2\/pages\/790","targetHints":{"allow":["GET"]}}],"collection":[{"href":"https:\/\/atlanticflywayshorebirds.org\/es\/wp-json\/wp\/v2\/pages"}],"about":[{"href":"https:\/\/atlanticflywayshorebirds.org\/es\/wp-json\/wp\/v2\/types\/page"}],"author":[{"embeddable":true,"href":"https:\/\/atlanticflywayshorebirds.org\/es\/wp-json\/wp\/v2\/users\/1"}],"replies":[{"embeddable":true,"href":"https:\/\/atlanticflywayshorebirds.org\/es\/wp-json\/wp\/v2\/comments?post=790"}],"version-history":[{"count":1,"href":"https:\/\/atlanticflywayshorebirds.org\/es\/wp-json\/wp\/v2\/pages\/790\/revisions"}],"predecessor-version":[{"id":791,"href":"https:\/\/atlanticflywayshorebirds.org\/es\/wp-json\/wp\/v2\/pages\/790\/revisions\/791"}],"wp:featuredmedia":[{"embeddable":true,"href":"https:\/\/atlanticflywayshorebirds.org\/es\/wp-json\/wp\/v2\/media\/323"}],"wp:attachment":[{"href":"https:\/\/atlanticflywayshorebirds.org\/es\/wp-json\/wp\/v2\/media?parent=790"}],"curies":[{"name":"wp","href":"https:\/\/api.w.org\/{rel}","templated":true}]}}