{"id":793,"date":"2016-08-01T15:54:12","date_gmt":"2016-08-01T15:54:12","guid":{"rendered":"http:\/\/atlanticflywayshorebirds.org\/es\/?page_id=793"},"modified":"2016-08-01T15:54:12","modified_gmt":"2016-08-01T15:54:12","slug":"zona-maritima-de-canada-y-noreste-de-estados-unidos-templado","status":"publish","type":"page","link":"https:\/\/atlanticflywayshorebirds.org\/es\/zona-maritima-de-canada-y-noreste-de-estados-unidos-templado\/","title":{"rendered":"Zona mar\u00edtima de Canad\u00e1 y Noreste de Estados Unidos (Templado)"},"content":{"rendered":"<p>Esta zona geogr\u00e1fica incluye la Costa Este de Canad\u00e1 y el Noreste de Estados Unidos, a partir de Terranova, el Golfo de San Lorenzo, y las provincias mar\u00edtimas de Canad\u00e1, que se extiende a lo largo de la costa de Nueva Inglaterra y Nueva York hasta la frontera entre Nueva York y Nueva Jersey. La vegetaci\u00f3n en esta \u00e1rea incluye bosques boreales y templados, pantanos de agua dulce y marismas costeros, deltas de r\u00edos, arbustos costeros, costas rocosas sin vegetaci\u00f3n, playas abiertas y dunas cubiertas de hierba.<\/p>\n<p>Esta zona del Corredor Migratorio del Atl\u00e1ntico es importante para las especies playeras en reproducci\u00f3n, incluyendo <em>Haematopus palliatus<\/em>, y es particularmente cr\u00edtica para <em>Charadrius melodus<\/em>, porque mantiene a la mayor\u00eda de la poblaci\u00f3n reproductiva de esta especie en el Corredor Migratorio del Atl\u00e1ntico.<\/p>\n<p>La regi\u00f3n es una de las \u00e1reas m\u00e1s ampliamente dominada por humanos de todo el Corredor Migratorio del Atl\u00e1ntico, con una larga historia de cambios y manipulaci\u00f3n del paisaje costero, alteraci\u00f3n de la tierra y destrucci\u00f3n de humedales. La regi\u00f3n sigue siendo una importante zona de paso y de vuelo para las aves playeras durante la migraci\u00f3n hacia el Sur. Especies que se reproducen en el \u00c1rtico y la zona Boreal como C<em>alidris canutus<\/em>, <em>Phalaropus lobatus<\/em>, <em>Calidris pusilla<\/em>, <em>Numenius phaeopus<\/em> y <em>Pluvialis dominica<\/em> comienzan a llegar hacia finales de junio, antes de continuar hacia el sur sobre el Atl\u00e1ntico o a lo largo de la costa. Al menos dos especies de aves playeras de la lista focal se encuentran durante el invierno en esta \u00e1rea en n\u00fameros importantes <em>Calidris alba<\/em> y m\u00e1s significativamente <em>Calidris maritima<\/em>. Las costas rocosas de la Costa Este de Canad\u00e1 y Maine mantienen la mayor parte de la poblaci\u00f3n invernante de Calidris mar\u00edtima en el Corredor Migratorio del Atl\u00e1ntico.<\/p>\n<p>Las amenazas a las aves playeras en el Atl\u00e1ntico Canadiense y el Noreste de los Estados Unidos incluyen el desarrollo comercial, industrial  y residencial, ingenier\u00eda costea incompatible con las aves, perturbaci\u00f3n humana, contaminaci\u00f3n, depredaci\u00f3n de huevos, polluelos y adultos dados los altos n\u00famero de depredadores nativos y dom\u00e9sticos, pr\u00e1cticas de manejo incompatibles, y pr\u00e1cticas no reguladas de  acuicultura intermareales.<\/p>\n","protected":false},"excerpt":{"rendered":"<p>Esta zona geogr\u00e1fica incluye la Costa Este de Canad\u00e1 y el Noreste de Estados Unidos, a partir de Terranova, el Golfo de San Lorenzo, y las provincias mar\u00edtimas de Canad\u00e1, que se extiende a lo largo de la costa de Nueva Inglaterra y Nueva York hasta la frontera entre Nueva York y Nueva Jersey. La vegetaci\u00f3n en esta \u00e1rea incluye &#8230; <\/p>\n<div><a href=\"https:\/\/atlanticflywayshorebirds.org\/es\/zona-maritima-de-canada-y-noreste-de-estados-unidos-templado\/\" class=\"more-link\">Read More<\/a><\/div>\n","protected":false},"author":1,"featured_media":327,"parent":0,"menu_order":200,"comment_status":"closed","ping_status":"closed","template":"","meta":{"footnotes":""},"class_list":["post-793","page","type-page","status-publish","has-post-thumbnail","hentry"],"_links":{"self":[{"href":"https:\/\/atlanticflywayshorebirds.org\/es\/wp-json\/wp\/v2\/pages\/793","targetHints":{"allow":["GET"]}}],"collection":[{"href":"https:\/\/atlanticflywayshorebirds.org\/es\/wp-json\/wp\/v2\/pages"}],"about":[{"href":"https:\/\/atlanticflywayshorebirds.org\/es\/wp-json\/wp\/v2\/types\/page"}],"author":[{"embeddable":true,"href":"https:\/\/atlanticflywayshorebirds.org\/es\/wp-json\/wp\/v2\/users\/1"}],"replies":[{"embeddable":true,"href":"https:\/\/atlanticflywayshorebirds.org\/es\/wp-json\/wp\/v2\/comments?post=793"}],"version-history":[{"count":1,"href":"https:\/\/atlanticflywayshorebirds.org\/es\/wp-json\/wp\/v2\/pages\/793\/revisions"}],"predecessor-version":[{"id":794,"href":"https:\/\/atlanticflywayshorebirds.org\/es\/wp-json\/wp\/v2\/pages\/793\/revisions\/794"}],"wp:featuredmedia":[{"embeddable":true,"href":"https:\/\/atlanticflywayshorebirds.org\/es\/wp-json\/wp\/v2\/media\/327"}],"wp:attachment":[{"href":"https:\/\/atlanticflywayshorebirds.org\/es\/wp-json\/wp\/v2\/media?parent=793"}],"curies":[{"name":"wp","href":"https:\/\/api.w.org\/{rel}","templated":true}]}}