{"id":795,"date":"2016-08-01T15:55:23","date_gmt":"2016-08-01T15:55:23","guid":{"rendered":"http:\/\/atlanticflywayshorebirds.org\/es\/?page_id=795"},"modified":"2016-08-01T15:55:23","modified_gmt":"2016-08-01T15:55:23","slug":"atlantico-medio-y-sureste-de-estados-unidos-templado","status":"publish","type":"page","link":"https:\/\/atlanticflywayshorebirds.org\/es\/atlantico-medio-y-sureste-de-estados-unidos-templado\/","title":{"rendered":"Atl\u00e1ntico Medio y Sureste de Estados Unidos (Templado)"},"content":{"rendered":"<p>Esta zona geogr\u00e1fica se extiende desde la punta Noreste de Nueva Jersey por la Costa Atl\u00e1ntica hasta la punta de los Cayos de Florida, y luego hasta la costa del Golfo en la Florida hasta la frontera con Alabama. Esta regi\u00f3n es un paisaje costero dominado por humanos, donde hay h\u00e1bitats cr\u00edticos para las aves playeras a lo largo de todo el a\u00f1o. Los h\u00e1bitats m\u00e1s importantes son la cadena costera exterior de playas, ensenadas, planicies intermareales y marismas. Proporcionar y mantener la calidad sitios de anidaci\u00f3n, de parada durante la migraci\u00f3n y sitios de invernada en el Sureste de los Estados Unidos es extremadamente importante para el mantenimiento y estabilidad de las poblaciones de aves playeras en el Corredor Migratorio del Atl\u00e1ntico. El \u00e1rea geogr\u00e1fica de inter\u00e9s incluye los sitios importantes de parada durante la migraci\u00f3n de primavera de la bah\u00eda de Delaware, y grandes \u00e1reas de las islas de barrera y las marismas de Virginia a Georgia. Todos los estados de la regi\u00f3n son importantes para las aves playeras.<\/p>\n<p>Las amenazas en esta regi\u00f3n son similares a las del Noreste, pero hay una necesidad mayor manejo de los sitios para la protecci\u00f3n de los h\u00e1bitats de barrera, especialmente en la mayor\u00eda de los estados del Sur, donde se ampl\u00eda la temporada para actividades recreativas para incluir todo el a\u00f1o. Amenazas dignas de mencionar para la zona son proyectos de ingenier\u00eda costera incompatibles, el desarrollo comercial, industrial y residencial, la perturbaci\u00f3n humana, contaminaci\u00f3n, la depredaci\u00f3n de huevos, polluelos y adultos debido a los altos n\u00fameros de depredadores nativos y dom\u00e9sticos, pr\u00e1cticas de manejo de los sitios incompatibles con la conservaci\u00f3n de aves playeras (patrullas de conservaci\u00f3n de tortugas marinas entre otros), y especies ex\u00f3ticas e invasoras de invertebrados marinos que amenazan el acceso y la disponibilidad de recursos alimenticios intermareales.<\/p>\n","protected":false},"excerpt":{"rendered":"<p>Esta zona geogr\u00e1fica se extiende desde la punta Noreste de Nueva Jersey por la Costa Atl\u00e1ntica hasta la punta de los Cayos de Florida, y luego hasta la costa del Golfo en la Florida hasta la frontera con Alabama. Esta regi\u00f3n es un paisaje costero dominado por humanos, donde hay h\u00e1bitats cr\u00edticos para las aves playeras a lo largo de &#8230; <\/p>\n<div><a href=\"https:\/\/atlanticflywayshorebirds.org\/es\/atlantico-medio-y-sureste-de-estados-unidos-templado\/\" class=\"more-link\">Read More<\/a><\/div>\n","protected":false},"author":1,"featured_media":329,"parent":0,"menu_order":200,"comment_status":"closed","ping_status":"closed","template":"","meta":{"footnotes":""},"class_list":["post-795","page","type-page","status-publish","has-post-thumbnail","hentry"],"_links":{"self":[{"href":"https:\/\/atlanticflywayshorebirds.org\/es\/wp-json\/wp\/v2\/pages\/795","targetHints":{"allow":["GET"]}}],"collection":[{"href":"https:\/\/atlanticflywayshorebirds.org\/es\/wp-json\/wp\/v2\/pages"}],"about":[{"href":"https:\/\/atlanticflywayshorebirds.org\/es\/wp-json\/wp\/v2\/types\/page"}],"author":[{"embeddable":true,"href":"https:\/\/atlanticflywayshorebirds.org\/es\/wp-json\/wp\/v2\/users\/1"}],"replies":[{"embeddable":true,"href":"https:\/\/atlanticflywayshorebirds.org\/es\/wp-json\/wp\/v2\/comments?post=795"}],"version-history":[{"count":1,"href":"https:\/\/atlanticflywayshorebirds.org\/es\/wp-json\/wp\/v2\/pages\/795\/revisions"}],"predecessor-version":[{"id":796,"href":"https:\/\/atlanticflywayshorebirds.org\/es\/wp-json\/wp\/v2\/pages\/795\/revisions\/796"}],"wp:featuredmedia":[{"embeddable":true,"href":"https:\/\/atlanticflywayshorebirds.org\/es\/wp-json\/wp\/v2\/media\/329"}],"wp:attachment":[{"href":"https:\/\/atlanticflywayshorebirds.org\/es\/wp-json\/wp\/v2\/media?parent=795"}],"curies":[{"name":"wp","href":"https:\/\/api.w.org\/{rel}","templated":true}]}}