{"id":797,"date":"2016-08-01T15:57:38","date_gmt":"2016-08-01T15:57:38","guid":{"rendered":"http:\/\/atlanticflywayshorebirds.org\/es\/?page_id=797"},"modified":"2016-08-01T15:57:38","modified_gmt":"2016-08-01T15:57:38","slug":"caribe-tropical","status":"publish","type":"page","link":"https:\/\/atlanticflywayshorebirds.org\/es\/caribe-tropical\/","title":{"rendered":"Caribe (Tropical)"},"content":{"rendered":"<p>Esta \u00e1rea geogr\u00e1fica abarca las islas del Caribe insular, incluyendo las Bahamas, Antillas Mayores (Cuba, La Espa\u00f1ola, Jamaica y Puerto Rico), Islas V\u00edrgenes, Islas Caim\u00e1n, Antillas Menores, Trinidad y Tobago, y las islas frente a la costa de Venezuela. El Caribe tiene una serie de h\u00e1bitats importantes para las aves playeras, incluyendo los bancos de arena y extensos bajos intermareales, bah\u00edas y lagunas de agua salada, manglares, playas de arena, humedales de agua dulce, los arrozales y campos y pantanos usados para actividades de tiro.<\/p>\n<p>El Caribe ofrece importantes sitios de permanencia e invernada para especies focales incluyendo Numenius phaeopus, Tringa melanoleuca, Tringa flavipes, Arenaria interpres, <em>Calidris canutus<\/em> y <em>Calidris pusilla<\/em> y otras especies tales como el<br \/>\n<em>Limnodromus griseus<\/em>. De particular inter\u00e9s es la importancia del Caribe para la invernada del <em>Charadrius melodus<\/em>, especialmente los Cayos de Joulter en las Bahamas. En condiciones meteorol\u00f3gicas adversas, los humedales en las Antillas Menores y los pantanos para actividades de tiro en Barbados proporcionan refugios importantes para las aves playeras migratorias, como el <em>Pluvialis dominica<\/em>, <em>Tringa flavipes<\/em> y <em>Numenius phaeopus<\/em>. Esta regi\u00f3n tambi\u00e9n es compatible con un peque\u00f1o n\u00famero de aves playeras que anidan en la playa, incluyendo poblaciones residentes de <em>Haematopus palliatus<\/em>, <em>Charadrius wilsonia<\/em>.<\/p>\n<p>Las amenazas a las aves playeras en el Caribe incluyen el desarrollo comercial, industrial y residencial, la perturbaci\u00f3n humana, contaminaci\u00f3n, la depredaci\u00f3n de huevos, polluelos y adultos debido a los altos n\u00fameros de depredadores nativos y dom\u00e9sticos, pr\u00e1cticas de manejo de los sitios incompatibles con la conservaci\u00f3n de aves playeras. Una amenaza muy particular de esta geograf\u00eda es la cacer\u00eda no-sostenible de algunas especies. <\/p>\n","protected":false},"excerpt":{"rendered":"<p>Esta \u00e1rea geogr\u00e1fica abarca las islas del Caribe insular, incluyendo las Bahamas, Antillas Mayores (Cuba, La Espa\u00f1ola, Jamaica y Puerto Rico), Islas V\u00edrgenes, Islas Caim\u00e1n, Antillas Menores, Trinidad y Tobago, y las islas frente a la costa de Venezuela. El Caribe tiene una serie de h\u00e1bitats importantes para las aves playeras, incluyendo los bancos de arena y extensos bajos intermareales, &#8230; <\/p>\n<div><a href=\"https:\/\/atlanticflywayshorebirds.org\/es\/caribe-tropical\/\" class=\"more-link\">Read More<\/a><\/div>\n","protected":false},"author":1,"featured_media":332,"parent":0,"menu_order":200,"comment_status":"closed","ping_status":"closed","template":"","meta":{"footnotes":""},"class_list":["post-797","page","type-page","status-publish","has-post-thumbnail","hentry"],"_links":{"self":[{"href":"https:\/\/atlanticflywayshorebirds.org\/es\/wp-json\/wp\/v2\/pages\/797","targetHints":{"allow":["GET"]}}],"collection":[{"href":"https:\/\/atlanticflywayshorebirds.org\/es\/wp-json\/wp\/v2\/pages"}],"about":[{"href":"https:\/\/atlanticflywayshorebirds.org\/es\/wp-json\/wp\/v2\/types\/page"}],"author":[{"embeddable":true,"href":"https:\/\/atlanticflywayshorebirds.org\/es\/wp-json\/wp\/v2\/users\/1"}],"replies":[{"embeddable":true,"href":"https:\/\/atlanticflywayshorebirds.org\/es\/wp-json\/wp\/v2\/comments?post=797"}],"version-history":[{"count":1,"href":"https:\/\/atlanticflywayshorebirds.org\/es\/wp-json\/wp\/v2\/pages\/797\/revisions"}],"predecessor-version":[{"id":798,"href":"https:\/\/atlanticflywayshorebirds.org\/es\/wp-json\/wp\/v2\/pages\/797\/revisions\/798"}],"wp:featuredmedia":[{"embeddable":true,"href":"https:\/\/atlanticflywayshorebirds.org\/es\/wp-json\/wp\/v2\/media\/332"}],"wp:attachment":[{"href":"https:\/\/atlanticflywayshorebirds.org\/es\/wp-json\/wp\/v2\/media?parent=797"}],"curies":[{"name":"wp","href":"https:\/\/api.w.org\/{rel}","templated":true}]}}