{"id":799,"date":"2016-08-01T16:00:15","date_gmt":"2016-08-01T16:00:15","guid":{"rendered":"http:\/\/atlanticflywayshorebirds.org\/es\/?page_id=799"},"modified":"2016-08-01T16:01:06","modified_gmt":"2016-08-01T16:01:06","slug":"el-norte-de-suramerica-tropical","status":"publish","type":"page","link":"https:\/\/atlanticflywayshorebirds.org\/es\/el-norte-de-suramerica-tropical\/","title":{"rendered":"El Norte de Suram\u00e9rica (Tropical)"},"content":{"rendered":"<p>Esta geograf\u00eda cubre el \u00e1rea del Golfo de Urab\u00e1 en Colombia, donde el istmo de Panam\u00e1 se une a Am\u00e9rica del Sur, a lo largo de la costa del Caribe al extremo noreste de Brasil, en Natal, en el Estado de Rio Grande do Norte. Los bosques de manglares dominan la costa este del istmo con estuarios, lagunas costeras y playas de arena. El Norte de Am\u00e9rica del Sur representa el \u00e1rea de invernada m\u00e1s importante de Am\u00e9rica del Sur para especies focales como <em>Numenius phaeopus<\/em>, <em>Tringa melanoleuca<\/em>, <em>Tringa flavipes<\/em>, Arenaria interpres y <em>Calidris pusilla<\/em>, adem\u00e1s de <em>Pluvialis squatarola<\/em>, <em>Limnodromus griseus<\/em>, <em>Calidris canutus<\/em> y <em>Tringa semipalmata<\/em>. <\/p>\n<p>Esta geograf\u00eda tambi\u00e9n es mantiene un peque\u00f1o n\u00famero de aves playeras que anidan en la playa, incluyendo poblaciones residentes de <em>Haematopus palliatus<\/em>, <em>Charadius alexandrinus<\/em> y <em>Charadrius wilsonia<\/em>. <\/p>\n<p>Las amenazas a las aves costeras en el norte de Am\u00e9rica del Sur incluyen el desarrollo comercial, industrial y residencial, la perturbaci\u00f3n humana, contaminaci\u00f3n, la depredaci\u00f3n de huevos, polluelos y adultos debido a los altos n\u00fameros de depredadores nativos y dom\u00e9sticos, pr\u00e1cticas de manejo de los sitios incompatibles con la conservaci\u00f3n de aves playeras. Una amenaza muy particular de esta geograf\u00eda es la cacer\u00eda no-sostenible de algunas especies.<\/p>\n","protected":false},"excerpt":{"rendered":"<p>Esta geograf\u00eda cubre el \u00e1rea del Golfo de Urab\u00e1 en Colombia, donde el istmo de Panam\u00e1 se une a Am\u00e9rica del Sur, a lo largo de la costa del Caribe al extremo noreste de Brasil, en Natal, en el Estado de Rio Grande do Norte. Los bosques de manglares dominan la costa este del istmo con estuarios, lagunas costeras y &#8230; <\/p>\n<div><a href=\"https:\/\/atlanticflywayshorebirds.org\/es\/el-norte-de-suramerica-tropical\/\" class=\"more-link\">Read More<\/a><\/div>\n","protected":false},"author":1,"featured_media":335,"parent":0,"menu_order":200,"comment_status":"closed","ping_status":"closed","template":"","meta":{"footnotes":""},"class_list":["post-799","page","type-page","status-publish","has-post-thumbnail","hentry"],"_links":{"self":[{"href":"https:\/\/atlanticflywayshorebirds.org\/es\/wp-json\/wp\/v2\/pages\/799","targetHints":{"allow":["GET"]}}],"collection":[{"href":"https:\/\/atlanticflywayshorebirds.org\/es\/wp-json\/wp\/v2\/pages"}],"about":[{"href":"https:\/\/atlanticflywayshorebirds.org\/es\/wp-json\/wp\/v2\/types\/page"}],"author":[{"embeddable":true,"href":"https:\/\/atlanticflywayshorebirds.org\/es\/wp-json\/wp\/v2\/users\/1"}],"replies":[{"embeddable":true,"href":"https:\/\/atlanticflywayshorebirds.org\/es\/wp-json\/wp\/v2\/comments?post=799"}],"version-history":[{"count":2,"href":"https:\/\/atlanticflywayshorebirds.org\/es\/wp-json\/wp\/v2\/pages\/799\/revisions"}],"predecessor-version":[{"id":801,"href":"https:\/\/atlanticflywayshorebirds.org\/es\/wp-json\/wp\/v2\/pages\/799\/revisions\/801"}],"wp:featuredmedia":[{"embeddable":true,"href":"https:\/\/atlanticflywayshorebirds.org\/es\/wp-json\/wp\/v2\/media\/335"}],"wp:attachment":[{"href":"https:\/\/atlanticflywayshorebirds.org\/es\/wp-json\/wp\/v2\/media?parent=799"}],"curies":[{"name":"wp","href":"https:\/\/api.w.org\/{rel}","templated":true}]}}