{"id":802,"date":"2016-08-01T16:17:09","date_gmt":"2016-08-01T16:17:09","guid":{"rendered":"http:\/\/atlanticflywayshorebirds.org\/es\/?page_id=802"},"modified":"2016-08-01T16:18:47","modified_gmt":"2016-08-01T16:18:47","slug":"suramerica-oriental-austral","status":"publish","type":"page","link":"https:\/\/atlanticflywayshorebirds.org\/es\/suramerica-oriental-austral\/","title":{"rendered":"Suram\u00e9rica Oriental (Austral)"},"content":{"rendered":"<p>Esta regi\u00f3n cubre el \u00e1rea desde Natal, en el extremo Noreste de Brasil hacia el Sur hasta Tierra del Fuego (Argentina, Chile) en el extremo Sur de Am\u00e9rica del Sur. De Natal hacia el Sur, la costa es una mezcla de acantilados bajos, playas arenosas, algunas playas de barrera, bah\u00edas y estuarios y manglares. M\u00e1s al sur, la costa de Rio Grande do Sul (Brasil) constituye una de las playas ininterrumpidas m\u00e1s largas del mundo, con una serie de importantes lagunas detr\u00e1s de la costa que contin\u00faan en Uruguay. Las lagunas costeras proporcionan importantes sitios de invernada y permanencia para las aves playeras. En el interior, los pastizales pampeanos del Sur de Brasil, Uruguay, Paraguay y el Sur centro-norte de Argentina son una importante zona de invernada para las aves playeras que son dependientes de pastizal.<\/p>\n<p>La costa del R\u00edo de la Plata hasta Tierra de Fuego incluye una amplia variedad de h\u00e1bitats, con deltas y estuarios, costas de arena con dunas, acantilados, playas de guijarros, y plataformas rocosas. \u00c1reas importantes para las aves playeras incluyen los extensos pantanos y marismas de la Bah\u00eda de Samboromb\u00f3n, los bajos intermareales y marismas de Bah\u00eda Blanca, la ensenada de San Antonio Oeste y el estuario del R\u00edo Gallegos. Tierra del Fuego posee vastas marismas intermareales en Bah\u00eda San Sebasti\u00e1n (Argentina) y Bah\u00eda Lomas (Chile). Las marismas de Tierra del Fuego y Sur de Argentina proporcionan h\u00e1bitat de invernada y de permanencia cr\u00edtico para Calidris canutus,  y adicionalmente para <em>Limosa haemastica<\/em> y <em>Calidris fuscicollis<\/em>. Las lagunas costeras, humedales y pastizales asociados del Sur de Brasil hasta el Norte de Argentina proveen de h\u00e1bitat de invernada importante para Pluvialis dominica, ambas especies de <em>Tringa<\/em>, y adicionalmente <em>Calidris subruficollis<\/em> y <em>Calidris melanotos<\/em>, mientras que las playas de Rio Grande do Sul tienen la m\u00e1s importante poblaci\u00f3n invernante de Calidris alba del Este de Suram\u00e9rica. Esta zona tambi\u00e9n es mantiene otras importantes poblaciones de aves playeras que anidan en playas, incluidas las poblaciones residentes de <em>Haematopus palliatus<\/em>, y especies end\u00e9micas de Suram\u00e9rica, como <em>Haematopus leucopodus<\/em> y <em>Haematopus ater<\/em>, <em>Charadrius falklandicus<\/em>, <em>Charadrius modestus<\/em> y <em>Pluvianellus socialis<\/em>.<\/p>\n<p>Las amenazas a las aves costeras en Suram\u00e9rica Oriental incluyen el desarrollo comercial, industrial y residencial, la perturbaci\u00f3n humana, contaminaci\u00f3n, la depredaci\u00f3n de huevos, polluelos y adultos debido a los altos n\u00fameros de depredadores nativos y dom\u00e9sticos, pr\u00e1cticas de manejo de los sitios incompatibles con la conservaci\u00f3n de aves playeras. <\/p>\n","protected":false},"excerpt":{"rendered":"<p>Esta regi\u00f3n cubre el \u00e1rea desde Natal, en el extremo Noreste de Brasil hacia el Sur hasta Tierra del Fuego (Argentina, Chile) en el extremo Sur de Am\u00e9rica del Sur. De Natal hacia el Sur, la costa es una mezcla de acantilados bajos, playas arenosas, algunas playas de barrera, bah\u00edas y estuarios y manglares. M\u00e1s al sur, la costa de &#8230; <\/p>\n<div><a href=\"https:\/\/atlanticflywayshorebirds.org\/es\/suramerica-oriental-austral\/\" class=\"more-link\">Read More<\/a><\/div>\n","protected":false},"author":1,"featured_media":338,"parent":0,"menu_order":200,"comment_status":"closed","ping_status":"closed","template":"","meta":{"footnotes":""},"class_list":["post-802","page","type-page","status-publish","has-post-thumbnail","hentry"],"_links":{"self":[{"href":"https:\/\/atlanticflywayshorebirds.org\/es\/wp-json\/wp\/v2\/pages\/802","targetHints":{"allow":["GET"]}}],"collection":[{"href":"https:\/\/atlanticflywayshorebirds.org\/es\/wp-json\/wp\/v2\/pages"}],"about":[{"href":"https:\/\/atlanticflywayshorebirds.org\/es\/wp-json\/wp\/v2\/types\/page"}],"author":[{"embeddable":true,"href":"https:\/\/atlanticflywayshorebirds.org\/es\/wp-json\/wp\/v2\/users\/1"}],"replies":[{"embeddable":true,"href":"https:\/\/atlanticflywayshorebirds.org\/es\/wp-json\/wp\/v2\/comments?post=802"}],"version-history":[{"count":3,"href":"https:\/\/atlanticflywayshorebirds.org\/es\/wp-json\/wp\/v2\/pages\/802\/revisions"}],"predecessor-version":[{"id":805,"href":"https:\/\/atlanticflywayshorebirds.org\/es\/wp-json\/wp\/v2\/pages\/802\/revisions\/805"}],"wp:featuredmedia":[{"embeddable":true,"href":"https:\/\/atlanticflywayshorebirds.org\/es\/wp-json\/wp\/v2\/media\/338"}],"wp:attachment":[{"href":"https:\/\/atlanticflywayshorebirds.org\/es\/wp-json\/wp\/v2\/media?parent=802"}],"curies":[{"name":"wp","href":"https:\/\/api.w.org\/{rel}","templated":true}]}}