{"id":813,"date":"2016-08-01T17:30:09","date_gmt":"2016-08-01T17:30:09","guid":{"rendered":"http:\/\/atlanticflywayshorebirds.org\/es\/?page_id=813"},"modified":"2016-08-01T17:56:27","modified_gmt":"2016-08-01T17:56:27","slug":"habitats-importantes","status":"publish","type":"page","link":"https:\/\/atlanticflywayshorebirds.org\/es\/habitats-importantes\/","title":{"rendered":"H\u00e1bitats Importantes"},"content":{"rendered":"<p><a href=\"\/eastern-arctic-and-subarctic-arctic\/\"><img loading=\"lazy\" decoding=\"async\" style=\"padding-bottom: 26px;\" src=\"http:\/\/atlanticflywayshorebirds.org\/wp-content\/uploads\/2016\/01\/artic-300x150.jpg\" alt=\"artic\" width=\"300\" height=\"150\" class=\"alignleft size-medium wp-image-321\" srcset=\"https:\/\/atlanticflywayshorebirds.org\/wp-content\/uploads\/2016\/01\/artic-300x150.jpg 300w, https:\/\/atlanticflywayshorebirds.org\/wp-content\/uploads\/2016\/01\/artic-1024x512.jpg 1024w, https:\/\/atlanticflywayshorebirds.org\/wp-content\/uploads\/2016\/01\/artic-100x50.jpg 100w, https:\/\/atlanticflywayshorebirds.org\/wp-content\/uploads\/2016\/01\/artic-862x431.jpg 862w, https:\/\/atlanticflywayshorebirds.org\/wp-content\/uploads\/2016\/01\/artic.jpg 1200w\" sizes=\"auto, (max-width: 300px) 100vw, 300px\" \/><\/a><strong><a href=\"\/eastern-arctic-and-subarctic-arctic\/\">\u00c1rtico Oriental y Subartico (\u00c1rtico)<\/a><\/strong><\/p>\n<div style=\"clear: both;\"><\/div>\n<p><a href=\"\/boreal\/\"><img loading=\"lazy\" decoding=\"async\" style=\"padding-bottom: 26px;\" src=\"http:\/\/atlanticflywayshorebirds.org\/wp-content\/uploads\/2016\/01\/boreal-300x150.jpg\" alt=\"boreal\" width=\"300\" height=\"150\" class=\"alignleft size-medium wp-image-323\" srcset=\"https:\/\/atlanticflywayshorebirds.org\/wp-content\/uploads\/2016\/01\/boreal-300x150.jpg 300w, https:\/\/atlanticflywayshorebirds.org\/wp-content\/uploads\/2016\/01\/boreal-1024x512.jpg 1024w, https:\/\/atlanticflywayshorebirds.org\/wp-content\/uploads\/2016\/01\/boreal-100x50.jpg 100w, https:\/\/atlanticflywayshorebirds.org\/wp-content\/uploads\/2016\/01\/boreal-862x431.jpg 862w, https:\/\/atlanticflywayshorebirds.org\/wp-content\/uploads\/2016\/01\/boreal.jpg 1200w\" sizes=\"auto, (max-width: 300px) 100vw, 300px\" \/><\/a><strong><a href=\"\/boreal\/\">Boreal<\/a><\/strong><\/p>\n<div style=\"clear: both;\"><\/div>\n<p><a href=\"\/maritime-canada-and-northeastern-u-s-temperate\/\"><img loading=\"lazy\" decoding=\"async\" style=\"padding-bottom: 26px;\" src=\"http:\/\/atlanticflywayshorebirds.org\/wp-content\/uploads\/2016\/01\/maritime-300x150.jpg\" alt=\"maritime\" width=\"300\" height=\"150\" class=\"alignleft size-medium wp-image-327\" srcset=\"https:\/\/atlanticflywayshorebirds.org\/wp-content\/uploads\/2016\/01\/maritime-300x150.jpg 300w, https:\/\/atlanticflywayshorebirds.org\/wp-content\/uploads\/2016\/01\/maritime-1024x512.jpg 1024w, https:\/\/atlanticflywayshorebirds.org\/wp-content\/uploads\/2016\/01\/maritime-100x50.jpg 100w, https:\/\/atlanticflywayshorebirds.org\/wp-content\/uploads\/2016\/01\/maritime-862x431.jpg 862w, https:\/\/atlanticflywayshorebirds.org\/wp-content\/uploads\/2016\/01\/maritime.jpg 1200w\" sizes=\"auto, (max-width: 300px) 100vw, 300px\" \/><\/a><strong><a href=\"\/maritime-canada-and-northeastern-u-s-temperate\/\">Zona mar\u00edtima de Canad\u00e1 y Noreste de Estados Unidos (Templado)<\/a><\/strong><\/p>\n<div style=\"clear: both;\"><\/div>\n<p><a href=\"\/mid-atlantic-southeastern-us\/\"><img loading=\"lazy\" decoding=\"async\" style=\"padding-bottom: 26px;\"  src=\"http:\/\/atlanticflywayshorebirds.org\/wp-content\/uploads\/2016\/01\/mudflats-300x150.jpg\" alt=\"mudflats\" width=\"300\" height=\"150\" class=\"alignleft size-medium wp-image-329\" srcset=\"https:\/\/atlanticflywayshorebirds.org\/wp-content\/uploads\/2016\/01\/mudflats-300x150.jpg 300w, https:\/\/atlanticflywayshorebirds.org\/wp-content\/uploads\/2016\/01\/mudflats-1024x512.jpg 1024w, https:\/\/atlanticflywayshorebirds.org\/wp-content\/uploads\/2016\/01\/mudflats-100x50.jpg 100w, https:\/\/atlanticflywayshorebirds.org\/wp-content\/uploads\/2016\/01\/mudflats-862x431.jpg 862w, https:\/\/atlanticflywayshorebirds.org\/wp-content\/uploads\/2016\/01\/mudflats.jpg 1200w\" sizes=\"auto, (max-width: 300px) 100vw, 300px\" \/><\/a><strong><a href=\"\/mid-atlantic-southeastern-us\/\">Mid-Atlantic &#038; Southeastern U.S.<\/a><\/strong><\/p>\n<div style=\"clear: both;\"><\/div>\n<p><a href=\"\/caribbean-tropical\/\"><img loading=\"lazy\" decoding=\"async\" style=\"padding-bottom: 26px;\"  src=\"http:\/\/atlanticflywayshorebirds.org\/wp-content\/uploads\/2016\/01\/carribean-tropical-300x150.jpg\" alt=\"carribean-tropical\" width=\"300\" height=\"150\" class=\"alignleft size-medium wp-image-332\" srcset=\"https:\/\/atlanticflywayshorebirds.org\/wp-content\/uploads\/2016\/01\/carribean-tropical-300x150.jpg 300w, https:\/\/atlanticflywayshorebirds.org\/wp-content\/uploads\/2016\/01\/carribean-tropical-1024x512.jpg 1024w, https:\/\/atlanticflywayshorebirds.org\/wp-content\/uploads\/2016\/01\/carribean-tropical-100x50.jpg 100w, https:\/\/atlanticflywayshorebirds.org\/wp-content\/uploads\/2016\/01\/carribean-tropical-862x431.jpg 862w, https:\/\/atlanticflywayshorebirds.org\/wp-content\/uploads\/2016\/01\/carribean-tropical.jpg 1200w\" sizes=\"auto, (max-width: 300px) 100vw, 300px\" \/><\/a><strong><a href=\"\/caribbean-tropical\/\">Caribe (Tropical)<\/a><\/strong><\/p>\n<div style=\"clear: both;\"><\/div>\n<p><a href=\"\/northern-south-america-tropical\/\"><img loading=\"lazy\" decoding=\"async\" style=\"padding-bottom: 26px;\"  src=\"http:\/\/atlanticflywayshorebirds.org\/wp-content\/uploads\/2016\/01\/northern-sa-300x150.jpg\" alt=\"northern-sa\" width=\"300\" height=\"150\" class=\"alignleft size-medium wp-image-335\" srcset=\"https:\/\/atlanticflywayshorebirds.org\/wp-content\/uploads\/2016\/01\/northern-sa-300x150.jpg 300w, https:\/\/atlanticflywayshorebirds.org\/wp-content\/uploads\/2016\/01\/northern-sa-1024x512.jpg 1024w, https:\/\/atlanticflywayshorebirds.org\/wp-content\/uploads\/2016\/01\/northern-sa-100x50.jpg 100w, https:\/\/atlanticflywayshorebirds.org\/wp-content\/uploads\/2016\/01\/northern-sa-862x431.jpg 862w, https:\/\/atlanticflywayshorebirds.org\/wp-content\/uploads\/2016\/01\/northern-sa.jpg 1200w\" sizes=\"auto, (max-width: 300px) 100vw, 300px\" \/><\/a><strong><a href=\"\/northern-south-america-tropical\/\">Atl\u00e1ntico Medio y Sureste de Estados Unidos (Templado)<\/a><\/strong><\/p>\n<div style=\"clear: both;\"><\/div>\n<p><a href=\"\/eastern-south-america-austral\/\"><img loading=\"lazy\" decoding=\"async\" style=\"padding-bottom: 26px;\"  src=\"http:\/\/atlanticflywayshorebirds.org\/wp-content\/uploads\/2016\/01\/tierra-del-fuego1-300x150.jpg\" alt=\"tierra-del-fuego\" width=\"300\" height=\"150\" class=\"alignleft size-medium wp-image-338\" srcset=\"https:\/\/atlanticflywayshorebirds.org\/wp-content\/uploads\/2016\/01\/tierra-del-fuego1-300x150.jpg 300w, https:\/\/atlanticflywayshorebirds.org\/wp-content\/uploads\/2016\/01\/tierra-del-fuego1-1024x512.jpg 1024w, https:\/\/atlanticflywayshorebirds.org\/wp-content\/uploads\/2016\/01\/tierra-del-fuego1-100x50.jpg 100w, https:\/\/atlanticflywayshorebirds.org\/wp-content\/uploads\/2016\/01\/tierra-del-fuego1-862x431.jpg 862w, https:\/\/atlanticflywayshorebirds.org\/wp-content\/uploads\/2016\/01\/tierra-del-fuego1.jpg 1200w\" sizes=\"auto, (max-width: 300px) 100vw, 300px\" \/><\/a><strong><a href=\"\/eastern-south-america-austral\/\">Suram\u00e9rica Oriental (Austral)<\/a><\/strong><\/p>\n","protected":false},"excerpt":{"rendered":"<p>\u00c1rtico Oriental y Subartico (\u00c1rtico) Boreal Zona mar\u00edtima de Canad\u00e1 y Noreste de Estados Unidos (Templado) Mid-Atlantic &#038; Southeastern U.S. Caribe (Tropical) Atl\u00e1ntico Medio y Sureste de Estados Unidos (Templado) Suram\u00e9rica Oriental (Austral)<\/p>\n","protected":false},"author":1,"featured_media":817,"parent":0,"menu_order":0,"comment_status":"closed","ping_status":"closed","template":"","meta":{"footnotes":""},"class_list":["post-813","page","type-page","status-publish","has-post-thumbnail","hentry"],"_links":{"self":[{"href":"https:\/\/atlanticflywayshorebirds.org\/es\/wp-json\/wp\/v2\/pages\/813","targetHints":{"allow":["GET"]}}],"collection":[{"href":"https:\/\/atlanticflywayshorebirds.org\/es\/wp-json\/wp\/v2\/pages"}],"about":[{"href":"https:\/\/atlanticflywayshorebirds.org\/es\/wp-json\/wp\/v2\/types\/page"}],"author":[{"embeddable":true,"href":"https:\/\/atlanticflywayshorebirds.org\/es\/wp-json\/wp\/v2\/users\/1"}],"replies":[{"embeddable":true,"href":"https:\/\/atlanticflywayshorebirds.org\/es\/wp-json\/wp\/v2\/comments?post=813"}],"version-history":[{"count":4,"href":"https:\/\/atlanticflywayshorebirds.org\/es\/wp-json\/wp\/v2\/pages\/813\/revisions"}],"predecessor-version":[{"id":821,"href":"https:\/\/atlanticflywayshorebirds.org\/es\/wp-json\/wp\/v2\/pages\/813\/revisions\/821"}],"wp:featuredmedia":[{"embeddable":true,"href":"https:\/\/atlanticflywayshorebirds.org\/es\/wp-json\/wp\/v2\/media\/817"}],"wp:attachment":[{"href":"https:\/\/atlanticflywayshorebirds.org\/es\/wp-json\/wp\/v2\/media?parent=813"}],"curies":[{"name":"wp","href":"https:\/\/api.w.org\/{rel}","templated":true}]}}