{"id":827,"date":"2016-08-02T12:40:08","date_gmt":"2016-08-02T12:40:08","guid":{"rendered":"http:\/\/atlanticflywayshorebirds.org\/es\/?page_id=827"},"modified":"2016-08-02T12:49:38","modified_gmt":"2016-08-02T12:49:38","slug":"necesidad-de-conservacion","status":"publish","type":"page","link":"https:\/\/atlanticflywayshorebirds.org\/es\/necesidad-de-conservacion\/","title":{"rendered":"Necesidad de Conservaci\u00f3n"},"content":{"rendered":"<div id=\"attachment_234\" style=\"width: 310px\" class=\"wp-caption alignright\"><a href=\"http:\/\/atlanticflywayshorebirds.org\/eskimo-curlew\/\"><img loading=\"lazy\" decoding=\"async\" aria-describedby=\"caption-attachment-234\" src=\"http:\/\/atlanticflywayshorebirds.org\/wp-content\/uploads\/2016\/01\/eskimo-curlew-300x162.jpg\" alt=\"Zarapito Boreal\" width=\"300\" height=\"162\" class=\"size-medium wp-image-234\" srcset=\"https:\/\/atlanticflywayshorebirds.org\/wp-content\/uploads\/2016\/01\/eskimo-curlew-300x162.jpg 300w, https:\/\/atlanticflywayshorebirds.org\/wp-content\/uploads\/2016\/01\/eskimo-curlew-1024x554.jpg 1024w, https:\/\/atlanticflywayshorebirds.org\/wp-content\/uploads\/2016\/01\/eskimo-curlew-100x54.jpg 100w, https:\/\/atlanticflywayshorebirds.org\/wp-content\/uploads\/2016\/01\/eskimo-curlew-862x466.jpg 862w, https:\/\/atlanticflywayshorebirds.org\/wp-content\/uploads\/2016\/01\/eskimo-curlew.jpg 1200w\" sizes=\"auto, (max-width: 300px) 100vw, 300px\" \/><\/a><p id=\"caption-attachment-234\" class=\"wp-caption-text\">Zarapito Boreal<\/p><\/div>La desaparici\u00f3n del Zarapito Boreal (Eskimo Curlew) ejemplifica las grandes amenazas que los humanos han impuesto en las aves playeras y sus h\u00e1bitats en los \u00faltimos 150 a\u00f1os. Alguna vez muy abundante, esta especie fue cazada hasta la extinci\u00f3n en Estados Unidos durante la migraci\u00f3n de oto\u00f1o y primavera, entre los sitios de reproducci\u00f3n en la tundra Canadiense y las \u00e1reas de invernada en los pastizales del Cono Sur de Suram\u00e9rica. <\/p>\n<p>Pero los Zarapitos no fueron los \u00fanicos. Casi todas las otras especies de aves playeras que usan el Corredor Migratorio del Atl\u00e1ntico, fueron alguna vez cazadas por su valor comercial o por ser un deporte no regulado. Para la d\u00e9cada de 1930 muchas especies declinaron gravemente. As\u00ed como el Zarapito Boreal disminuy\u00f3 hasta su extinci\u00f3n, muchas otras especies como el Chorlito Dorado (American Golden-Plover), o el Chorlito Canela (Buff-breasted Sandpiper) se acercaron peligrosamente al olvido antes que alguien reconociera la necesidad de la conservaci\u00f3n de aves playeras. A lo largo del Corredor Migratorio del Atl\u00e1ntico, no fueron solamente las especies migratorias las que estuvieron al borde de la extinci\u00f3n. Especies locales como el Ostrero Americano (American Oystercatcher) o el Playero Aliblanco (Willet) fueron tambi\u00e9n seriamente afectadas. Hemos casi eliminado todo un conjunto de especies que representan la naturaleza salvaje de nuestras costas. <\/p>\n<p>Con el pasar de los a\u00f1os la penosa situaci\u00f3n de estas aves empez\u00f3 a ser reconocida. Dicho reconocimiento lleg\u00f3 a un punto \u00e1lgido cuando \u00e1vidos cazadores de aves migratorias ayudaron a estimular una nueva \u00e9tica de conservaci\u00f3n e inspiraron leyes de protecci\u00f3n que permitieron que la mayor\u00eda de las poblaciones de aves playeras empezaran a recuperarse. <\/p>\n<p>Como resultado de su llamado de atenci\u00f3n, se nos dio otra oportunidad para demostrar nuestra capacidad de guardianes de estos maestros de la migraci\u00f3n y embajadores de lugares especiales donde la tierra se encuentra con el agua.  <\/p>\n<div id=\"attachment_513\" style=\"width: 310px\" class=\"wp-caption alignright\"><a href=\"http:\/\/atlanticflywayshorebirds.org\/wp-content\/uploads\/2016\/01\/helping-shorebirds.jpg\"><img loading=\"lazy\" decoding=\"async\" aria-describedby=\"caption-attachment-513\" src=\"http:\/\/atlanticflywayshorebirds.org\/wp-content\/uploads\/2016\/01\/helping-shorebirds-300x225.jpg\" alt=\"Los ni\u00f1os dan una mano en la conservaci\u00f3n de las aves playeras\" width=\"300\" height=\"225\" class=\"size-medium wp-image-513\" srcset=\"https:\/\/atlanticflywayshorebirds.org\/wp-content\/uploads\/2016\/01\/helping-shorebirds-300x225.jpg 300w, https:\/\/atlanticflywayshorebirds.org\/wp-content\/uploads\/2016\/01\/helping-shorebirds-1024x768.jpg 1024w, https:\/\/atlanticflywayshorebirds.org\/wp-content\/uploads\/2016\/01\/helping-shorebirds-100x75.jpg 100w, https:\/\/atlanticflywayshorebirds.org\/wp-content\/uploads\/2016\/01\/helping-shorebirds-862x647.jpg 862w, https:\/\/atlanticflywayshorebirds.org\/wp-content\/uploads\/2016\/01\/helping-shorebirds.jpg 1200w\" sizes=\"auto, (max-width: 300px) 100vw, 300px\" \/><\/a><p id=\"caption-attachment-513\" class=\"wp-caption-text\">Los ni\u00f1os dan una mano en la conservaci\u00f3n de las aves playeras<\/p><\/div>\n<p>Las aves playeras est\u00e1n en problemas de nuevo. Las amenazas a las aves playeras se han diversificado y ampliado en d\u00e9cadas recientes, lo que conlleva a grandes retos de conservaci\u00f3n. El colapso de las poblaciones de Playero Rojizo (Red Knot), las altas disminuciones poblacionales de Zarapito Trinador en (Whimbrel) el Atl\u00e1ntico, y la caida abrupta de los n\u00famero del Correlimos Semipalmeado (Semipalmated Sandpiper) que pasan el invierno en las coas de Suram\u00e9rica, han sido fen\u00f3menos de los \u00faltimos 20 a\u00f1os. Estr\u00e9s acumulado por la expansi\u00f3n humana y el comercio, particularmente a lo largo de las zonas costeras, han limitado la supervivencia de las aves playeras a lo largo de todo el Corredor Migratorio del Atl\u00e1ntico. <\/p>\n<p>Pero hay esperanza. \u00c9xitos recientes de conservaci\u00f3n en especies que anidan en playas, demuestran que estos espirales de disminuci\u00f3n poblacional pueden ser revertidos a lo largo del Corredor Migratorio. Sin embargo, hay que actuar con rapidez, y generar esfuerzos colaborativos de largo alcance en las acciones. La Iniciativa de Aves Playeras del Corredor del Atl\u00e1ntico ha identificado las mayores amenazas y los pasos necesarios para revertir la disminuci\u00f3n de aves playeras, y prevenir una segunda y quiz\u00e1s muy extensiva ola de disminuciones poblaciones de aves playeras. <\/p>\n<h2>Amenazas<\/h2>\n<p>Las aves playeras atraviesan miles de millas cada a\u00f1o desde la tundra est\u00e9ril del \u00e1rtico hasta las playas barridas por el viento de Tierra del Fuego en el hemisferio Sur. La mayor\u00eda de las aves playeras se reproducen en Alaska y Canad\u00e1, y durante el periodo no reproductivo permanecen en pa\u00edses de Suram\u00e9rica o el Caribe. <\/p>\n<p>Durante la migraci\u00f3n las aves playeras enfrentan una gran cantidad de retos incluidos:<\/p>\n<ul>\n<li>Encontrar suficientes fuentes de alimento para recargar las reservas para las migraciones de larga distancia<\/li>\n<li>Evitar depredadores<\/li>\n<li>Competir por h\u00e1bitats limitados<\/li>\n<li>Adaptarse al cambio clim\u00e1tico y<\/li>\n<li>Perecer por la cacer\u00eda de subsistencia y deportiva<\/li>\n<\/ul>\n<p>Las siguientes amenazas son consideradas en la Estrategia de Negocios de La Iniciativa de Aves Playeras del Corredor del Atl\u00e1ntico. Los Socios conf\u00edan que al aliviar muchas de las amenazas detalladas en la estrategia se contribuye a revertir las disminuciones de aves playeras en el Corredor del Atl\u00e1ntico. <\/p>\n<h2>Cacer\u00eda<\/h2>\n<div id=\"attachment_515\" style=\"width: 235px\" class=\"wp-caption alignright\"><a href=\"http:\/\/atlanticflywayshorebirds.org\/wp-content\/uploads\/2016\/01\/shorebird-hunting.jpg\"><img loading=\"lazy\" decoding=\"async\" aria-describedby=\"caption-attachment-515\" src=\"http:\/\/atlanticflywayshorebirds.org\/wp-content\/uploads\/2016\/01\/shorebird-hunting-225x300.jpg\" alt=\"Cacer\u00eda\" width=\"225\" height=\"300\" class=\"size-medium wp-image-515\" srcset=\"https:\/\/atlanticflywayshorebirds.org\/wp-content\/uploads\/2016\/01\/shorebird-hunting-225x300.jpg 225w, https:\/\/atlanticflywayshorebirds.org\/wp-content\/uploads\/2016\/01\/shorebird-hunting-768x1024.jpg 768w, https:\/\/atlanticflywayshorebirds.org\/wp-content\/uploads\/2016\/01\/shorebird-hunting-100x133.jpg 100w, https:\/\/atlanticflywayshorebirds.org\/wp-content\/uploads\/2016\/01\/shorebird-hunting-862x1149.jpg 862w, https:\/\/atlanticflywayshorebirds.org\/wp-content\/uploads\/2016\/01\/shorebird-hunting.jpg 1200w\" sizes=\"auto, (max-width: 225px) 100vw, 225px\" \/><\/a><p id=\"caption-attachment-515\" class=\"wp-caption-text\">Hay una necesidad urgente de comprender la escala geogr\u00e1fica y las tasas de extracci\u00f3n, para determinar mejor los efectos de la cacer\u00eda sobre las poblaciones de aves playeras<\/p><\/div>\n<p>La cacer\u00eda en sitios de parada y de invernada de aves playeras en el Caribe y Suram\u00e9rica contribuye sustancialmente a la disminuci\u00f3n de las poblaciones de aves playeras a lo largo del Corredor Migratorio del Atl\u00e1ntico. <\/p>\n<p>Hay una necesidad urgente de comprender la escala geogr\u00e1fica y las tasas de extracci\u00f3n, para determinar mejor los efectos de la cacer\u00eda sobre las poblaciones de aves playeras. Con esta informaci\u00f3n, los proyectos se enfocar\u00e1n en:<\/p>\n<ul>\n<li>Pol\u00edticas de cacer\u00eda eficientes y efectivas<\/li>\n<li>Cumplimiento de las regulaciones de cacer\u00eda<\/li>\n<li>Protecci\u00f3n de h\u00e1bitat<\/li>\n<li>La implementaci\u00f3n de estas estrategias asegurar\u00e1 que la cacer\u00eda de aves playeras sea sostenible<\/li>\n<\/ul>\n<h2>Depredadores<\/h2>\n<p>Depredadores superabundantes matan huevos, polluelos y adultos en grandes n\u00fameros, llevando a importantes disminuciones poblacionales. Los Socios est\u00e1n implementando actividades de manejo de depredadores en sitios importantes de reproducci\u00f3n de algunas especies.<\/p>\n<h2>Perturbaciones humanas<\/h2>\n<p>Las perturbaciones humanas afectan a las aves playeras al contribuir a la disminuci\u00f3n en calidad de los h\u00e1bitats y tasas de supervivencia. El uso de playas para uso recreativo, como por ejemplo el uso de veh\u00edculos todo terreno es de particular preocupaci\u00f3n. Los proyectos para reducir los impactos por perturbaciones humanas se enfocan en:<\/p>\n<ul>\n<li>Estandarizaci\u00f3n de la protecci\u00f3n de aves playeras en zonas p\u00fablicas<\/li>\n<li>Mejorar y aumentar la aplicaci\u00f3n de las leyes de protecci\u00f3n de aves playeras<\/li>\n<li>Establecer grupos de personas interesadas en las aves playeras y<\/li>\n<li>Las aves playeras como eje principal de actividades de difusi\u00f3n p\u00fablica y educaci\u00f3n ambiental <\/li>\n<\/ul>\n<h2>P\u00e9rdida de h\u00e1bitat<\/h2>\n<p>Muchas pr\u00e1cticas de manejo y uso de la tierra a lo largo de la costa Atl\u00e1ntica de Estados Unidos tienen impactos a largo plazo en las poblaciones de aves playeras a lo largo del Corredor Migratorio del Atl\u00e1ntico, al por ejemplo eliminar playas y condiciones intermareales que requieren estas aves para sobrevivir. Los proyectos de ingenier\u00eda afectan la sobrevivencia de las aves playeras. Otras pr\u00e1cticas de manejo de h\u00e1bitat pueden tambi\u00e9n reducir fuentes cr\u00edticas de alimento para aves playeras. Los Socios est\u00e1n trabajando con agencias estatales y federales para:<\/p>\n<ul>\n<li>Desarrollar e implementar buenas pr\u00e1cticas para el manejo, restauraci\u00f3n, mejoramiento y creaci\u00f3n de h\u00e1bitat para aves playeras, y<\/li>\n<li>Fortalecer y hacer cumplir la regulaci\u00f3n de protecci\u00f3n de sitios importantes para aves playeras<\/li>\n<\/ul>\n<h2>Vac\u00edos de informaci\u00f3n<\/h2>\n<p>Informaci\u00f3n importante sobre aves playeras en el Corredor Migratorio del Atl\u00e1ntico es a\u00fan desconocida, incluyendo:<\/p>\n<ul>\n<li>La ubicaci\u00f3n de h\u00e1bitats y recursos cr\u00edticos que las aves playeras requieren a lo largo del a\u00f1o para subsistir<\/li>\n<li>C\u00f3mo se mueven a lo largo del rango de distribuci\u00f3n<\/li>\n<li>Amenazas importantes que enfrentan y c\u00f3mo mitigarlas, y<\/li>\n<li>Las formas m\u00e1s efectivas de medir tama\u00f1os poblacionales y documentar tendencias demogr\u00e1ficas<\/li>\n<\/ul>\n<p>Estos vac\u00edos de informaci\u00f3n amenazan nuestra habilidad para asignar eficientemente los recursos para conservaci\u00f3n de aves playeras, y dificultan  la evaluaci\u00f3n del \u00e9xito en conservaci\u00f3n.<\/p>\n<h2>Cambio clim\u00e1tico<\/h2>\n<p>Las poblaciones de aves playeras est\u00e1n en riesgo de disminuci\u00f3n debido al cambio clim\u00e1tico. Las largas migraciones requieren que las aves tengan grandes reservas de \u201ccombustible\u201d, las cuales son vulnerables a:<\/p>\n<ul>\n<li>Cambios en patrones de viento<\/li>\n<li>Aumento del nivel del mar en sitios costeros de parada, y<\/li>\n<li>La temporalidad en la disponibilidad de alimentos<\/li>\n<\/ul>\n","protected":false},"excerpt":{"rendered":"<p>La desaparici\u00f3n del Zarapito Boreal (Eskimo Curlew) ejemplifica las grandes amenazas que los humanos han impuesto en las aves playeras y sus h\u00e1bitats en los \u00faltimos 150 a\u00f1os. Alguna vez muy abundante, esta especie fue cazada hasta la extinci\u00f3n en Estados Unidos durante la migraci\u00f3n de oto\u00f1o y primavera, entre los sitios de reproducci\u00f3n en la tundra Canadiense y las &#8230; <\/p>\n<div><a href=\"https:\/\/atlanticflywayshorebirds.org\/es\/necesidad-de-conservacion\/\" class=\"more-link\">Read More<\/a><\/div>\n","protected":false},"author":1,"featured_media":0,"parent":0,"menu_order":0,"comment_status":"closed","ping_status":"closed","template":"template-layout-full-width.php","meta":{"footnotes":""},"class_list":["post-827","page","type-page","status-publish","hentry","no-post-thumbnail"],"_links":{"self":[{"href":"https:\/\/atlanticflywayshorebirds.org\/es\/wp-json\/wp\/v2\/pages\/827","targetHints":{"allow":["GET"]}}],"collection":[{"href":"https:\/\/atlanticflywayshorebirds.org\/es\/wp-json\/wp\/v2\/pages"}],"about":[{"href":"https:\/\/atlanticflywayshorebirds.org\/es\/wp-json\/wp\/v2\/types\/page"}],"author":[{"embeddable":true,"href":"https:\/\/atlanticflywayshorebirds.org\/es\/wp-json\/wp\/v2\/users\/1"}],"replies":[{"embeddable":true,"href":"https:\/\/atlanticflywayshorebirds.org\/es\/wp-json\/wp\/v2\/comments?post=827"}],"version-history":[{"count":4,"href":"https:\/\/atlanticflywayshorebirds.org\/es\/wp-json\/wp\/v2\/pages\/827\/revisions"}],"predecessor-version":[{"id":831,"href":"https:\/\/atlanticflywayshorebirds.org\/es\/wp-json\/wp\/v2\/pages\/827\/revisions\/831"}],"wp:attachment":[{"href":"https:\/\/atlanticflywayshorebirds.org\/es\/wp-json\/wp\/v2\/media?parent=827"}],"curies":[{"name":"wp","href":"https:\/\/api.w.org\/{rel}","templated":true}]}}