{"id":836,"date":"2016-08-02T12:58:18","date_gmt":"2016-08-02T12:58:18","guid":{"rendered":"http:\/\/atlanticflywayshorebirds.org\/es\/?page_id=836"},"modified":"2016-08-02T13:01:17","modified_gmt":"2016-08-02T13:01:17","slug":"recursos","status":"publish","type":"page","link":"https:\/\/atlanticflywayshorebirds.org\/es\/recursos\/","title":{"rendered":"Recursos"},"content":{"rendered":"<h2>Cadena de Resultados<\/h2>\n<p>La secci\u00f3n de implementaci\u00f3n del plan de negocios se ocupa de las amenazas m\u00e1s graves provocadas por el hombre, y que afectan a las especies y sus h\u00e1bitats a lo largo del Corredor Migratorio del Atl\u00e1ntico. Para cada estrategia, una o m\u00e1s acciones se describen con los correspondientes objetivos SMART. En conjunto, la implementaci\u00f3n de las estrategias, acciones y objetivos conducir\u00e1 a alcanzar el objetivo de aumentar las poblaciones de aves playeras en 10-15% para la pr\u00f3xima d\u00e9cada. <\/p>\n<p>Se dio prioridad a las actividades delos  Niveles I, II y III. \u00danicamente las acciones de los Niveles I y II son presentadas en el plan de implementaci\u00f3n.<\/p>\n<h4>Descargue la cadena de resultados:<\/h4>\n<ul>\n<li><a href=\"\/wp-content\/themes\/shorebird\/assets\/AFSI-development-results-chain.jpg\">Desarrollo (con clave)<\/a><\/li>\n<li><a href=\"\/wp-content\/themes\/shorebird\/assets\/AFSI-engineering-results-chain.jpg\">Ingenier\u00eda costera<\/a><\/li>\n<li><a href=\"\/wp-content\/themes\/shorebird\/assets\/AFSI-disturbance-results-chain.jpg\">Perturbaci\u00f3n<\/a><\/li>\n<li><a href=\"\/wp-content\/themes\/shorebird\/assets\/AFSI-hunting-results-chain.jpg\">Cacer\u00eda<\/a><\/li>\n<li><a href=\"\/wp-content\/themes\/shorebird\/assets\/AFSI-incompatible-mgmt-results-chain.jpg\">Gesti\u00f3n incompatible<\/a><\/li>\n<li><a href=\"\/wp-content\/themes\/shorebird\/assets\/AFSI-invasives-results-chain.jpg\">Especies invasoras<\/a><\/li>\n<li><a href=\"\/wp-content\/themes\/shorebird\/assets\/AFSI-predation-results-chain.jpg\">Depredaci\u00f3n<\/a><\/li>\n<\/ul>\n<h2>Mapa de la Red Hemisf\u00e9rica de Reservas de Aves Playeras<\/h2>\n<p><a href=\"http:\/\/www.whsrn.org\/sites\/map-sites\/sites-western-hemisphere-shorebird-reserve-network\"><br \/>\nRevise el mapa de la Red Hemisf\u00e9rica de Reservas de Aves Playeras<\/a><\/p>\n","protected":false},"excerpt":{"rendered":"<p>Cadena de Resultados La secci\u00f3n de implementaci\u00f3n del plan de negocios se ocupa de las amenazas m\u00e1s graves provocadas por el hombre, y que afectan a las especies y sus h\u00e1bitats a lo largo del Corredor Migratorio del Atl\u00e1ntico. Para cada estrategia, una o m\u00e1s acciones se describen con los correspondientes objetivos SMART. En conjunto, la implementaci\u00f3n de las estrategias, &#8230; <\/p>\n<div><a href=\"https:\/\/atlanticflywayshorebirds.org\/es\/recursos\/\" class=\"more-link\">Read More<\/a><\/div>\n","protected":false},"author":1,"featured_media":503,"parent":0,"menu_order":0,"comment_status":"closed","ping_status":"closed","template":"","meta":{"footnotes":""},"class_list":["post-836","page","type-page","status-publish","has-post-thumbnail","hentry"],"_links":{"self":[{"href":"https:\/\/atlanticflywayshorebirds.org\/es\/wp-json\/wp\/v2\/pages\/836","targetHints":{"allow":["GET"]}}],"collection":[{"href":"https:\/\/atlanticflywayshorebirds.org\/es\/wp-json\/wp\/v2\/pages"}],"about":[{"href":"https:\/\/atlanticflywayshorebirds.org\/es\/wp-json\/wp\/v2\/types\/page"}],"author":[{"embeddable":true,"href":"https:\/\/atlanticflywayshorebirds.org\/es\/wp-json\/wp\/v2\/users\/1"}],"replies":[{"embeddable":true,"href":"https:\/\/atlanticflywayshorebirds.org\/es\/wp-json\/wp\/v2\/comments?post=836"}],"version-history":[{"count":5,"href":"https:\/\/atlanticflywayshorebirds.org\/es\/wp-json\/wp\/v2\/pages\/836\/revisions"}],"predecessor-version":[{"id":841,"href":"https:\/\/atlanticflywayshorebirds.org\/es\/wp-json\/wp\/v2\/pages\/836\/revisions\/841"}],"wp:featuredmedia":[{"embeddable":true,"href":"https:\/\/atlanticflywayshorebirds.org\/es\/wp-json\/wp\/v2\/media\/503"}],"wp:attachment":[{"href":"https:\/\/atlanticflywayshorebirds.org\/es\/wp-json\/wp\/v2\/media?parent=836"}],"curies":[{"name":"wp","href":"https:\/\/api.w.org\/{rel}","templated":true}]}}