{"id":645,"date":"2016-04-22T14:22:06","date_gmt":"2016-04-22T14:22:06","guid":{"rendered":"http:\/\/atlanticflywayshorebirds.org\/fr\/?page_id=645"},"modified":"2016-10-25T14:28:58","modified_gmt":"2016-10-25T14:28:58","slug":"a-propos","status":"publish","type":"page","link":"https:\/\/atlanticflywayshorebirds.org\/fr\/a-propos\/","title":{"rendered":"\u00c0 propos"},"content":{"rendered":"<p>Chaque ann\u00e9e, les oiseaux de rivage se reproduisent sur la toundra aride de l&#8217;Arctique canadien. L&#8217;hiver venu, ils s&#8217;envolent en direction du littoral est sud-am\u00e9ricain, faisant \u00e9tape sur plusieurs sites de migration le long de la c\u00f4te est des \u00c9tats-Unis. Ils parcourent des milliers de kilom\u00e8tres \u00e0 chaque voyage. Certaines esp\u00e8ces, comme le b\u00e9casseau maub\u00e8che, parcourent plus de 30 000 kilom\u00e8tres par an. Ils volent durant des milliers de kilom\u00e8tres sans escale au-dessus de l&#8217;oc\u00e9an. Au cours de leur p\u00e9riple, ces oiseaux de rivage doivent faire face \u00e0 diff\u00e9rentes menaces, dont bon nombre sont dues \u00e0 l&#8217;activit\u00e9 humaine.<\/p>\n<p>Si ces menaces varient, chaque site joue un r\u00f4le essentiel dans la survie des oiseaux de rivage. Une conservation efficace des oiseaux de rivage n\u00e9cessite donc une approche globale permettant de d\u00e9finir et de r\u00e9duire les menaces pr\u00e9sentes dans l\u2019ensemble de la voie de migration. Pour \u00eatre r\u00e9ellement efficace, une telle approche doit coordonner les activit\u00e9s de recherche, de conservation et de gestion de plusieurs groupes au-del\u00e0 des fronti\u00e8res politiques et regrouper les ressources disponibles. Seule une d\u00e9marche collaborative \u00e0 l&#8217;\u00e9chelle de la voie de migration peut permettre d&#8217;enrayer le d\u00e9clin rapide que connaissent de nombreuses populations d&#8217;oiseaux de rivage.<\/p>\n<h2>De l&#8217;\u00e9laboration d&#8217;une strat\u00e9gie \u00e0 la mise en \u0153uvre d&#8217;une initiative<\/h2>\n<p><img loading=\"lazy\" decoding=\"async\" class=\"alignleft size-medium wp-image-419\" src=\"http:\/\/atlanticflywayshorebirds.org\/wp-content\/uploads\/2016\/01\/business-plan-tn-223x300.jpg\" alt=\"business-plan-tn\" width=\"223\" height=\"300\" srcset=\"https:\/\/atlanticflywayshorebirds.org\/wp-content\/uploads\/2016\/01\/business-plan-tn-223x300.jpg 223w, https:\/\/atlanticflywayshorebirds.org\/wp-content\/uploads\/2016\/01\/business-plan-tn-100x135.jpg 100w, https:\/\/atlanticflywayshorebirds.org\/wp-content\/uploads\/2016\/01\/business-plan-tn.jpg 300w\" sizes=\"auto, (max-width: 223px) 100vw, 223px\" \/><\/p>\n<p>Lors de l&#8217;\u00e9laboration de l&#8217;Initiative pour les oiseaux de rivage de la voie de migration de l&#8217;Atlantique (Atlantic Flyway Shorebird Initiative ou AFSI), divers partenaires pr\u00e9sents le long de la voie de migration de l&#8217;Atlantique enti\u00e8re \u2013 de l&#8217;Alaska \u00e0 l&#8217;Argentine \u2013 se sont engag\u00e9s sur plusieurs ann\u00e9es pour tenter de rem\u00e9dier au d\u00e9clin des populations des oiseaux de rivage. L&#8217;initiative s&#8217;est d\u00e9velopp\u00e9e et a abouti \u00e0 l&#8217;adoption de l&#8217;Atlantic Flyway Shorebird Business Plan. Dot\u00e9 d&#8217;un cycle de vie complet, il a \u00e9t\u00e9 publi\u00e9 en f\u00e9vrier 2015. Ce plan strat\u00e9gique historique est compos\u00e9 d&#8217;une suite compl\u00e8te de strat\u00e9gies et de mesures n\u00e9cessaires pour la conservation de 15 oiseaux de rivage de la voie de migration de l&#8217;Atlantique. La publication du plan strat\u00e9gique a \u00e9galement signifi\u00e9 le d\u00e9veloppement de l&#8217;AFSI. D&#8217;un petit groupe d&#8217;individus peu organis\u00e9 mais efficace, d\u00e9di\u00e9 \u00e0 la conservation des oiseaux de rivage et r\u00e9pondant \u00e0 un besoin ponctuel, elle est devenue une initiative de plein droit qui ne pourra que tirer profit de sa nouvelle structure officielle. Cette structure officielle permettra la mise en \u0153uvre du plan strat\u00e9gique de mani\u00e8re plus ouverte et plus transparente. <a href=\"<a href=\"http:\/\/www.nfwf.org\/amoy\/Documents\/afsi_biz_plan.pdf\">Ainsi, elle aidera \u00e0 am\u00e9liorer la communication et l&#8217;efficacit\u00e9 des mesures adopt\u00e9es et \u00e0 encourager les actions individuelles pour induire un changement positif dans les populations d&#8217;oiseaux de rivage de la voie de migration de l&#8217;Atlantique<\/a>.<\/p>\n<h4>Download Business Plan Executive Summary<\/h4>\n<ul>\n<li><a href=\"\/wp-content\/themes\/shorebird\/assets\/documents\/AFSI-executive-summary-final.pdf\">Anglais<\/a><\/li>\n<li><a href=\"\/wp-content\/themes\/shorebird\/assets\/documents\/AFSI-executive-summary-french.pdf\">Fran\u00e7ais<\/a><\/li>\n<li><a href=\"\/wp-content\/themes\/shorebird\/assets\/documents\/AFSI-executive-summary-portugese.pdf\">Portugais<\/a><\/li>\n<li><a href=\"\/wp-content\/themes\/shorebird\/assets\/documents\/AFSI-executive-summary-spanish.pdf\">Espagnol<\/a><\/li>\n<\/ul>\n<hr \/>\n<h2>Le Comit\u00e9 ex\u00e9cutif<\/h2>\n<p>L&#8217;AFSI est codirig\u00e9e par le directeur de la division de conservation des oiseaux de la National Fish and Wildlife Foundation et le directeur de la division des populations d&#8217;oiseaux migrateurs pour la r\u00e9gion nord-est de la National Fish and Wildlife Foundation. Elle a nomm\u00e9 un comit\u00e9 ex\u00e9cutif qui fait office de groupe de surveillance et de facilitation en vue du d\u00e9veloppement de l&#8217;AFSI et de la mise en \u0153uvre du plan strat\u00e9gique. Le Comit\u00e9 ex\u00e9cutif a notamment pour t\u00e2che la coordination de tous les groupes et activit\u00e9s afin d&#8217;\u00e9liminer toute situation de chevauchement ou de double emploi. Ce groupe aidera \u00e0 g\u00e9n\u00e9rer de nouvelles id\u00e9es et approches, \u00e0 d\u00e9baucher de nouveaux partenaires et \u00e0 faire face \u00e0 toute nouvelle question ou controverse concernant l&#8217;AFSI.<\/p>\n<div  class=\"x-column x-sm x-1-2\" style=\"\" >\n<strong>Scott Johnston<\/strong><br \/>\nUSFWS, Division des oiseaux migrateurs, responsable de la branche en charge des populations<br \/>\n<a href=\"mailto:scott_johnston@fws.gov\">scott_johnston@fws.gov<\/a><\/p>\n<p><strong>Brad Andres<\/strong><br \/>\nUSFWS, coordinateur national, plan de conservation des oiseaux de rivage des \u00c9tats-Unis<br \/>\n<a href=\"mailto:brad_andres@fws.gov\">brad_andres@fws.gov<\/a><\/p>\n<p><strong>Stephen Brown<\/strong><br \/>\nManomet, vice-pr\u00e9sident de la conservation des oiseaux de rivage<br \/>\n<a href=\"mailto:sbrown@manomet.org\">sbrown@manomet.org<\/a><\/p>\n<p><strong>Pierrick Bocher<\/strong><br \/>\nUniversit\u00e9 de La Rochelle<br \/>\n<a href=\"mailto:pierrick.bocher@univ-lr.fr\">pierrick.bocher@univ-lr.fr<\/a><\/p>\n<p><strong>Mirta Carbajal<\/strong><br \/>\nFundaci\u00f3n Inalafquen, pr\u00e9sident et membre du conseil argentin du r\u00e9seau de r\u00e9serves pour les oiseaux de rivage de l&#8217;h\u00e9misph\u00e8re occidental (RRORHO)<br \/>\n<a href=\"mailto:diapontia@gmail.com\">diapontia@gmail.com<\/a><\/p>\n<p><strong>Rob Clay<\/strong><br \/>\nDirecteur du bureau d&#8217;administration du RRORHO<br \/>\n<a href=\"mailto:rclay@manomet.org\">rclay@manomet.org<\/a><\/p>\n<p><strong>Ian Davidson<\/strong><br \/>\nNational Fish &#038; Wildlife Foundation, directeur de la conservation des oiseaux<br \/>\n<a href=\"mailto:Ian.Davidson@nfwf.org\">Ian.Davidson@nfwf.org<\/a><\/p>\n<p><strong>Garry Donaldson<\/strong><br \/>\nDirecteur, conservation de l&#8217;habitat et des oiseaux migrateurs, Service canadien  <a href=\"mailto:garry.donaldson@canada.ca\">garry.donaldson@canada.ca<\/a><br \/>\n<\/div>\n<div  class=\"x-column x-sm x-1-2 last\" style=\"\" >\n<strong>Walker Golder<\/strong><br \/>\nAudubon, directeur adjoint pour l&#8217;\u00c9tat de Caroline du Nord<br \/>\n<a href=\"mailto:wgolder@audubon.org\">wgolder@audubon.org<\/a><\/p>\n<p><strong>Patricia Maria Gonzalez<\/strong><br \/>\nCoordinatrice des oiseaux de rivage de l&#8217;Am\u00e9rique du Sud<br \/>\nInternational Conservation Fund of Canada Coordinatrice, Programa Humedales<br \/>\n<a href=\"mailto:ccanutus@gmail.com\">ccanutus@gmail.com<\/a><\/p>\n<p><strong>Pamela Loring<\/strong><br \/>\nUSFWS, biologiste des oiseaux de rivage<br \/>\n<a href=\"mailto:pamela_loring@fws.gov\">pamela_loring@fws.gov<\/a><\/p>\n<p><strong>David Mizrahi<\/strong><br \/>\nNew Jersey Audubon, vice-pr\u00e9sident, recherche et surveillance<br \/>\n<a href=\"mailto:david.mizrahi@njaudubon.org\">david.mizrahi@njaudubon.org<\/a><\/p>\n<p><strong>Danielle Paludo<\/strong><br \/>\nIICMBio, Centro Nacional para Pesquisa e Conserva\u00e7\u00e3o de Aves Silvestres \u2013 CEMAVE, coord. PAN Aves Lim\u00edcolas Migrat\u00f3rias<br \/>\n<a href=\"mailto:danielle.paludo@icmbio.gov.br\">danielle.paludo@icmbio.gov.br<\/a><\/p>\n<p><strong>Debra Reynolds<\/strong><br \/>\nUSFWS, division des oiseaux migrateurs, coordinatrice de la communication<br \/>\n<a href=\"mailto:debra_reynolds@fws.gov\">debra_reynolds@fws.gov<\/a><\/p>\n<p><strong>Lisa Sorenson<\/strong><br \/>\nDirectrice ex\u00e9cutive, BirdsCaribbean<br \/>\n<a href=\"mailto:Lsoren@bu.edu\">Lsoren@bu.edu<\/a><\/p>\n<p><strong>David Wege<\/strong><br \/>\nBirdLife International, responsable en chef de la conservation<br \/>\n<a href=\"mailto:David.Wege@birdlife.org\">David.Wege@birdlife.org<\/a><br \/>\n<\/div>\n<hr  class=\"x-clear\" >\n<hr \/>\n<h2>Groupes de travail<\/h2>\n<p>Plusieurs groupes de travail ont \u00e9t\u00e9 \u00e9tablis aux fins de l&#8217;orientation de l&#8217;initiative et de la mise en \u0153uvre des projets qui permettront de r\u00e9aliser les objectifs ambitieux de tous les partenaires. Pour nous aider, contactez un chef de groupe.<\/p>\n<ul>\n<li><strong>Habitat<\/strong> &#8211; Walker Golder (<a href=\"mailto:wgolder@audubon.org\">wgolder@audubon.org<\/a>), et Sara Schweitzer (<A href=\"mailto:sara.schweitzer@ncwildlife.org\">sara.schweitzer@ncwildlife.org<\/a>)<\/li>\n<li><strong>Engagement et implication<\/strong> &#8211; Rob Clay (<a href=\"mailto:rclay@manomet.org\">rclay@manomet.org<\/a>)<\/li>\n<li><strong>Ressources\/Financement<\/strong> &#8211; Scott Johnston (<a href=\"mailto:scott_johnston@fws.gov\">scott_johnston@fws.gov<\/a>)<\/li>\n<li><strong>Communications<\/strong> &#8211; Deb Reynolds (<a href=\"mailto:debra_reynolds@fws.gov\">debra_reynolds@fws.gov<\/a>)<\/li>\n<li><strong>Surveillance<\/strong> &#8211; Stephen Brown (<a href=\"mailto:sbrown@manomet.org\">sbrown@manomet.org<\/a>)<\/li>\n<li><strong>Hunting<\/strong> &#8211; Brad Andres (<a href=\"mailto:brad_andres@fws.gov\">brad_andres@fws.gov<\/a>) et David Mizrahi (<a href=\"mailto:david.mizrahi@njaudubon.org\">david.mizrahi@njaudubon.org<\/a>)<\/li>\n<\/ul>\n","protected":false},"excerpt":{"rendered":"<p>Chaque ann\u00e9e, les oiseaux de rivage se reproduisent sur la toundra aride de l&#8217;Arctique canadien. L&#8217;hiver venu, ils s&#8217;envolent en direction du littoral est sud-am\u00e9ricain, faisant \u00e9tape sur plusieurs sites de migration le long de la c\u00f4te est des \u00c9tats-Unis. Ils parcourent des milliers de kilom\u00e8tres \u00e0 chaque voyage. Certaines esp\u00e8ces, comme le b\u00e9casseau maub\u00e8che, parcourent plus de 30 000 &#8230; <\/p>\n<div><a href=\"https:\/\/atlanticflywayshorebirds.org\/fr\/a-propos\/\" class=\"more-link\">Read More<\/a><\/div>\n","protected":false},"author":1,"featured_media":404,"parent":0,"menu_order":0,"comment_status":"closed","ping_status":"closed","template":"template-layout-full-width.php","meta":{"footnotes":""},"class_list":["post-645","page","type-page","status-publish","has-post-thumbnail","hentry"],"_links":{"self":[{"href":"https:\/\/atlanticflywayshorebirds.org\/fr\/wp-json\/wp\/v2\/pages\/645","targetHints":{"allow":["GET"]}}],"collection":[{"href":"https:\/\/atlanticflywayshorebirds.org\/fr\/wp-json\/wp\/v2\/pages"}],"about":[{"href":"https:\/\/atlanticflywayshorebirds.org\/fr\/wp-json\/wp\/v2\/types\/page"}],"author":[{"embeddable":true,"href":"https:\/\/atlanticflywayshorebirds.org\/fr\/wp-json\/wp\/v2\/users\/1"}],"replies":[{"embeddable":true,"href":"https:\/\/atlanticflywayshorebirds.org\/fr\/wp-json\/wp\/v2\/comments?post=645"}],"version-history":[{"count":5,"href":"https:\/\/atlanticflywayshorebirds.org\/fr\/wp-json\/wp\/v2\/pages\/645\/revisions"}],"predecessor-version":[{"id":903,"href":"https:\/\/atlanticflywayshorebirds.org\/fr\/wp-json\/wp\/v2\/pages\/645\/revisions\/903"}],"wp:featuredmedia":[{"embeddable":true,"href":"https:\/\/atlanticflywayshorebirds.org\/fr\/wp-json\/wp\/v2\/media\/404"}],"wp:attachment":[{"href":"https:\/\/atlanticflywayshorebirds.org\/fr\/wp-json\/wp\/v2\/media?parent=645"}],"curies":[{"name":"wp","href":"https:\/\/api.w.org\/{rel}","templated":true}]}}