{"id":2215,"date":"2021-08-04T19:25:07","date_gmt":"2021-08-04T19:25:07","guid":{"rendered":"https:\/\/atlanticflywayshorebirds.org\/?page_id=2215"},"modified":"2021-08-04T19:25:07","modified_gmt":"2021-08-04T19:25:07","slug":"compartilhar-a-praia","status":"publish","type":"page","link":"https:\/\/atlanticflywayshorebirds.org\/pt-br\/compartilhar-a-praia\/","title":{"rendered":"Compartilhar a praia"},"content":{"rendered":"<h2>Lar doce lar: um lugar para as aves e pessoas.<\/h2>\n<div id=\"attachment_18\" style=\"width: 310px\" class=\"wp-caption alignright\"><img loading=\"lazy\" decoding=\"async\" aria-describedby=\"caption-attachment-18\" src=\"https:\/\/atlanticflywayshorebirds.org\/wp-content\/uploads\/2016\/01\/atlantic-flyway-300x300.png\" alt=\"\" width=\"300\" height=\"300\" class=\"size-medium wp-image-18\" srcset=\"https:\/\/atlanticflywayshorebirds.org\/wp-content\/uploads\/2016\/01\/atlantic-flyway-300x300.png 300w, https:\/\/atlanticflywayshorebirds.org\/wp-content\/uploads\/2016\/01\/atlantic-flyway-150x150.png 150w, https:\/\/atlanticflywayshorebirds.org\/wp-content\/uploads\/2016\/01\/atlantic-flyway-100x100.png 100w, https:\/\/atlanticflywayshorebirds.org\/wp-content\/uploads\/2016\/01\/atlantic-flyway.png 600w\" sizes=\"auto, (max-width: 300px) 100vw, 300px\" \/><p id=\"caption-attachment-18\" class=\"wp-caption-text\">Essas aves encaram muitas amea\u00e7as durante a migra\u00e7\u00e3o, incluindo perda de h\u00e1bitat, ca\u00e7a, preda\u00e7\u00e3o, mudan\u00e7as clim\u00e1ticas e dist\u00farbios humanos que as distanciam do alimento que precisam para sobreviver.<\/p><\/div>\n<p>Em toda costa Atl\u00e2ntica, as pessoas amam ir \u00e0 praia. O sol, o surfe e as mem\u00f3rias que criamos com nossos amigos e fam\u00edlia fazem da praia um lugar especial. N\u00f3s pescamos, brincamos, passeamos com nossos c\u00e3es e relaxamos enquanto alguns dos mais amea\u00e7ados animais selvagens tentam se alimentar, descansar e cuidar dos filhotes nas proximidades. Para aves lim\u00edcolas como batu\u00edra-melodiosa, ma\u00e7arico-do-papo-vermelho e aves marinhas como o trinta-r\u00e9is-r\u00f3seo, a praia \u00e9 o &#8220;lar doce lar&#8221;. A cada ano, conforme n\u00f3s enchemos nossas praias favoritas em busca de sol e divers\u00e3o, aves costeiras retornam das \u00e1reas de invernada no Caribe e Am\u00e9rica do Sul para comer, descansar, reproduzir e cuidar de seus filhotes na praia.<\/p>\n<p>A Iniciativa das Aves Costeiras do Corredor Atl\u00e2ntico \u00e9 uma colabora\u00e7\u00e3o entre organiza\u00e7\u00f5es governamentais, n\u00e3o-governamentais, funda\u00e7\u00f5es, universidades, cientistas e donos de terra, todos colaborando para ajudar a reduzir as amea\u00e7as \u00e0s aves costeiras e em \u00faltima inst\u00e2ncia, aumentar as popula\u00e7\u00f5es de aves costeiras que t\u00eam apresentado uma forte diminui\u00e7\u00e3o nas \u00faltimas d\u00e9cadas. <strong>N\u00f3s precisamos da sua ajuda para reduzir o impacto humano nas aves que usam as praias!<\/strong> D\u00ea uma olhada na informa\u00e7\u00e3o abaixo para entender o motivo da praia ser vital para as aves e o que voc\u00ea pode fazer para proteger suas \u00e1reas de alimenta\u00e7\u00e3o, descanso e nidifica\u00e7\u00e3o.<\/p>\n<div class=\"x-resp-embed x-is-video x-is-youtube\"><iframe loading=\"lazy\" title=\"Lar doce lar: um lugar para aves e pessoas\" width=\"742\" height=\"417\" src=\"https:\/\/www.youtube.com\/embed\/JeiQ_P0ecMU?feature=oembed\" frameborder=\"0\" allow=\"accelerometer; autoplay; clipboard-write; encrypted-media; gyroscope; picture-in-picture\" allowfullscreen><\/iframe><\/div>\n<h3>As aves comem aqui<\/h3>\n<p>Enquanto pessoas podem comer a qualquer hora do dia, aves na praia tem um tempo limitado para comer, enquanto a mar\u00e9 baixa e revela os alimentos na costa e bancos de lodo. Quando perturbamos as aves se alimentando, as afastamos do que elas precisam para sobreviver &#8211; comida e local para descansar. Imagine se voc\u00ea estivesse com fome e cansado e for\u00e7as al\u00e9m do seu controle o mantivesse distante do alimento o dia inteiro, sem lugar para descansar e se sentir seguro.<\/p>\n<h3>Viajantes de longa dist\u00e2ncia<\/h3>\n<p>Pessoas e animais selvagens podem compartilhar a praia? Assim como voc\u00ea est\u00e1 vindo \u00e0 praia para relaxar, muitas aves param na praia para descansar e recarregar as energias durante a migra\u00e7\u00e3o conforme elas voam entre as \u00e1reas de nidifica\u00e7\u00e3o no \u00e1rtico e \u00e1reas de invernada na Am\u00e9rica do Sul. Procure por bandos de aves dormindo ou descansando e mantenha dist\u00e2ncia para que voc\u00ea possa deix\u00e1-las relaxadas e bem descansadas. Confira esse <a href=\"https:\/\/fws.gov\/northeast\/red-knot\/images\/rekn_infograph_final_5.jpg\" target=\"_blank\" rel=\"noopener noreferrer\">infogr\u00e1fico (em ingl\u00eas)<\/a> que mostra a longa jornada migrat\u00f3ria do ma\u00e7arico-do-papo-vermelho.<\/p>\n<div class=\"x-resp-embed x-is-video x-is-youtube\"><iframe loading=\"lazy\" title=\"Lar doce lar: um lugar para aves e pessoas (Perturba\u00e7\u00e3o das aves em migra\u00e7\u00e3o)\" width=\"742\" height=\"417\" src=\"https:\/\/www.youtube.com\/embed\/BK2hn_n2Gxw?feature=oembed\" frameborder=\"0\" allow=\"accelerometer; autoplay; clipboard-write; encrypted-media; gyroscope; picture-in-picture\" allowfullscreen><\/iframe><\/div>\n<h3>Aves t\u00eam seus filhotes aqui<\/h3>\n<p>Algumas aves, como a batu\u00edra-melodiosa, criam seus filhotes apenas nas praias. Com a crescente demanda antr\u00f3pica em nossas praias, existem poucos espa\u00e7os para elas descansarem. Quando elas nidificam, seus ninhos e filhotes s\u00e3o camuflados e dif\u00edceis de ver, assim precisam ser protegidos com placas e cercamento. Proteger as \u00e1reas de nidifica\u00e7\u00e3o tamb\u00e9m beneficia tartarugas marinhas, trinta-r\u00e9is, piru-piru e talha-mar, al\u00e9m de outros animais.<\/p>\n<h3>C\u00e3es e pessoas podem assustar as aves<\/h3>\n<p>At\u00e9 cachorros d\u00f3ceis e pessoas respons\u00e1veis podem assustar aves na praia. TODOS os cachorros s\u00e3o vistos como predadores e as aves costeiras entram em p\u00e2nico quando um cachorro ou pessoas se aproximam de seus ninhos e filhotes. Todo c\u00e3o \u00e9 visto como amea\u00e7a, n\u00e3o importa seu tamanho ou idade. Cachorros e pessoas podem fazer com que as aves costeiras abandonem seus ovos, parem de comer e gastem tempo e energia preciosos em comportamentos de distra\u00e7\u00e3o.<\/p>\n<div class=\"x-resp-embed x-is-video x-is-youtube\"><iframe loading=\"lazy\" title=\"Lar doce lar: um lugar para aves e pessoas (Perturba\u00e7\u00e3o dos c\u00e3es)\" width=\"742\" height=\"417\" src=\"https:\/\/www.youtube.com\/embed\/Xcg2s5702Sc?feature=oembed\" frameborder=\"0\" allow=\"accelerometer; autoplay; clipboard-write; encrypted-media; gyroscope; picture-in-picture\" allowfullscreen><\/iframe><\/div>\n","protected":false},"excerpt":{"rendered":"<p>Lar doce lar: um lugar para as aves e pessoas. Em toda costa Atl\u00e2ntica, as pessoas amam ir \u00e0 praia. O sol, o surfe e as mem\u00f3rias que criamos com nossos amigos e fam\u00edlia fazem da praia um lugar especial. N\u00f3s pescamos, brincamos, passeamos com nossos c\u00e3es e relaxamos enquanto alguns dos mais amea\u00e7ados animais selvagens tentam se alimentar, descansar &#8230; <\/p>\n<div><a href=\"https:\/\/atlanticflywayshorebirds.org\/pt-br\/compartilhar-a-praia\/\" class=\"more-link\">Read More<\/a><\/div>\n","protected":false},"author":1,"featured_media":0,"parent":0,"menu_order":0,"comment_status":"closed","ping_status":"closed","template":"","meta":{"footnotes":""},"class_list":["post-2215","page","type-page","status-publish","hentry","no-post-thumbnail"],"_links":{"self":[{"href":"https:\/\/atlanticflywayshorebirds.org\/pt-br\/wp-json\/wp\/v2\/pages\/2215","targetHints":{"allow":["GET"]}}],"collection":[{"href":"https:\/\/atlanticflywayshorebirds.org\/pt-br\/wp-json\/wp\/v2\/pages"}],"about":[{"href":"https:\/\/atlanticflywayshorebirds.org\/pt-br\/wp-json\/wp\/v2\/types\/page"}],"author":[{"embeddable":true,"href":"https:\/\/atlanticflywayshorebirds.org\/pt-br\/wp-json\/wp\/v2\/users\/1"}],"replies":[{"embeddable":true,"href":"https:\/\/atlanticflywayshorebirds.org\/pt-br\/wp-json\/wp\/v2\/comments?post=2215"}],"version-history":[{"count":2,"href":"https:\/\/atlanticflywayshorebirds.org\/pt-br\/wp-json\/wp\/v2\/pages\/2215\/revisions"}],"predecessor-version":[{"id":2217,"href":"https:\/\/atlanticflywayshorebirds.org\/pt-br\/wp-json\/wp\/v2\/pages\/2215\/revisions\/2217"}],"wp:attachment":[{"href":"https:\/\/atlanticflywayshorebirds.org\/pt-br\/wp-json\/wp\/v2\/media?parent=2215"}],"curies":[{"name":"wp","href":"https:\/\/api.w.org\/{rel}","templated":true}]}}