{"id":573,"date":"2016-03-27T14:32:15","date_gmt":"2016-03-27T14:32:15","guid":{"rendered":"http:\/\/atlanticflywayshorebirds.org\/pt-br\/?page_id=573"},"modified":"2016-04-22T20:16:44","modified_gmt":"2016-04-22T20:16:44","slug":"sobre","status":"publish","type":"page","link":"https:\/\/atlanticflywayshorebirds.org\/pt-br\/sobre\/","title":{"rendered":"Sobre"},"content":{"rendered":"<p>Todos os anos aves lim\u00edcolas migrat\u00f3rias se reproduzem na tundra do \u00c1rtico Canadense e invernam na costa oriental da Am\u00e9rica do Sul, com numerosos pontos de parada ao longo da rota de migra\u00e7\u00e3o. Esses percursos migrat\u00f3rios alcan\u00e7am milhares de quil\u00f4metros. Esp\u00e9cies como o ma\u00e7arico-de-papo-vermelho Calidris canutus voam cerca de 33.000 km em sua migra\u00e7\u00e3o anual. Milhares destes quil\u00f4metros sem paradas e sobre o oceano aberto. Ao longo desse roteiro, as aves lim\u00edcolas migrat\u00f3rias encontram muitas amea\u00e7as \u2013 muitas delas causadas pelo homem.<\/p>\n<p>Enquanto as amea\u00e7as podem variar, cada ponto de parada \u00e9 um habitat cr\u00edtico \u00fanico na sobreviv\u00eancia das aves. Assim, a sua efetiva conserva\u00e7\u00e3o requer uma abordagem ampla para identificar e reduzir as amea\u00e7as ao longo da rota migrat\u00f3ria. Para ser verdadeiramente efetiva, tal abordagem deve coordenar os esfor\u00e7os de pesquisa, manejo e conserva\u00e7\u00e3o executados pelos diferentes grupos entre as muitas fronteiras pol\u00edticas, consolidando os recursos. Somente com esfor\u00e7os colaborativos e abrangendo toda a rota migrat\u00f3ria poderemos reverter o s\u00e9rio decl\u00ednio a que submetemos muitas das nossas popula\u00e7\u00f5es de aves lim\u00edcolas migrat\u00f3rias. <\/p>\n<h2>A partir de estrat\u00e9gia de neg\u00f3cios para Initiative<\/h2>\n<p><img loading=\"lazy\" decoding=\"async\" class=\"alignleft size-medium wp-image-419\" src=\"http:\/\/atlanticflywayshorebirds.org\/wp-content\/uploads\/2016\/01\/business-plan-tn-223x300.jpg\" alt=\"business-plan-tn\" width=\"223\" height=\"300\" srcset=\"https:\/\/atlanticflywayshorebirds.org\/wp-content\/uploads\/2016\/01\/business-plan-tn-223x300.jpg 223w, https:\/\/atlanticflywayshorebirds.org\/wp-content\/uploads\/2016\/01\/business-plan-tn-100x135.jpg 100w, https:\/\/atlanticflywayshorebirds.org\/wp-content\/uploads\/2016\/01\/business-plan-tn.jpg 300w\" sizes=\"auto, (max-width: 223px) 100vw, 223px\" \/><\/p>\n<p>O desenvolvimento da Iniciativa Pr\u00f3-aves Lim\u00edcolas Migrat\u00f3rias na Rota Atl\u00e2ntica (ASFI, do ingl\u00eas Atlantic Shorebird Flyway Initiative) resulta em um esfor\u00e7o plurianual envolvendo m\u00faltiplos parceiros ao longo de toda a rota Atl\u00e2ntica \u2013 do Alasca \u00e0 Argentina \u2013 contra o decl\u00ednio das popula\u00e7\u00f5es. A Iniciativa surgiu para abarcar um Plano de Neg\u00f3cios para as aves lim\u00edcolas migrat\u00f3rias  publicado em fevereiro de 2015 e que contempla todo o ciclo de vida das aves. Esse Plano cont\u00e9m estrat\u00e9gias e a\u00e7\u00f5es necess\u00e1rias para conservar 15 esp\u00e9cies de aves lim\u00edcolas migrat\u00f3rias. Publicado o Plano de Neg\u00f3cios, a Iniciativa busca agora transformar-se, a partir do esfor\u00e7o n\u00e3o sistem\u00e1tico e altamente efetivo de um grupo dedicado de especialistas, em uma Iniciativa com uma estrutura mais formal e organizada. Essa estrutura formal busca  implementar o Plano de Neg\u00f3cios de uma forma mais aberta e transparente, melhorar a comunica\u00e7\u00e3o e efetividade das a\u00e7\u00f5es, e fazer com que a\u00e7\u00f5es individuais contribuam com mudan\u00e7as de efeito nas popula\u00e7\u00f5es de aves lim\u00edcolas migrat\u00f3rias na rota migrat\u00f3ria Atl\u00e2ntica.<\/p>\n<h4>Sum\u00e1rio Executivo do Plano de Neg\u00f3cios para Download <\/h4>\n<ul>\n<li><a href=\"\/wp-content\/themes\/shorebird\/assets\/documents\/AFSI-executive-summary-final.pdf\">Ingl\u00eas<\/a><\/li>\n<li><a href=\"\/wp-content\/themes\/shorebird\/assets\/documents\/AFSI-executive-summary-french.pdf\">Franc\u00eas<\/a><\/li>\n<li><a href=\"\/wp-content\/themes\/shorebird\/assets\/documents\/AFSI-executive-summary-portugese.pdf\">Portugu\u00eas<\/a><\/li>\n<li><a href=\"\/wp-content\/themes\/shorebird\/assets\/documents\/AFSI-executive-summary-spanish.pdf\">Espanhol<\/a><\/li>\n<\/ul>\n<hr \/>\n<h2>Comit\u00ea Executivo<\/h2>\n<p>A Iniciativa Pr\u00f3-Aves Lim\u00edcolas \u00e9 co-liderada pelo Diretor para Conserva\u00e7\u00e3o de Aves da National Fish and Wildlife Foundation e pelo Chefe de escrit\u00f3rio para Popula\u00e7\u00f5es de Aves Migrat\u00f3rias, Regi\u00e3o Nordeste da US Fish and Wildlife Service.<br \/>\nEles nomearam um Comit\u00ea Executivo designado como um grupo de supervis\u00e3o e facilita\u00e7\u00e3o para ajudar a implementar a Iniciativa Pr\u00f3-Aves Lim\u00edcolas e o Plano de Neg\u00f3cios.  Um atributo cr\u00edtico do Comit\u00ea Executivo \u00e9 assegurar a coordena\u00e7\u00e3o de todos os grupos e atividades para evitar sobreposi\u00e7\u00e3o ou duplica\u00e7\u00e3o de esfor\u00e7os. Esse grupo auxiliar\u00e1 na busca de novas id\u00e9ias, abordagens, parcerias e poder\u00e1 responder por quest\u00f5es ou controv\u00e9rsias relacionadas \u00e0 ASFI.<\/p>\n<div  class=\"x-column x-sm x-1-2\" style=\"\" >\n<strong>Scott Johnston<\/strong><br \/>\nUSFWS, Division of Migratory Birds, Chief of Populations Branch<br \/>\n<a href=\"mailto:scott_johnston@fws.gov\">scott_johnston@fws.gov<\/a><\/p>\n<p><strong>Brad Andres<\/strong><br \/>\nUSFWS, National Coordinator, U.S. Shorebird Conservation Plan<br \/>\n<a href=\"mailto:brad_andres@fws.gov\">brad_andres@fws.gov<\/a><\/p>\n<p><strong>Stephen Brown<\/strong><br \/>\nManomet, Vice President of Shorebird Conservation<br \/>\n<a href=\"mailto:sbrown@manomet.org\">sbrown@manomet.org<\/a><\/p>\n<p><strong>Pierrick Bocher<\/strong><br \/>\nUniversity of La Rochelle<br \/>\n<a href=\"mailto:pierrick.bocher@univ-lr.fr\">pierrick.bocher@univ-lr.fr<\/a><\/p>\n<p><strong>Mirta Carbajal<\/strong><br \/>\nFundaci\u00f3n Inalafquen, President &amp; Argentine Council of Western Hemisphere Shorebird Reserve Network<br \/>\n<a href=\"mailto:diapontia@gmail.com\">diapontia@gmail.com<\/a><\/p>\n<p><strong>Rob Clay<\/strong><br \/>\nDirector of the Executive Office of WHSRN<br \/>\n<a href=\"mailto:rclay@manomet.org\">rclay@manomet.org<\/a><\/p>\n<p><strong>Ian Davidson<\/strong><br \/>\nNational Fish &amp; Wildlife Foundation, Bird Conservation Director<br \/>\n<a href=\"mailto:Ian.Davidson@nfwf.org\">Ian.Davidson@nfwf.org<\/a><br \/>\n<\/div>\n<div  class=\"x-column x-sm x-1-2 last\" style=\"\" >\n<strong>Garry Donaldson<\/strong><br \/>\nManager, Migratory Birds and Habitat Conservation, Canadian Wildlife Service, Atlantic Region <a href=\"mailto:garry.donaldson@canada.ca\">garry.donaldson@canada.ca<\/a><\/p>\n<p><strong>Walker Golder<\/strong><br \/>\nAudubon North Carolina, Deputy State Director<br \/>\n<a href=\"mailto:wgolder@audubon.org\">wgolder@audubon.org<\/a><\/p>\n<p><strong>Patricia Maria Gonzalez<\/strong><br \/>\nSouth American Shorebird Coordinator<br \/>\nInternational Conservation Fund of Canada &amp; Coord. Programa Humedales Fundaci\u00f3n Inalafquen<br \/>\n<a href=\"mailto:ccanutus@gmail.com\">ccanutus@gmail.com<\/a><\/p>\n<p><strong>David Mizrahi<\/strong><br \/>\nNew Jersey Audubon, Vice-president, Research and Monitoring<br \/>\n<a href=\"mailto:david.mizrahi@njaudubon.org\">david.mizrahi@njaudubon.org<\/a><\/p>\n<p><strong>Danielle Paludo<\/strong><br \/>\nICMBio, Centro Nacional para Pesquisa e Conserva\u00e7\u00e3o de Aves Silvestres &#8211; CEMAVE, Coord. PAN Aves Lim\u00edcolas Migrat\u00f3rias<br \/>\n<a href=\"mailto:danielle.paludo@icmbio.gov.br\">danielle.paludo@icmbio.gov.br<\/a><\/p>\n<p><strong>Lisa Sorenson<\/strong><br \/>\nExecutive Director, BirdsCaribbean<br \/>\n<a href=\"mailto:Lsoren@bu.edu\">Lsoren@bu.edu<\/a><\/p>\n<p><strong>David Wege<\/strong><br \/>\nBirdLife International, Senior Conservation Manager<br \/>\n<a href=\"mailto:David.Wege@birdlife.org\">David.Wege@birdlife.org<\/a><br \/>\n<\/div>\n<hr  class=\"x-clear\" >\n<h3>Equipe principal<\/h3>\n<div  class=\"x-column x-sm x-1-2\" style=\"\" ><strong>Pamela Loring<\/strong><br \/>\nUSFWS, Shorebird Biologist<br \/>\n<a href=\"mailto:pamela_loring@fws.gov\">pamela_loring@fws.gov<\/a><\/div>\n<div  class=\"x-column x-sm x-1-2 last\" style=\"\" ><strong>Debra Reynolds<\/strong><br \/>\nUSFWS, Division of Migratory Birds, Communication Coordinator<br \/>\n<a href=\"mailto:debra_reynolds@fws.gov\">debra_reynolds@fws.gov<\/a><\/div>\n<hr  class=\"x-clear\" >\n<hr \/>\n<h2>Grupo de Trabalho<\/h2>\n<p>Diversos grupos de trabalho foram formados para auxiliar na condu\u00e7\u00e3o da ASFI e na implementa\u00e7\u00e3o de projetos que permitam alcan\u00e7ar os ambiciosos objetivos da parceria. Contate um l\u00edder de grupo para participar!<\/p>\n<ul>\n<li><strong>Habitat<\/strong> &#8211; Walker Golder (<a href=\"mailto:wgolder@audubon.org\">wgolder@audubon.org<\/a>), and Sara Schweitzer (sara.schweitzer@ncwildlife.org)<\/li>\n<li><strong>Envolvimento\/Parcerias<\/strong> &#8211; Rob Clay (<a href=\"mailto:rclay@manomet.org\">rclay@manomet.org<\/a>)<\/li>\n<li><strong>Resources\/Funding<\/strong> &#8211; Scott Johnston (<a href=\"mailto:scott_johnston@fws.gov\">scott_johnston@fws.gov<\/a>)<\/li>\n<li><strong>Comunica\u00e7\u00e3o<\/strong> &#8211; Deb Reynolds (<a href=\"mailto:debra_reynolds@fws.gov\">debra_reynolds@fws.gov<\/a>)<\/li>\n<li><strong>Monitoramento<\/strong> &#8211; Stephen Brown (<a href=\"mailto:sbrown@manomet.org\">sbrown@manomet.org<\/a>)<\/li>\n<li><strong>Ca\u00e7ando<\/strong> &#8211; Brad Andres (<a href=\"mailto:brad_andres@fws.gov\">brad_andres@fws.gov<\/a>) and David Mizrahi (<a href=\"mailto:david.mizrahi@njaudubon.org\">david.mizrahi@njaudubon.org<\/a>)<\/li>\n<\/ul>\n<hr \/>\n<h2>Nossos Parceiros<\/h2>\n<ul>\n<li><a href=\"http:\/\/abcbirds.org\/\" target=\"_blank\">American Bird Conservancy<\/a><\/li>\n<li><a href=\"http:\/\/www.antiochcollege.org\/\" target=\"_blank\">Antioch College<\/a><\/li>\n<li><a href=\"http:\/\/www.fishwildlife.org\/\" target=\"_blank\">Association of Fish &#038; Wildlife Agencies<\/a><\/li>\n<li><a href=\"http:\/\/acjv.org\/\" target=\"_blank\">Atlantic Coast Joint Venture<\/a><\/li>\n<li><a href=\"http:\/\/www.avesargentinas.org.ar\/\" target=\"_blank\">Aves Argentinas<\/a><\/li>\n<li><a href=\"http:\/\/www.avesuruguay.org.uy\" target=\"_blank\">Aves Uraguay<\/a><\/li>\n<li><a href=\"www.aquasis.org\" target=\"_blank\">AQUASIS &#8211; Associa\u00e7\u00e3o de Pesquisa e Preserva\u00e7\u00e3o de Ecossistemas Aqu\u00e1ticos<\/a><\/li>\n<li><a href=\"http:\/\/www.bnt.bs\/\" target=\"_blank\">Bahamas National Trust<\/a><\/li>\n<li><a href=\"http:\/\/www.briloon.org\/\" target=\"_blank\">Biodiversity Research Institute<\/a><\/li>\n<li><a href=\"http:\/\/bsc-eoc.org\/\" target=\"_blank\">Bird Studies Canada<\/a><\/li>\n<li><a href=\"http:\/\/www.birdlife.org\/news\/tag\/caribbean-program\" target=\"_blank\">Birdlife International, Caribbean Programme<\/a><\/li>\n<li><a href=\"http:\/\/www.birdlife.org\/americas\" target=\"_blank\">Birdlife International, Americas<\/a><\/li>\n<li><a href=\"http:\/\/www.birdscaribbean.org\/\" target=\"_blank\">BirdsCaribbean<\/a><\/li>\n<li><a href=\"ww.calidris.org.co\" target=\"_blank\">CALIDRIS<\/a><\/li>\n<li><a href=\"http:\/\/www.ec.gc.ca\/\" target=\"_blank\">Canadian Wildlife Service<\/a><\/li>\n<li><a href=\"ccamngo@gmail.com\" target=\"_blank\">Caribbean Coastal Area Management Foundation<\/a><\/li>\n<li><a href=\"http:\/\/www.ccbbirds.org\/\" target=\"_blank\">Center for Conservation Biology<\/a><\/li>\n<li><a href=\"http:\/\/www.fws.gov\/refuge\/chincoteague\/\" target=\"_blank\">Chincoteague National Wildlife Refuge<\/a><\/li>\n<li><a href=\"http:\/\/www.clemson.edu\/\" target=\"_blank\">Clemson University<\/a><\/li>\n<li><a href=\"https:\/\/www.facebook.com\/CoastalBirdConservation\" target=\"_blank\">Coastal Bird Conservation<\/a><\/li>\n<li><a href=\"http:\/\/www.ct.gov\/deep\/cwp\/view.asp?a=2723&#038;q=325726&#038;deepNav_GID=1655\" target=\"_blank\">Connecticut Department of Energy &#038; Environmental Protection<\/a><\/li>\n<li><a href=\"http:\/\/www.conservewildlifenj.org\/\" target=\"_blank\">Conserve Wildlife<\/a><\/li>\n<li><a href=\"http:\/\/www.birds.cornell.edu\/Page.aspx?pid=1478#\" target=\"_blank\">Cornell Lab of Ornithology<\/a><\/li>\n<li><a href=\"http:\/\/www.dnrec.delaware.gov\/fw\/Pages\/DFW-Portal.aspx\" target=\"_blank\">Delaware Division of Fish &#038; Wildlife<\/a><\/li>\n<li><a href=\"www.gov.tc\/dema\" target=\"_blank\">Department of Environment and Maritime Affairs, Turks and Caicos Islands Government<\/a><\/li>\n<li><a href=\"http:\/\/www.fws.gov\/refuge\/Great_Meadows\/About_the_Complex.html\" target=\"_blank\">Eastern Massachusetts National Wildlife Refuge Complex<\/a><\/li>\n<li><a href=\"http:\/\/www.fws.gov\/refuge\/eastern_shore_of_virginia\/\" target=\"_blank\">Eastern Shore of Virginia National Wildlife Refuge<\/a><\/li>\n<li><a href=\"http:\/\/www.fws.gov\/refuge\/Edwin_B_Forsythe\/\" target=\"_blank\">Edwin B. Forsythe National Wildlife Refuge<\/a><\/li>\n<li><a href=\"https:\/\/www.canada.ca\/en\/environment-climate-change.html\" target=\"_blank\">Environment and Climate Change Canada<\/a><\/li>\n<li><a href=\"www.rookerybay.org\" target=\"_blank\">Florida Department of Environmental Protection, Rookery Bay National Estuarine Research Reserve<\/a><\/li>\n<li><a href=\"http:\/\/myfwc.com\/\" target=\"_blank\">Florida Fish &#038; Wildlife Conservation Commission<\/a><\/li>\n<li><a href=\"http:\/\/www.dep.state.fl.us\/parks\/\" target=\"_blank\">Florida Park Service<\/a><\/li>\n<li><a href=\"www.FLShorebirdAlliance.org\" target=\"_blank\">Florida Shorebird Alliance to your list<\/a><\/li>\n<li><a href=\"www.mamiferosaquaticos.org.br\" target=\"_blank\">Funda\u00e7\u00e3o Mam\u00edferos Aqu\u00e1ticos<\/a><\/li>\n<li><a href=\"https:\/\/www.facebook.com\/Fundacion-Inalafquen-150422954977075\/?fref=ts\" target=\"_blank\">Fundaci\u00f3n Inalafquen<\/a><\/li>\n<li><a href=\"http:\/\/georgiawildlife.com\/\" target=\"_blank\">Georgia Wildlife Resources Division<\/a><\/li>\n<li><a href=\"http:\/\/www.goldenrod.org\/\" target=\"_blank\">Goldenrod Foundation<\/a><\/li>\n<li><a href=\"http:\/\/www.fws.gov\/refuge\/Great_Bay\/\" target=\"_blank\">Great Bay National Wildlife Refuge<\/a><\/li>\n<li><a href=\"http:\/\/www.gepog.org\/\" target=\"_blank\">Groupe d&#8217;\u00e9tude et de protection des oiseaux en Guyane (GEPOG) NGO studying and protecting birds in French Guiana<\/a><\/li>\n<li><a href=\"http:\/\/www.icmbio.gov.br\/cemave\/\" target=\"_blank\">ICMBio &#8211; Centro Nacional de Pesquisa e Conserva\u00e7\u00e3o de Aves Silvestres<\/a><\/li>\n<li><a href=\"http:\/\/www.icfcanada.org\" target=\"_blank\">International Conservation Fund of Canada<\/a><\/li>\n<li><a href=\"http:\/\/www.birding-guadeloupe.com\/\" target=\"_blank\">Levesque Birding Enterprise<\/a><\/li>\n<li><a href=\"http:\/\/www.maine.gov\/ifw\/\" target=\"_blank\">Maine Department of Inland Fish &#038; Wildlife<\/a><\/li>\n<li><a href=\"https:\/\/www.manomet.org\/\" target=\"_blank\">Manomet<\/a><\/li>\n<li><a href=\"http:\/\/dnr2.maryland.gov\/Pages\/default.aspx\" target=\"_blank\">Maryland Department of Natural Resources<\/a><\/li>\n<li><a href=\"http:\/\/www.mass.gov\/eea\/agencies\/dfg\/dfw\/\" target=\"_blank\">Massachusetts Division of Fisheries &#038; Wildlife<\/a><\/li>\n<li><a href=\"http:\/\/www.massaudubon.org\/\" target=\"_blank\">Massachusetts Audubon Society<\/a><\/li>\n<li><a href=\"http:\/\/www.mass.gov\/eea\/agencies\/dfg\/dfw\/\" target=\"_blank\">Massachusetts Division of Fish &#038; Wildlife<\/a><\/li>\n<li><a href=\"http:\/\/www.fws.gov\/refuge\/Monomoy\/\" target=\"_blank\">Monomoy National Wildlife Refuge<\/a><\/li>\n<li><a href=\"http:\/\/www.audubon.org\/\" target=\"_blank\">National Audubon Society<\/a><\/li>\n<li><a href=\"http:\/\/www.nfwf.org\/Pages\/default.aspx\" target=\"_blank\">National Fish and Wildlife Foundation<\/a><\/li>\n<li><a href=\"http:\/\/naturecanada.ca\/\" target=\"_blank\">Nature Canada<\/a><\/li>\n<li><a href=\"http:\/\/www.nhaudubon.org\/\" target=\"_blank\">New Hampshire Audubon Society<\/a><\/li>\n<li><a href=\"http:\/\/www.njaudubon.org\/\" target=\"_blank\">New Jersey Audubon<\/a><\/li>\n<li><a href=\"http:\/\/www.state.nj.us\/dep\/fgw\/\" target=\"_blank\">New Jersey Division of Fish &#038; Wildlife<\/a><\/li>\n<li><a href=\"http:\/\/www.nycaudubon.org\/\" target=\"_blank\">New York City Audubon<\/a><\/li>\n<li><a href=\"http:\/\/www.ncwildlife.org\/\" target=\"_blank\">North Carolina Wildlife Resources Commission<\/a><\/li>\n<li><a href=\"http:\/\/www.oncfs.gouv.fr\/Outre-mer-region36\" target=\"_blank\">Office National de la Chasse et de la Faune Sauvage (Overseas Region)<\/a><\/li>\n<li><a href=\"http:\/\/pnr-martinique.com\/\" target=\"_blank\">Parc Naturel R\u00e9gional de la Martinique<\/a><\/li>\n<li><a href=\"http:\/\/www.fws.gov\/refuge\/parker_river\/\" target=\"_blank\">Parker River National Wildlife Refuge<\/a><\/li>\n<li><a href=\"http:\/\/www.fws.gov\/refuge\/rachel_carson\/\" target=\"_blank\">Rachel Carson National Wildlife Refuge<\/a><\/li>\n<li><a href=\"http:\/\/drna.gobierno.pr\/\" target=\"_blank\">Puerto Rico Department of Natural and Environmental Resources<\/a><\/li>\n<li><a href=\"www.stpeteaudubon.org\" target=\"_blank\">St. Petersburg Audubon Society<\/a><\/li>\n<li><a href=\"www.sccf.org\" target=\"_blank\">Sanibel Captiva Conservation Foundation<\/a><\/li>\n<li><a href=\"http:\/\/www.savebrasil.org.br\" target=\"_blank\">SAVE Brazil<\/a><\/li>\n<li><a href=\"https:\/\/shorebirdconservationtrust.wordpress.com\/\" target=\"_blank\">Shorebird Conservation Trust, Barbados<\/a><\/li>\n<li><a href=\"http:\/\/sc.audubon.org\/\" target=\"_blank\">South Carolina Audubon Society<\/a><\/li>\n<li><a href=\"http:\/\/www.dnr.sc.gov\/\" target=\"_blank\">South Carolina Department of Natural Resources<\/a><\/li>\n<li><a href=\"http:\/\/www.fws.gov\/r5snep\/\" target=\"_blank\">Southern New England-New York Bight Coastal Program<\/a><\/li>\n<li><a href=\"http:\/\/www.ccbbirds.org\/\" target=\"_blank\">The Center for Conservation Biology<\/a><\/li>\n<li><a href=\"http:\/\/www.stinasu.sr\/\" target=\"_blank\">Stichting Naatuurbehoud in Suriname<\/a><\/li>\n<li><a href=\"http:\/\/www.nature.org\/\" target=\"_blank\">The Nature Conservancy<\/a><\/li>\n<li><a href=\"http:\/\/www.tufts.edu\/\" target=\"_blank\">Tufts University<\/a><\/li>\n<li><a href=\"https:\/\/www.uaa.alaska.edu\/ges\/\" target=\"_blank\">University of Alaska Anchorage, Geography and Environmental Studies<\/a><\/li>\n<li><a href=\"http:\/\/www.uark.edu\/\" target=\"_blank\">University of Arkansas<\/a><\/li>\n<li><a href=\"http:\/\/uconn.edu\/\" target=\"_blank\">University of Connecticut<\/a><\/li>\n<li><a href=\"http:\/\/lienss.univ-larochelle.fr\/\" target=\"_blank\">University of La Rochelle, Littoral Environnement et Soci\u00e9t\u00e9s<\/a><\/li>\n<li><a href=\"https:\/\/umaine.edu\/\" target=\"_blank\">University of Maine<\/a><\/li>\n<li><a href=\"http:\/\/www.massachusetts.edu\/\" target=\"_blank\">University of Massachusetts<\/a><\/li>\n<li><a href=\"http:\/\/www.usace.army.mil\/\" target=\"_blank\">US Army Corps of Engineers<\/a><\/li>\n<li><a href=\"https:\/\/www.aphis.usda.gov\/wps\/portal\/aphis\/ourfocus\/wildlifedamage\" target=\"_blank\">USDA Animal and Plant Health Inspection Service<\/a><\/li>\n<li><a href=\"http:\/\/www.fws.gov\/southeast\/birds\/\" target=\"_blank\">USFWS &#8211; Region 4 Division of Migratory Birds<\/a><\/li>\n<li><a href=\"http:\/\/www.fws.gov\/northeast\/migratorybirds\/\" target=\"_blank\">USFWS &#8211; Region 5 Division of Migratory Birds<\/a><\/li>\n<li><a href=\"http:\/\/www.fws.gov\/refuge\/patuxent\/\" target=\"_blank\">USFWS Patuxent<\/a><\/li>\n<li><a href=\"http:\/\/www.fws.gov\/Refuges\/NaturalResourcePC\/wildlifeHealth.html\" target=\"_blank\">USFWS National Avian Health\/Disease Program<\/a><\/li>\n<li><a href=\"http:\/\/www.fws.gov\/r5snep\/\" target=\"_blank\">USFWS Rhode Island Ecological Services Field Office<\/a><\/li>\n<li><a href=\"http:\/\/www.fws.gov\/northeast\/ecologicalservices\/coastal.html\" target=\"_blank\">USFWS Coastal Program<\/a><\/li>\n<li><a href=\"http:\/\/www.fws.gov\/delawarebay\/\" target=\"_blank\">USFWS Delaware Bay Estuary Project<\/a><\/li>\n<li><a href=\"http:\/\/www.fws.gov\/birds\/index.php\" target=\"_blank\">USFWS Migratory Bird Program<\/a><\/li>\n<li><a href=\"http:\/\/www.fws.gov\/birds\/grants\/neotropical-migratory-bird-conservation-act.php\" target=\"_blank\">USFWS Neotropical Migratory Bird Conservation Act<\/a><\/li>\n<li><a href=\"http:\/\/www.fws.gov\/northeast\/njfieldoffice\/\" target=\"_blank\">USFWS New Jersey Ecological Services Field Office<\/a><\/li>\n<li><a href=\"http:\/\/www.fws.gov\/northeast\/pipingplover\/\" target=\"_blank\">USFWS Piping Plover Recovery Program<\/a><\/li>\n<li><a href=\"http:\/\/www.dgif.virginia.gov\/\" target=\"_blank\">Virginia Department of Game &#038; Inland Fisheries<\/a><\/li>\n<li><a href=\"http:\/\/www.vt.edu\/\" target=\"_blank\">Virginia Tech University<\/a><\/li>\n<\/ul>\n","protected":false},"excerpt":{"rendered":"<p>Todos os anos aves lim\u00edcolas migrat\u00f3rias se reproduzem na tundra do \u00c1rtico Canadense e invernam na costa oriental da Am\u00e9rica do Sul, com numerosos pontos de parada ao longo da rota de migra\u00e7\u00e3o. Esses percursos migrat\u00f3rios alcan\u00e7am milhares de quil\u00f4metros. Esp\u00e9cies como o ma\u00e7arico-de-papo-vermelho Calidris canutus voam cerca de 33.000 km em sua migra\u00e7\u00e3o anual. Milhares destes quil\u00f4metros sem paradas &#8230; <\/p>\n<div><a href=\"https:\/\/atlanticflywayshorebirds.org\/pt-br\/sobre\/\" class=\"more-link\">Read More<\/a><\/div>\n","protected":false},"author":1,"featured_media":404,"parent":0,"menu_order":0,"comment_status":"closed","ping_status":"closed","template":"template-layout-full-width.php","meta":{"footnotes":""},"class_list":["post-573","page","type-page","status-publish","has-post-thumbnail","hentry"],"_links":{"self":[{"href":"https:\/\/atlanticflywayshorebirds.org\/pt-br\/wp-json\/wp\/v2\/pages\/573","targetHints":{"allow":["GET"]}}],"collection":[{"href":"https:\/\/atlanticflywayshorebirds.org\/pt-br\/wp-json\/wp\/v2\/pages"}],"about":[{"href":"https:\/\/atlanticflywayshorebirds.org\/pt-br\/wp-json\/wp\/v2\/types\/page"}],"author":[{"embeddable":true,"href":"https:\/\/atlanticflywayshorebirds.org\/pt-br\/wp-json\/wp\/v2\/users\/1"}],"replies":[{"embeddable":true,"href":"https:\/\/atlanticflywayshorebirds.org\/pt-br\/wp-json\/wp\/v2\/comments?post=573"}],"version-history":[{"count":8,"href":"https:\/\/atlanticflywayshorebirds.org\/pt-br\/wp-json\/wp\/v2\/pages\/573\/revisions"}],"predecessor-version":[{"id":662,"href":"https:\/\/atlanticflywayshorebirds.org\/pt-br\/wp-json\/wp\/v2\/pages\/573\/revisions\/662"}],"wp:featuredmedia":[{"embeddable":true,"href":"https:\/\/atlanticflywayshorebirds.org\/pt-br\/wp-json\/wp\/v2\/media\/404"}],"wp:attachment":[{"href":"https:\/\/atlanticflywayshorebirds.org\/pt-br\/wp-json\/wp\/v2\/media?parent=573"}],"curies":[{"name":"wp","href":"https:\/\/api.w.org\/{rel}","templated":true}]}}